{"id":92,"date":"2024-09-05T11:39:50","date_gmt":"2024-09-05T09:39:50","guid":{"rendered":"http:\/\/fonax.eu\/?post_type=product&#038;p=92"},"modified":"2024-10-22T16:21:43","modified_gmt":"2024-10-22T14:21:43","slug":"rynomanometr-rhino-4000","status":"publish","type":"product","link":"http:\/\/fonax.eu\/?product=rynomanometr-rhino-4000","title":{"rendered":"Rynomanometr Rhino 4000"},"content":{"rendered":"<p>RHINO 4000 jest to rynomanometr przep\u0142ywowy stosowany do badania przep\u0142ywu powietrza w g\u00f3rnych<br \/>\nodcinakach przewod\u00f3w nosowych. Umo\u017cliwia przeprowadzenie pomiaru na dwa sposoby: poprzez oliwki nosowe lub<br \/>\nopcjonaln\u0105 mask\u0119 na nos i usta. Metody te sprawdzaj\u0105 si\u0119 dobrze zar\u00f3wno w gabinetach prywatnych jak i w praktyce<br \/>\nklinicznej. Urz\u0105dzenie sterowane jest z komputera klasy PC. Wszystkie obliczenia: przep\u0142yw\u00f3w, ci\u015bnienia, procentowe<br \/>\ni wsp\u00f3\u0142czynnik\u00f3w oporu, prezentowane s\u0105 w czasie rzeczywistym. Dzi\u0119ki zastosowaniu oliwek nosowych osoby<br \/>\nz zarostem, d\u0142ugimi w\u0142osami oraz dzieci boj\u0105ce si\u0119 maski mog\u0105 zosta\u0107 poddane badaniu bez \u017cadnego problemu. Do<br \/>\nzastosowa\u0144 klinicznych istnieje mo\u017cliwo\u015b\u0107 do\u0142\u0105czenia opcjonalnej maski na usta i nos. W trakcie pomiaru<br \/>\nintensywno\u015b\u0107 oddechu jest kontrolowana za pomoc\u0105 dw\u00f3ch przewod\u00f3w pomiarowych. Zastosowanie mikroprocesora<br \/>\nkontroluj\u0105cego pomiar sprawia \u017ce urz\u0105dzenie jest bardzo proste w obs\u0142udze. \u015arednia krzywa z pi\u0119ciu przep\u0142yw\u00f3w jest<br \/>\nobliczana i przedstawiana na wykresie jako krzywa przep\u0142ywu \u2013 ci\u015bnienia na skali: 75 Pa, 150 Pa i 300 Pa, \u0142\u0105cznie<br \/>\nz procentowym udzia\u0142em lewej i prawej strony. W zastosowaniach klinicznych obliczany jest wsp\u00f3\u0142czynnik oporu.<br \/>\nWyniki pomiar\u00f3w s\u0105 przechowywane i archiwizowane w komputerze PC<\/p>\n<p>Samodzielny Rynomanometr z drukark\u0105. Mo\u017cliwo\u015b\u0107 pod\u0142\u0105czenia do komputera i wydruku przez komputer (praca jako modu\u0142)<\/p>\n<p><strong>Zastosowania:<\/strong><br \/>\nOkre\u015blanie wp\u0142ywu pr\u00f3b alergicznych<br \/>\nDiagnoza nosa po z\u0142amaniach<br \/>\nKontrola funkcjonalno\u015bci nosa po operacji<br \/>\nKontrola funkcjonalno\u015bci nosa po podaniu lek\u00f3w<\/p>\n<p><strong>Parametry techniczne:<\/strong><br \/>\nMetoda pomiaru: Przep\u0142ywu przedniego odcinak przewod\u00f3w<br \/>\nnosowych<br \/>\nStandardy: EN 60601 &#8211; 1 \/ 1-1 \/ 1-2 \/ MPG<br \/>\nPrzep\u0142yw powietrza: 0 &#8211; 900 ml\/s przy wdechu i wydechu<br \/>\nR\u00f3\u017cnice ci\u015bnie\u0144: 0 &#8211; 50 daPa<br \/>\nKontrola: 2 linie pomiarowe na wy\u015bwietlaczu<br \/>\nU\u015brednienie: 5 krzywych przep\u0142ywu<br \/>\nKalibracja ci\u015bnienia: Automatyczna, po uruchomieniu<br \/>\nPrzedstawienie wynik\u00f3w: Na wykresie oraz numerycznie<\/p>\n<p>P<strong>rezentowane warto\u015bci:<\/strong><br \/>\n1. ci\u015bnienie w daPa<br \/>\n2. przep\u0142yw w ml\/s<br \/>\n3. ca\u0142kowity przep\u0142yw<br \/>\n4. procentowy<br \/>\n5. wsp\u00f3\u0142czynnik opor\u00f3w<br \/>\n6. Punkty 2-5 s\u0105 reprezentowane dla 75, 150 i 300 daPa<br \/>\nAkcesoria: oliwki nosowe 12 szt. sondy przep\u0142ywowe 2szt.<br \/>\n2 zestawy przewod\u00f3w, prze\u0142\u0105cznik no\u017cny, uchwyt sondy,<br \/>\nmaska na nos i usta (opcja)<br \/>\nWersje produkcyjne<br \/>\nRHINO 4000M blue line \u2013 urz\u0105dzenie sterowane z komputera<br \/>\nPC \/ Laptop<br \/>\nRHINO 4000 blue line \u2013 urz\u0105dzenie stacjonarne z du\u017cym<br \/>\nwy\u015bwietlaczem oraz drukark\u0105 termiczn\u0105. Mo\u017cliwo\u015b\u0107 sterowania<br \/>\nz komputera PC \/ Laptop<\/p>\n<p>&nbsp;<\/p>\n<p>&nbsp;<\/p>\n","protected":false},"excerpt":{"rendered":"<p>RHINO\u00a0 4000 jest to rynomanometr przep\u0142ywowy stosowany do badania przep\u0142ywu powietrza w g\u00f3rnych<br \/>\nodcinakach przewod\u00f3w nosowych. Umo\u017cliwia przeprowadzenie pomiaru na dwa sposoby: poprzez oliwki nosowe lub<br \/>\nopcjonaln\u0105 mask\u0119 na nos i usta.<\/p>\n<p>Samodzielny Rynomanometr z drukark\u0105. Mo\u017cliwo\u015b\u0107 pod\u0142\u0105czenia do komputera i wydruku przez komputer (praca jako modu\u0142)<\/p>\n<p>&nbsp;<\/p>\n","protected":false},"featured_media":93,"comment_status":"open","ping_status":"closed","template":"","meta":[],"product_cat":[17],"product_tag":[18],"class_list":{"0":"post-92","1":"product","2":"type-product","3":"status-publish","4":"has-post-thumbnail","6":"product_cat-larynglogia","7":"product_tag-homoth","9":"first","10":"instock","11":"taxable","12":"shipping-taxable","13":"purchasable","14":"product-type-simple"},"jetpack_sharing_enabled":true,"_links":{"self":[{"href":"http:\/\/fonax.eu\/index.php?rest_route=\/wp\/v2\/product\/92","targetHints":{"allow":["GET"]}}],"collection":[{"href":"http:\/\/fonax.eu\/index.php?rest_route=\/wp\/v2\/product"}],"about":[{"href":"http:\/\/fonax.eu\/index.php?rest_route=\/wp\/v2\/types\/product"}],"replies":[{"embeddable":true,"href":"http:\/\/fonax.eu\/index.php?rest_route=%2Fwp%2Fv2%2Fcomments&post=92"}],"wp:featuredmedia":[{"embeddable":true,"href":"http:\/\/fonax.eu\/index.php?rest_route=\/wp\/v2\/media\/93"}],"wp:attachment":[{"href":"http:\/\/fonax.eu\/index.php?rest_route=%2Fwp%2Fv2%2Fmedia&parent=92"}],"wp:term":[{"taxonomy":"product_cat","embeddable":true,"href":"http:\/\/fonax.eu\/index.php?rest_route=%2Fwp%2Fv2%2Fproduct_cat&post=92"},{"taxonomy":"product_tag","embeddable":true,"href":"http:\/\/fonax.eu\/index.php?rest_route=%2Fwp%2Fv2%2Fproduct_tag&post=92"}],"curies":[{"name":"wp","href":"https:\/\/api.w.org\/{rel}","templated":true}]}}