{"id":89,"date":"2024-09-04T15:56:54","date_gmt":"2024-09-04T13:56:54","guid":{"rendered":"http:\/\/fonax.eu\/?post_type=product&#038;p=89"},"modified":"2024-10-22T16:22:03","modified_gmt":"2024-10-22T14:22:03","slug":"kaloryzator-powietrzny-lk4000-blue-line-z-wyswietlaczem-lcd","status":"publish","type":"product","link":"http:\/\/fonax.eu\/?product=kaloryzator-powietrzny-lk4000-blue-line-z-wyswietlaczem-lcd","title":{"rendered":"Kaloryzator powietrzny LK4000 Blue line z wy\u015bwietlaczem LCD"},"content":{"rendered":"<p>Kaloryzator powietrzny do stymulacji kana\u0142u p\u00f3\u0142kolistego w uchu.<\/p>\n<p>Zakres temperatury: 25-47<span style=\"font-family: Times New Roman, serif;\">\u00ba<\/span>C<br \/>\nDok\u0142adno\u015b\u0107: 0,1<span style=\"font-family: Times New Roman, serif;\">\u00ba<\/span>C<br \/>\nWy\u015bwietlacz: LCD<\/p>\n<p>Wska\u017aniki LED:<br \/>\nniebieska \u2013 temperatura zimna<br \/>\nczerwona \u2013 temperatura ciep\u0142a<br \/>\nobie wygaszone \u2013 stand by<\/p>\n<p>Przep\u0142yw powietrza przedmuchuj\u0105cego: 5000 do 10 000 cm3\/min, regulowany<br \/>\nCzas nagrzewania: w +47\u00b0C ok. 24 sekundy.<\/p>\n<p>Wsp\u00f3\u0142praca z VNG 4000<\/p>\n<p>&nbsp;<\/p>\n","protected":false},"excerpt":{"rendered":"<p>Kaloryzator powietrzny do stymulacji kana\u0142u p\u00f3\u0142kolistego w uchu. Stymulacja ciep\u0142ym i zimnym powietrzem<\/p>\n","protected":false},"featured_media":90,"comment_status":"open","ping_status":"closed","template":"","meta":[],"product_cat":[17],"product_tag":[],"class_list":{"0":"post-89","1":"product","2":"type-product","3":"status-publish","4":"has-post-thumbnail","6":"product_cat-larynglogia","8":"first","9":"instock","10":"taxable","11":"shipping-taxable","12":"purchasable","13":"product-type-simple"},"jetpack_sharing_enabled":true,"_links":{"self":[{"href":"http:\/\/fonax.eu\/index.php?rest_route=\/wp\/v2\/product\/89","targetHints":{"allow":["GET"]}}],"collection":[{"href":"http:\/\/fonax.eu\/index.php?rest_route=\/wp\/v2\/product"}],"about":[{"href":"http:\/\/fonax.eu\/index.php?rest_route=\/wp\/v2\/types\/product"}],"replies":[{"embeddable":true,"href":"http:\/\/fonax.eu\/index.php?rest_route=%2Fwp%2Fv2%2Fcomments&post=89"}],"wp:featuredmedia":[{"embeddable":true,"href":"http:\/\/fonax.eu\/index.php?rest_route=\/wp\/v2\/media\/90"}],"wp:attachment":[{"href":"http:\/\/fonax.eu\/index.php?rest_route=%2Fwp%2Fv2%2Fmedia&parent=89"}],"wp:term":[{"taxonomy":"product_cat","embeddable":true,"href":"http:\/\/fonax.eu\/index.php?rest_route=%2Fwp%2Fv2%2Fproduct_cat&post=89"},{"taxonomy":"product_tag","embeddable":true,"href":"http:\/\/fonax.eu\/index.php?rest_route=%2Fwp%2Fv2%2Fproduct_tag&post=89"}],"curies":[{"name":"wp","href":"https:\/\/api.w.org\/{rel}","templated":true}]}}