{"id":69,"date":"2024-08-26T15:01:55","date_gmt":"2024-08-26T13:01:55","guid":{"rendered":"http:\/\/fonax.eu\/?post_type=product&#038;p=69"},"modified":"2024-10-22T16:22:36","modified_gmt":"2024-10-22T14:22:36","slug":"tympanomer-tymp-4000m","status":"publish","type":"product","link":"http:\/\/fonax.eu\/?product=tympanomer-tymp-4000m","title":{"rendered":"Tympanomer Tymp 4000M"},"content":{"rendered":"<p>Tympanometr Tymp 4000 M &#8211; modu\u0142 do komputera. Wydruk danych przez komputer.<\/p>\n<p>&nbsp;<\/p>\n<p><strong>Dane techniczne:<\/strong><br \/>\n<strong>System<\/strong>: sterowanie mikroprocesorem<br \/>\n<strong>Normy<\/strong>: EN 60601-1\/1-1\/1-2 i MPG<br \/>\n<strong>Ton pomiaru<\/strong>: 226Hz, 85 dB SPL<br \/>\n<strong>Zakres ci\u015bnienia<\/strong>: +200 do -400 daPa<br \/>\n<strong>Zmiana ci\u015bnienia<\/strong>: 300 daPa\/s<br \/>\n<strong>Czas pomiaru<\/strong>: 2s (podatno\u015b\u0107)<br \/>\n<strong>Tony odruch\u00f3w:<\/strong>\u00a0500, 1000, 2000 i 4000 Hz przy 85, 95 i 105 dB HL<br \/>\n<strong>Sekwencja tonu<\/strong>: automatyczna<br \/>\n<strong>Rozpoznanie odruch\u00f3w:<\/strong>\u00a0automatyczne<br \/>\n<strong>Pr\u00f3g odruch\u00f3w:<\/strong>\u00a0regulowany przez oprogramowanie<br \/>\n<strong>Badanie odruch\u00f3w:<\/strong>\u00a0ipsilateralne i kontralateralne<br \/>\n<strong>Kalibracja ci\u015bnienia:<\/strong>\u00a0automatyczna przy starcie<br \/>\n<strong>Wska\u017anik stanu:<\/strong>\u00a03-kolorowa dioda w sondzie, szczeg\u00f3\u0142owe symbole na wy\u015bwietlaczu<br \/>\n<strong>Zmiana stron:<\/strong>\u00a0automatyczna lub r\u0119czna<br \/>\n<strong>Pompa powietrzna:<\/strong>\u00a0bardzo cicha pompa t\u0142okowa<br \/>\n<strong>Wymiary:<\/strong>\u00a0szer. 335 g\u0142\u0119b. 340 wys. 155 mm<br \/>\n<strong>Zasilanie:<\/strong>\u00a0~230V 60VA<\/p>\n<p>&nbsp;<\/p>\n","protected":false},"excerpt":{"rendered":"<p>Tympanometr Tymp 4000 M &#8211; modu\u0142 do komputera. Wydruk danych przez komputer.<br \/>\nOdruchy Ipsi i kontrlateralne.<br \/>\nTony odruch\u00f3w:\u00a0500, 1000, 2000 i 4000 Hz przy 85, 95 i 105 dB HL.<br \/>\nZakres ci\u015bnienia: +200 do -400 daPa<\/p>\n","protected":false},"featured_media":72,"comment_status":"open","ping_status":"closed","template":"","meta":[],"product_cat":[17,31],"product_tag":[18,19],"class_list":{"0":"post-69","1":"product","2":"type-product","3":"status-publish","4":"has-post-thumbnail","6":"product_cat-larynglogia","7":"product_cat-tympanometry","8":"product_tag-homoth","9":"product_tag-tympanometr","11":"first","12":"onbackorder","13":"taxable","14":"shipping-taxable","15":"purchasable","16":"product-type-simple"},"jetpack_sharing_enabled":true,"_links":{"self":[{"href":"http:\/\/fonax.eu\/index.php?rest_route=\/wp\/v2\/product\/69","targetHints":{"allow":["GET"]}}],"collection":[{"href":"http:\/\/fonax.eu\/index.php?rest_route=\/wp\/v2\/product"}],"about":[{"href":"http:\/\/fonax.eu\/index.php?rest_route=\/wp\/v2\/types\/product"}],"replies":[{"embeddable":true,"href":"http:\/\/fonax.eu\/index.php?rest_route=%2Fwp%2Fv2%2Fcomments&post=69"}],"wp:featuredmedia":[{"embeddable":true,"href":"http:\/\/fonax.eu\/index.php?rest_route=\/wp\/v2\/media\/72"}],"wp:attachment":[{"href":"http:\/\/fonax.eu\/index.php?rest_route=%2Fwp%2Fv2%2Fmedia&parent=69"}],"wp:term":[{"taxonomy":"product_cat","embeddable":true,"href":"http:\/\/fonax.eu\/index.php?rest_route=%2Fwp%2Fv2%2Fproduct_cat&post=69"},{"taxonomy":"product_tag","embeddable":true,"href":"http:\/\/fonax.eu\/index.php?rest_route=%2Fwp%2Fv2%2Fproduct_tag&post=69"}],"curies":[{"name":"wp","href":"https:\/\/api.w.org\/{rel}","templated":true}]}}