{"id":65,"date":"2024-08-26T14:34:59","date_gmt":"2024-08-26T12:34:59","guid":{"rendered":"http:\/\/fonax.eu\/?post_type=product&#038;p=65"},"modified":"2024-10-22T16:23:00","modified_gmt":"2024-10-22T14:23:00","slug":"tympanometr-tymp-4000","status":"publish","type":"product","link":"http:\/\/fonax.eu\/?product=tympanometr-tymp-4000","title":{"rendered":"Tympanometr Tymp 4000"},"content":{"rendered":"<p>Tympanometr Tymp 4000 z drukark\u0105 termiczn\u0105. Urz\u0105dzenie samodzielne z mo\u017cliwo\u015bci\u0105 pracy jako modu\u0142 do komputera. Wydruk przez drukark\u0119 lub przez komputer<\/p>\n<p><strong>Dane techniczne:<\/strong><br \/>\n<strong>System<\/strong>: sterowanie mikroprocesorem<br \/>\n<strong>Normy<\/strong>: EN 60601-1\/1-1\/1-2 i MPG<br \/>\n<strong>Ton pomiaru<\/strong>: 226Hz, 85 dB SPL<br \/>\n<strong>Zakres ci\u015bnienia<\/strong>: +200 do -400 daPa<br \/>\n<strong>Zmiana ci\u015bnienia<\/strong>: 300 daPa\/s<br \/>\n<strong>Czas pomiaru<\/strong>: 2s (podatno\u015b\u0107)<br \/>\n<strong>Tony odruch\u00f3w:<\/strong>\u00a0500, 1000, 2000 i 4000 Hz przy 85, 95 i 105 dB HL<br \/>\n<strong>Sekwencja tonu<\/strong>: automatyczna<br \/>\n<strong>Rozpoznanie odruch\u00f3w:<\/strong>\u00a0automatyczne<br \/>\n<strong>Pr\u00f3g odruch\u00f3w:<\/strong>\u00a0regulowany przez oprogramowanie<br \/>\n<strong>Badanie odruch\u00f3w:<\/strong>\u00a0ipsilateralne i kontralateralne<br \/>\n<strong>Kalibracja ci\u015bnienia:<\/strong>\u00a0automatyczna przy starcie<br \/>\n<strong>Wska\u017anik stanu:<\/strong>\u00a03-kolorowa dioda w sondzie, szczeg\u00f3\u0142owe symbole na wy\u015bwietlaczu<br \/>\n<strong>Zmiana stron:<\/strong>\u00a0automatyczna lub r\u0119czna<br \/>\n<strong>Pompa powietrzna:<\/strong>\u00a0bardzo cicha pompa t\u0142okowa<br \/>\n<strong>Wymiary:<\/strong>\u00a0szer. 335 g\u0142\u0119b. 340 wys. 155 mm<br \/>\n<strong>Zasilanie:<\/strong>\u00a0~230V 60VA<\/p>\n<p><strong>COMBI \u2013\u00a0<\/strong>\u00a0<strong>tympanometr i rynomanometr<\/strong>\u00a0w jednej obudowie.<br \/>\n<strong>CENTER 4000 \u2013\u00a0<\/strong><strong>tympanometru, rynomanometru i ultrasonografu do zatok<\/strong>\u00a0w przyst\u0119pnej cenie.<\/p>\n","protected":false},"excerpt":{"rendered":"<p><a href=\"http:\/\/fonax.eu\/wp-content\/uploads\/2024\/08\/TYMP-4000M-4000-blue-line-tympanometry.pdf\">TYMP-4000M-4000-blue-line-tympanometry<\/a><\/p>\n","protected":false},"featured_media":66,"comment_status":"open","ping_status":"closed","template":"","meta":[],"product_cat":[17,31],"product_tag":[18,19],"class_list":{"0":"post-65","1":"product","2":"type-product","3":"status-publish","4":"has-post-thumbnail","6":"product_cat-larynglogia","7":"product_cat-tympanometry","8":"product_tag-homoth","9":"product_tag-tympanometr","11":"first","12":"instock","13":"taxable","14":"shipping-taxable","15":"purchasable","16":"product-type-simple"},"jetpack_sharing_enabled":true,"_links":{"self":[{"href":"http:\/\/fonax.eu\/index.php?rest_route=\/wp\/v2\/product\/65","targetHints":{"allow":["GET"]}}],"collection":[{"href":"http:\/\/fonax.eu\/index.php?rest_route=\/wp\/v2\/product"}],"about":[{"href":"http:\/\/fonax.eu\/index.php?rest_route=\/wp\/v2\/types\/product"}],"replies":[{"embeddable":true,"href":"http:\/\/fonax.eu\/index.php?rest_route=%2Fwp%2Fv2%2Fcomments&post=65"}],"wp:featuredmedia":[{"embeddable":true,"href":"http:\/\/fonax.eu\/index.php?rest_route=\/wp\/v2\/media\/66"}],"wp:attachment":[{"href":"http:\/\/fonax.eu\/index.php?rest_route=%2Fwp%2Fv2%2Fmedia&parent=65"}],"wp:term":[{"taxonomy":"product_cat","embeddable":true,"href":"http:\/\/fonax.eu\/index.php?rest_route=%2Fwp%2Fv2%2Fproduct_cat&post=65"},{"taxonomy":"product_tag","embeddable":true,"href":"http:\/\/fonax.eu\/index.php?rest_route=%2Fwp%2Fv2%2Fproduct_tag&post=65"}],"curies":[{"name":"wp","href":"https:\/\/api.w.org\/{rel}","templated":true}]}}