{"id":59,"date":"2024-08-26T13:23:36","date_gmt":"2024-08-26T11:23:36","guid":{"rendered":"http:\/\/fonax.eu\/?post_type=product&#038;p=59"},"modified":"2024-09-17T12:58:49","modified_gmt":"2024-09-17T10:58:49","slug":"59","status":"publish","type":"product","link":"http:\/\/fonax.eu\/?product=59","title":{"rendered":"Audiometr diagnostyczny Smart"},"content":{"rendered":"<p>Audiometr Eagle<\/p>\n<p>Audiometr diagnostyczny Smart. W zestawie<br \/>\n\u25cf s\u0142uchawki powietrzne z os\u0142onami przeciwha\u0142asowymi<br \/>\n\u25cf s\u0142uchawka kostna B-71<br \/>\n\u25cf przycisk pacjenta<br \/>\n\u25cf przew\u00f3d USB<br \/>\n\u25cf oprogramowanie Effetha 2 (wraz z modu\u0142em do<br \/>\nwsp\u00f3\u0142pracy z oprogramowaniem NOAH)<br \/>\n\u25cf instrukcja obs\u0142ugi<\/p>\n","protected":false},"excerpt":{"rendered":"<p>Audiometr Eagle Audiometr diagnostyczny Smart. W zestawie \u25cf s\u0142uchawki powietrzne z os\u0142onami przeciwha\u0142asowymi \u25cf s\u0142uchawka kostna B-71 \u25cf przycisk pacjenta \u25cf przew\u00f3d USB \u25cf oprogramowanie Effetha 2 (wraz z modu\u0142em do wsp\u00f3\u0142pracy z oprogramowaniem NOAH) \u25cf instrukcja obs\u0142ugi<\/p>\n","protected":false},"featured_media":63,"comment_status":"open","ping_status":"closed","template":"","meta":[],"product_cat":[17],"product_tag":[],"class_list":{"0":"post-59","1":"product","2":"type-product","3":"status-publish","4":"has-post-thumbnail","6":"product_cat-larynglogia","8":"first","9":"instock","10":"taxable","11":"shipping-taxable","12":"purchasable","13":"product-type-simple"},"jetpack_sharing_enabled":true,"_links":{"self":[{"href":"http:\/\/fonax.eu\/index.php?rest_route=\/wp\/v2\/product\/59","targetHints":{"allow":["GET"]}}],"collection":[{"href":"http:\/\/fonax.eu\/index.php?rest_route=\/wp\/v2\/product"}],"about":[{"href":"http:\/\/fonax.eu\/index.php?rest_route=\/wp\/v2\/types\/product"}],"replies":[{"embeddable":true,"href":"http:\/\/fonax.eu\/index.php?rest_route=%2Fwp%2Fv2%2Fcomments&post=59"}],"wp:featuredmedia":[{"embeddable":true,"href":"http:\/\/fonax.eu\/index.php?rest_route=\/wp\/v2\/media\/63"}],"wp:attachment":[{"href":"http:\/\/fonax.eu\/index.php?rest_route=%2Fwp%2Fv2%2Fmedia&parent=59"}],"wp:term":[{"taxonomy":"product_cat","embeddable":true,"href":"http:\/\/fonax.eu\/index.php?rest_route=%2Fwp%2Fv2%2Fproduct_cat&post=59"},{"taxonomy":"product_tag","embeddable":true,"href":"http:\/\/fonax.eu\/index.php?rest_route=%2Fwp%2Fv2%2Fproduct_tag&post=59"}],"curies":[{"name":"wp","href":"https:\/\/api.w.org\/{rel}","templated":true}]}}