{"id":429,"date":"2025-01-29T15:30:42","date_gmt":"2025-01-29T14:30:42","guid":{"rendered":"http:\/\/fonax.eu\/?post_type=product&#038;p=429"},"modified":"2025-01-29T16:02:03","modified_gmt":"2025-01-29T15:02:03","slug":"unit-laryngologiczny-g35","status":"publish","type":"product","link":"http:\/\/fonax.eu\/?product=unit-laryngologiczny-g35","title":{"rendered":"Unit laryngologiczny G35"},"content":{"rendered":"<p>Unit ENT G35 to niewielkich rozmiar\u00f3w unit laryngologiczny, kt\u00f3ry zrewolucjonizuje spos\u00f3b, w jaki przeprowadzasz badania i zabiegi w swojej praktyce laryngologicznej. Jego zaawansowane funkcje oraz ergonomiczny design sprawiaj\u0105, \u017ce jest to niezb\u0119dny element wyposa\u017cenia ka\u017cdego specjalisty zajmuj\u0105cego si\u0119 diagnostyk\u0105 i terapi\u0105 schorze\u0144 uszu, nosa i gard\u0142a.<\/p>\n<p>Najwa\u017cniejsze cechy unitu ENT G35:<\/p>\n<p>Wielofunkcyjno\u015b\u0107: Unit ENT G35 \u0142\u0105czy w sobie funkcje wielu urz\u0105dze\u0144, co pozwala na przeprowadzanie r\u00f3\u017cnorodnych bada\u0144 i zabieg\u00f3w w jednym miejscu. Dzi\u0119ki temu oszcz\u0119dzasz czas i zwi\u0119kszasz efektywno\u015b\u0107 swojej pracy.<\/p>\n<p>Ergonomia i komfort u\u017cytkowania: Konstrukcja unitu zosta\u0142a zaprojektowana z my\u015bl\u0105 o komforcie zar\u00f3wno pacjent\u00f3w, jak i lekarzy. Regulowane elementy oraz intuicyjny interfejs sprawiaj\u0105, \u017ce obs\u0142uga urz\u0105dzenia jest prosta i wygodna.<\/p>\n<p>\u0141atwo\u015b\u0107 w utrzymaniu czysto\u015bci: W trosce o bezpiecze\u0144stwo pacjent\u00f3w, unit zosta\u0142 zaprojektowany w spos\u00f3b u\u0142atwiaj\u0105cy dezynfekcj\u0119 i utrzymanie czysto\u015bci, co jest niezwykle istotne w codziennej praktyce medycznej.<\/p>\n<p>Dostosowanie do indywidualnych potrzeb: Unit ENT G35 oferuje mo\u017cliwo\u015b\u0107 personalizacji ustawie\u0144, co pozwala na dostosowanie go do specyficznych wymaga\u0144 i preferencji u\u017cytkownika.<\/p>\n<p>Inwestuj\u0105c w unit ENT G35, zyskujesz nie tylko nowoczesne urz\u0105dzenie, ale tak\u017ce narz\u0119dzie, kt\u00f3re zwi\u0119kszy jako\u015b\u0107 \u015bwiadczonych us\u0142ug i zadowolenie pacjent\u00f3w. Jego wszechstronno\u015b\u0107 i innowacyjno\u015b\u0107 przyczyni\u0105 si\u0119 do poprawy efektywno\u015bci pracy w Twojej praktyce. Nie czekaj! Zainwestuj w przysz\u0142o\u015b\u0107 swojej praktyki medycznej ju\u017c dzi\u015b!<\/p>\n<p><strong>Wyposa\u017cenie standardowe:<\/strong><\/p>\n<ul>\n<li>O\u015bwietlenie LED<\/li>\n<li>R\u0119koje\u015b\u0107 rozpylaj\u0105ca<\/li>\n<li>R\u0119koje\u015b\u0107 ss\u0105ca<\/li>\n<li>Pistolet do przedmuchiwania<\/li>\n<li>Podgrzewacz lusterek i optyk<\/li>\n<li>Negatoskop<\/li>\n<li>Taca na narz\u0119dzia<\/li>\n<li>Wbudowany zbiornik na odpady<\/li>\n<li>Wbudowany kubek do sterylizacji zanurzeniowej<\/li>\n<li>Sto\u0142ek lekarski<\/li>\n<li>Pompa pr\u00f3\u017cniowa<\/li>\n<li>Kompresor<\/li>\n<li>Wymiary: Wymiary 1240&#215;625 wys. 770<\/li>\n<\/ul>\n<p><strong>Wyposa\u017cenie opcjonalne:<\/strong><\/p>\n<div>\n<ul>\n<li>Fotel pacjenta<\/li>\n<li>System obrazowania:<br \/>\nKamera 1CCD\/3CCD<\/li>\n<li>Monitor LCD 15 cali<\/li>\n<li>Komputer z drukark\u0105<\/li>\n<li>oprogramowanie do endoskopii<\/li>\n<li>Dodatkowe \u017ar\u00f3d\u0142o zimnego \u015bwiat\u0142a<\/li>\n<li>\u015awiat\u0142ow\u00f3d<\/li>\n<li>Endoskopy<br \/>\nOtoskop 2,\/4,00 mm 0\/30<br \/>\nSinoskop 2,\/4,00 mm 0\/30<br \/>\nLaryngoskop 8 mm 70\/90<br \/>\nEndoskopy elastyczne<\/li>\n<li>System irygacji o sta\u0142ej temperaturze<\/li>\n<li>Pistolet proszkowy<\/li>\n<li>Mikroskop laryngologiczny<\/li>\n<\/ul>\n<p>Pobierz katalog\u00a0 <a href=\"http:\/\/fonax.eu\/wp-content\/uploads\/2025\/01\/Unit-laryngologiczny-G35-11.pdf\" target=\"_blank\" rel=\"noopener\">Unit laryngologiczny G35<\/a><\/p>\n<\/div>\n","protected":false},"excerpt":{"rendered":"<p>Kompaktowy unit laryngologiczny G35 to idealne rozwi\u0105zanie do niewielkich gabinet\u00f3w. Zawiera wszystko, co potrzebne w unicie. Szeroki wyb\u00f3r akcesori\u00f3w.<br \/>\nKrzes\u0142o lekarza w zestawie. W opcji fotel pacjenta sterowany elektrycznie<\/p>\n","protected":false},"featured_media":430,"comment_status":"open","ping_status":"closed","template":"","meta":[],"product_cat":[68],"product_tag":[],"class_list":{"0":"post-429","1":"product","2":"type-product","3":"status-publish","4":"has-post-thumbnail","6":"product_cat-unity-laryngologiczne","8":"first","9":"instock","10":"taxable","11":"shipping-taxable","12":"purchasable","13":"product-type-simple"},"jetpack_sharing_enabled":true,"_links":{"self":[{"href":"http:\/\/fonax.eu\/index.php?rest_route=\/wp\/v2\/product\/429","targetHints":{"allow":["GET"]}}],"collection":[{"href":"http:\/\/fonax.eu\/index.php?rest_route=\/wp\/v2\/product"}],"about":[{"href":"http:\/\/fonax.eu\/index.php?rest_route=\/wp\/v2\/types\/product"}],"replies":[{"embeddable":true,"href":"http:\/\/fonax.eu\/index.php?rest_route=%2Fwp%2Fv2%2Fcomments&post=429"}],"wp:featuredmedia":[{"embeddable":true,"href":"http:\/\/fonax.eu\/index.php?rest_route=\/wp\/v2\/media\/430"}],"wp:attachment":[{"href":"http:\/\/fonax.eu\/index.php?rest_route=%2Fwp%2Fv2%2Fmedia&parent=429"}],"wp:term":[{"taxonomy":"product_cat","embeddable":true,"href":"http:\/\/fonax.eu\/index.php?rest_route=%2Fwp%2Fv2%2Fproduct_cat&post=429"},{"taxonomy":"product_tag","embeddable":true,"href":"http:\/\/fonax.eu\/index.php?rest_route=%2Fwp%2Fv2%2Fproduct_tag&post=429"}],"curies":[{"name":"wp","href":"https:\/\/api.w.org\/{rel}","templated":true}]}}