{"id":400,"date":"2025-01-13T15:25:11","date_gmt":"2025-01-13T14:25:11","guid":{"rendered":"http:\/\/fonax.eu\/?post_type=product&#038;p=400"},"modified":"2025-01-13T15:26:25","modified_gmt":"2025-01-13T14:26:25","slug":"kolposkop-video-ac-4000","status":"publish","type":"product","link":"http:\/\/fonax.eu\/?product=kolposkop-video-ac-4000","title":{"rendered":"Kolposkop Video AC-4000"},"content":{"rendered":"<p align=\"justify\"><span style=\"color: #333333;\"><span style=\"font-family: Helvetica Neue, Arial, Helvetica, Nimbus Sans L, sans-serif;\"><span style=\"font-size: small;\">Videokolposkop AC-4000 jest komfortowym rozwi\u0105zaniem do diagnostyki szyjki macicy. Seria kolposkop\u00f3w AC-4000 posiadaj\u0105 wbudowan\u0105 kamer\u0119 CCD z autofocusem.<br \/>\nW zestawie znajduje si\u0119<\/span><\/span><\/span><\/p>\n<ul>\n<li><span style=\"font-size: small; font-family: 'Helvetica Neue', Arial, Helvetica, 'Nimbus Sans L', sans-serif;\">pilot przewodowy<\/span><\/li>\n<li><span style=\"font-size: small; font-family: 'Helvetica Neue', Arial, Helvetica, 'Nimbus Sans L', sans-serif;\"> stojak jezdny<\/span><\/li>\n<li><span style=\"font-size: small; font-family: 'Helvetica Neue', Arial, Helvetica, 'Nimbus Sans L', sans-serif;\"> z\u0142\u0105cze do komputera stacjonarnego<\/span><\/li>\n<li><span style=\"font-family: 'Helvetica Neue', Arial, Helvetica, 'Nimbus Sans L', sans-serif; font-size: small;\">oprogramowanie w j\u0119z. angielskim, z szerokim wyborem filtr\u00f3w i ustawie\u0144\u00a0 (filtr negatywowy, skala, stop klatka).<\/span><\/li>\n<li><span style=\"font-family: 'Helvetica Neue', Arial, Helvetica, 'Nimbus Sans L', sans-serif; font-size: small;\">o\u015bwietlenie LED<\/span><span style=\"font-family: 'Helvetica Neue', Arial, Helvetica, 'Nimbus Sans L', sans-serif; font-size: small;\"><br \/>\n<\/span><\/li>\n<\/ul>\n<h4>Parametry techniczne Videokolposkop AC-4000:<\/h4>\n<p>\u2013 kamera cyfrowa \u00bc\u201d kolorowa CCD z autofokusem<br \/>\n\u2013 wbudowany ekran LCD w g\u0142owic\u0119 kolposkopu do szybkiego podgl\u0105du<br \/>\n\u2013 powi\u0119kszenie optyczne 22x<br \/>\n\u2013 powi\u0119kszenie cyfrowe 16x<br \/>\n\u2013 maksymalne powi\u0119kszenie 352x<br \/>\n\u2013 \u017ar\u00f3d\u0142o \u015bwiat\u0142a: bia\u0142e diody LED umiejscowione dooko\u0142a oka kamery, \u017cywotno\u015b\u0107 diod ponad 50.000 godzin pracy<br \/>\n\u2013 zaawansowana technologia obr\u00f3bki zdj\u0119\u0107 dzi\u0119ki specjalnemu oprogramowaniu<br \/>\n\u2013 rozdzielczo\u015b\u0107: 550 linii<br \/>\n\u2013 rozdzielczo\u015b\u0107 foto\/video: 720\u00d7576<br \/>\n\u2013 ogniskowa dla auto-focus w zakresie: 200-400 mm<br \/>\n\u2013 ogniskowa dla regulacji manualnej w zakresie: 150-450 mm<br \/>\n\u2013 \u015brednica pola widzenia: 10-160 mm<br \/>\n\u2013 k\u0105t widzenia: 2,4-49,5 mm<br \/>\n\u2013 filtr: czerwony, niebieski, zielony<br \/>\n\u2013 polaryzacyjny uk\u0142ad redukcji odblask\u00f3pw<br \/>\n\u2013 wsp\u00f3\u0142praca z systemem: Windows XP i Windows 7<br \/>\n\u2013 waga: 9,5 kg<br \/>\n\u2013 mo\u017cliwo\u015b\u0107 pod\u0142\u0105czenia do komputera i drukarki<br \/>\n\u2013 podstawa jezdna z regulacj\u0105 wysoko\u015bci: 58-95 cm, zawiera 5 k\u00f3\u0142 wszystkie blokowane<\/p>\n<p>Opcje:<br \/>\n\u2013 adapter do bezpo\u015bredniego pod\u0142\u0105czenia do TV<br \/>\n\u2013 kolumna z uchwytem monitora<br \/>\n\u2013 Monitor 22\u201d z wej\u015bciem video<br \/>\n\u2013 oprogramowanie do archiwizacji w j\u0119zyku polskim<br \/>\n\u2013 komputer<\/p>\n<p><span style=\"font-size: small; font-family: 'Helvetica Neue', Arial, Helvetica, 'Nimbus Sans L', sans-serif;\">\u00a0<\/span><\/p>\n\n\t\t<style type=\"text\/css\">\n\t\t\t#gallery-1 {\n\t\t\t\tmargin: auto;\n\t\t\t}\n\t\t\t#gallery-1 .gallery-item {\n\t\t\t\tfloat: left;\n\t\t\t\tmargin-top: 10px;\n\t\t\t\ttext-align: center;\n\t\t\t\twidth: 33%;\n\t\t\t}\n\t\t\t#gallery-1 img {\n\t\t\t\tborder: 2px solid #cfcfcf;\n\t\t\t}\n\t\t\t#gallery-1 .gallery-caption {\n\t\t\t\tmargin-left: 0;\n\t\t\t}\n\t\t\t\/* see gallery_shortcode() in wp-includes\/media.php *\/\n\t\t<\/style>\n\t\t<div id='gallery-1' class='gallery galleryid-400 gallery-columns-3 gallery-size-thumbnail'><dl class='gallery-item'>\n\t\t\t<dt class='gallery-icon portrait'>\n\t\t\t\t<a href='http:\/\/fonax.eu\/?attachment_id=407'><img loading=\"lazy\" decoding=\"async\" width=\"150\" height=\"150\" src=\"http:\/\/fonax.eu\/wp-content\/uploads\/2025\/01\/AC-4000-digital-Colposcope-1-150x150.png\" class=\"attachment-thumbnail size-thumbnail\" alt=\"\" srcset=\"http:\/\/fonax.eu\/wp-content\/uploads\/2025\/01\/AC-4000-digital-Colposcope-1-150x150.png 150w, http:\/\/fonax.eu\/wp-content\/uploads\/2025\/01\/AC-4000-digital-Colposcope-1-300x300.png 300w, http:\/\/fonax.eu\/wp-content\/uploads\/2025\/01\/AC-4000-digital-Colposcope-1-100x100.png 100w\" sizes=\"auto, (max-width: 150px) 100vw, 150px\" \/><\/a>\n\t\t\t<\/dt><\/dl><dl class='gallery-item'>\n\t\t\t<dt class='gallery-icon landscape'>\n\t\t\t\t<a href='http:\/\/fonax.eu\/?attachment_id=406'><img loading=\"lazy\" decoding=\"async\" width=\"150\" height=\"150\" src=\"http:\/\/fonax.eu\/wp-content\/uploads\/2025\/01\/AC-4000-25-150x150.jpg\" class=\"attachment-thumbnail size-thumbnail\" alt=\"\" srcset=\"http:\/\/fonax.eu\/wp-content\/uploads\/2025\/01\/AC-4000-25-150x150.jpg 150w, http:\/\/fonax.eu\/wp-content\/uploads\/2025\/01\/AC-4000-25-300x300.jpg 300w, http:\/\/fonax.eu\/wp-content\/uploads\/2025\/01\/AC-4000-25-768x763.jpg 768w, http:\/\/fonax.eu\/wp-content\/uploads\/2025\/01\/AC-4000-25-600x596.jpg 600w, http:\/\/fonax.eu\/wp-content\/uploads\/2025\/01\/AC-4000-25-100x100.jpg 100w, http:\/\/fonax.eu\/wp-content\/uploads\/2025\/01\/AC-4000-25.jpg 976w\" sizes=\"auto, (max-width: 150px) 100vw, 150px\" \/><\/a>\n\t\t\t<\/dt><\/dl><dl class='gallery-item'>\n\t\t\t<dt class='gallery-icon landscape'>\n\t\t\t\t<a href='http:\/\/fonax.eu\/?attachment_id=405'><img loading=\"lazy\" decoding=\"async\" width=\"150\" height=\"150\" src=\"http:\/\/fonax.eu\/wp-content\/uploads\/2025\/01\/AC-4000-wozek-150x150.jpg\" class=\"attachment-thumbnail size-thumbnail\" alt=\"\" srcset=\"http:\/\/fonax.eu\/wp-content\/uploads\/2025\/01\/AC-4000-wozek-150x150.jpg 150w, http:\/\/fonax.eu\/wp-content\/uploads\/2025\/01\/AC-4000-wozek-300x300.jpg 300w, http:\/\/fonax.eu\/wp-content\/uploads\/2025\/01\/AC-4000-wozek-100x100.jpg 100w\" sizes=\"auto, (max-width: 150px) 100vw, 150px\" \/><\/a>\n\t\t\t<\/dt><\/dl><br style=\"clear: both\" \/><dl class='gallery-item'>\n\t\t\t<dt class='gallery-icon portrait'>\n\t\t\t\t<a href='http:\/\/fonax.eu\/?attachment_id=404'><img loading=\"lazy\" decoding=\"async\" width=\"150\" height=\"150\" src=\"http:\/\/fonax.eu\/wp-content\/uploads\/2025\/01\/AC-4000-trolley-C-150x150.png\" class=\"attachment-thumbnail size-thumbnail\" alt=\"\" srcset=\"http:\/\/fonax.eu\/wp-content\/uploads\/2025\/01\/AC-4000-trolley-C-150x150.png 150w, http:\/\/fonax.eu\/wp-content\/uploads\/2025\/01\/AC-4000-trolley-C-300x300.png 300w, http:\/\/fonax.eu\/wp-content\/uploads\/2025\/01\/AC-4000-trolley-C-100x100.png 100w\" sizes=\"auto, (max-width: 150px) 100vw, 150px\" \/><\/a>\n\t\t\t<\/dt><\/dl><dl class='gallery-item'>\n\t\t\t<dt class='gallery-icon portrait'>\n\t\t\t\t<a href='http:\/\/fonax.eu\/?attachment_id=403'><img loading=\"lazy\" decoding=\"async\" width=\"150\" height=\"150\" src=\"http:\/\/fonax.eu\/wp-content\/uploads\/2025\/01\/AC-4000-trolley-A-150x150.png\" class=\"attachment-thumbnail size-thumbnail\" alt=\"\" srcset=\"http:\/\/fonax.eu\/wp-content\/uploads\/2025\/01\/AC-4000-trolley-A-150x150.png 150w, http:\/\/fonax.eu\/wp-content\/uploads\/2025\/01\/AC-4000-trolley-A-300x300.png 300w, http:\/\/fonax.eu\/wp-content\/uploads\/2025\/01\/AC-4000-trolley-A-100x100.png 100w\" sizes=\"auto, (max-width: 150px) 100vw, 150px\" \/><\/a>\n\t\t\t<\/dt><\/dl><dl class='gallery-item'>\n\t\t\t<dt class='gallery-icon portrait'>\n\t\t\t\t<a href='http:\/\/fonax.eu\/?attachment_id=402'><img loading=\"lazy\" decoding=\"async\" width=\"150\" height=\"150\" src=\"http:\/\/fonax.eu\/wp-content\/uploads\/2025\/01\/AC-4000-trolley-A-upgraded-150x150.png\" class=\"attachment-thumbnail size-thumbnail\" alt=\"\" srcset=\"http:\/\/fonax.eu\/wp-content\/uploads\/2025\/01\/AC-4000-trolley-A-upgraded-150x150.png 150w, http:\/\/fonax.eu\/wp-content\/uploads\/2025\/01\/AC-4000-trolley-A-upgraded-300x300.png 300w, http:\/\/fonax.eu\/wp-content\/uploads\/2025\/01\/AC-4000-trolley-A-upgraded-100x100.png 100w\" sizes=\"auto, (max-width: 150px) 100vw, 150px\" \/><\/a>\n\t\t\t<\/dt><\/dl><br style=\"clear: both\" \/><dl class='gallery-item'>\n\t\t\t<dt class='gallery-icon portrait'>\n\t\t\t\t<a href='http:\/\/fonax.eu\/?attachment_id=401'><img loading=\"lazy\" decoding=\"async\" width=\"150\" height=\"150\" src=\"http:\/\/fonax.eu\/wp-content\/uploads\/2025\/01\/AC-4000-digital-Colposcope-150x150.png\" class=\"attachment-thumbnail size-thumbnail\" alt=\"Kolposkop AC-4000\" srcset=\"http:\/\/fonax.eu\/wp-content\/uploads\/2025\/01\/AC-4000-digital-Colposcope-150x150.png 150w, http:\/\/fonax.eu\/wp-content\/uploads\/2025\/01\/AC-4000-digital-Colposcope-300x300.png 300w, http:\/\/fonax.eu\/wp-content\/uploads\/2025\/01\/AC-4000-digital-Colposcope-100x100.png 100w\" sizes=\"auto, (max-width: 150px) 100vw, 150px\" \/><\/a>\n\t\t\t<\/dt><\/dl>\n\t\t\t<br style='clear: both' \/>\n\t\t<\/div>\n\n<p><span style=\"font-size: small; font-family: 'Helvetica Neue', Arial, Helvetica, 'Nimbus Sans L', sans-serif;\">\u00a0<\/span><\/p>\n","protected":false},"excerpt":{"rendered":"<p>Videokolposkop AC-4000 jest komfortowym rozwi\u0105zaniem do diagnostyki szyjki macicy. Seria kolposkop\u00f3w AC-4000 posiadaj\u0105 wbudowan\u0105 kamer\u0119 CCD z autofocusem. W zestawie znajduje si\u0119 pilot przewodowy stojak jezdny z\u0142\u0105cze do komputera stacjonarnego oprogramowanie w j\u0119z. angielskim, z szerokim wyborem filtr\u00f3w i ustawie\u0144\u00a0 (filtr negatywowy, skala, stop klatka).&hellip;<\/p>\n","protected":false},"featured_media":407,"comment_status":"open","ping_status":"closed","template":"","meta":[],"product_cat":[53,54],"product_tag":[22,56,58],"class_list":{"0":"post-400","1":"product","2":"type-product","3":"status-publish","4":"has-post-thumbnail","6":"product_cat-ginekologia","7":"product_cat-kolposkopy","8":"product_tag-alltion","9":"product_tag-kolposkop","10":"product_tag-mikroskop","12":"first","13":"instock","14":"taxable","15":"shipping-taxable","16":"purchasable","17":"product-type-simple"},"jetpack_sharing_enabled":true,"_links":{"self":[{"href":"http:\/\/fonax.eu\/index.php?rest_route=\/wp\/v2\/product\/400","targetHints":{"allow":["GET"]}}],"collection":[{"href":"http:\/\/fonax.eu\/index.php?rest_route=\/wp\/v2\/product"}],"about":[{"href":"http:\/\/fonax.eu\/index.php?rest_route=\/wp\/v2\/types\/product"}],"replies":[{"embeddable":true,"href":"http:\/\/fonax.eu\/index.php?rest_route=%2Fwp%2Fv2%2Fcomments&post=400"}],"wp:featuredmedia":[{"embeddable":true,"href":"http:\/\/fonax.eu\/index.php?rest_route=\/wp\/v2\/media\/407"}],"wp:attachment":[{"href":"http:\/\/fonax.eu\/index.php?rest_route=%2Fwp%2Fv2%2Fmedia&parent=400"}],"wp:term":[{"taxonomy":"product_cat","embeddable":true,"href":"http:\/\/fonax.eu\/index.php?rest_route=%2Fwp%2Fv2%2Fproduct_cat&post=400"},{"taxonomy":"product_tag","embeddable":true,"href":"http:\/\/fonax.eu\/index.php?rest_route=%2Fwp%2Fv2%2Fproduct_tag&post=400"}],"curies":[{"name":"wp","href":"https:\/\/api.w.org\/{rel}","templated":true}]}}