{"id":390,"date":"2025-01-07T15:16:19","date_gmt":"2025-01-07T14:16:19","guid":{"rendered":"http:\/\/fonax.eu\/?post_type=product&#038;p=390"},"modified":"2025-01-09T10:46:06","modified_gmt":"2025-01-09T09:46:06","slug":"laser-stomatologiczny-cheese-plus-2","status":"publish","type":"product","link":"http:\/\/fonax.eu\/?product=laser-stomatologiczny-cheese-plus-2","title":{"rendered":"Laser stomatologiczny Cheese Plus 2"},"content":{"rendered":"<p>Nowoczesny laser stomatologiczny <strong>Cheese plus 2\u00a0<\/strong>to nowoczesny laser, kt\u00f3ry posiada dwie najbardziej popularne d\u0142ugo\u015bci fal 650nm oraz 980nm.<br \/>\nLaser wyposa\u017cony jest w intuicyjny interfejs z ekranem dotykowym. W panelu predefiniowane s\u0105 ustawienia zabieg\u00f3w. Obs\u0142uga jest wygodna i intuicyjna<\/p>\n<p><strong>Laser posiada 2 d\u0142ugo\u015bci fal<\/strong><\/p>\n<ul>\n<li>650 nm (500 mW) &#8211; Stosowany w terapii b\u00f3lowej oraz przyspieszaniu gojenia tkanek. Idealny do leczenia stan\u00f3w zapalnych oraz regeneracji tkanek. Skutecznie \u0142agodzi b\u00f3l i<br \/>\nwspomaga procesy gojenia.<\/li>\n<li>980 nm (15W w trybie ci\u0105g\u0142ym, 20 W w trybie pulsacyjnym) &#8211; Stosowany w chirurgii stomatologicznej, szczeg\u00f3lnie przy usuwaniu tkanek mi\u0119kkich. Umo\u017cliwia precyzyjne ci\u0119cie oraz koagulacj\u0119, minimalizuj\u0105c krwawienie. Dzi\u0119ki du\u017cej mocy i g\u0142\u0119boko\u015bci penetracji, umo\u017cliwia szybkie i skuteczne zabiegi.<\/li>\n<\/ul>\n<p><strong>Akcesoria standardowe:<\/strong><br \/>\n2 szt. okular\u00f3w ochronnych,<br \/>\n1 szt. blokady,<br \/>\n1 szt. uchwyt \u015bwiat\u0142owodu,<br \/>\n1 szt. kabla i 1 szt. etui,<br \/>\n1 zestaw ko\u0144c\u00f3wek stomatologicznych (z wybielaczem, biostymulacj\u0105 i 30 szt. jednorazowych ko\u0144c\u00f3wek chirurgicznych)<\/p>\n<p><strong>Pobierz katalog <a href=\"http:\/\/fonax.eu\/wp-content\/uploads\/2025\/01\/Cheese-plus-2-2025-01-07.pdf\" target=\"_blank\" rel=\"noopener\">Laser stomatologiczny Cheese plus 2<\/a><\/strong><\/p>\n<div style=\"width: 1140px;\" class=\"wp-video\"><video class=\"wp-video-shortcode\" id=\"video-390-1\" width=\"1140\" height=\"641\" preload=\"metadata\" controls=\"controls\"><source type=\"video\/mp4\" src=\"http:\/\/fonax.eu\/wp-content\/uploads\/2025\/01\/Wideo-WhatsApp-2025-01-07-o-16.00.11_7906f8c0.mp4?_=1\" \/><a href=\"http:\/\/fonax.eu\/wp-content\/uploads\/2025\/01\/Wideo-WhatsApp-2025-01-07-o-16.00.11_7906f8c0.mp4\">http:\/\/fonax.eu\/wp-content\/uploads\/2025\/01\/Wideo-WhatsApp-2025-01-07-o-16.00.11_7906f8c0.mp4<\/a><\/video><\/div>\n","protected":false},"excerpt":{"rendered":"<p>Nowoczesny laser stomatologiczny Cheese plus 2\u00a0to nowoczesny laser, kt\u00f3ry posiada dwie najbardziej popularne d\u0142ugo\u015bci fal 650nm oraz 980nm. Laser wyposa\u017cony jest w intuicyjny interfejs z ekranem dotykowym. W panelu predefiniowane s\u0105 ustawienia zabieg\u00f3w. Obs\u0142uga jest wygodna i intuicyjna Laser posiada 2 d\u0142ugo\u015bci fal 650 nm&hellip;<\/p>\n","protected":false},"featured_media":395,"comment_status":"open","ping_status":"closed","template":"","meta":[],"product_cat":[67],"product_tag":[],"class_list":{"0":"post-390","1":"product","2":"type-product","3":"status-publish","4":"has-post-thumbnail","6":"product_cat-stomatologia","8":"first","9":"instock","10":"taxable","11":"shipping-taxable","12":"purchasable","13":"product-type-simple"},"jetpack_sharing_enabled":true,"_links":{"self":[{"href":"http:\/\/fonax.eu\/index.php?rest_route=\/wp\/v2\/product\/390","targetHints":{"allow":["GET"]}}],"collection":[{"href":"http:\/\/fonax.eu\/index.php?rest_route=\/wp\/v2\/product"}],"about":[{"href":"http:\/\/fonax.eu\/index.php?rest_route=\/wp\/v2\/types\/product"}],"replies":[{"embeddable":true,"href":"http:\/\/fonax.eu\/index.php?rest_route=%2Fwp%2Fv2%2Fcomments&post=390"}],"wp:featuredmedia":[{"embeddable":true,"href":"http:\/\/fonax.eu\/index.php?rest_route=\/wp\/v2\/media\/395"}],"wp:attachment":[{"href":"http:\/\/fonax.eu\/index.php?rest_route=%2Fwp%2Fv2%2Fmedia&parent=390"}],"wp:term":[{"taxonomy":"product_cat","embeddable":true,"href":"http:\/\/fonax.eu\/index.php?rest_route=%2Fwp%2Fv2%2Fproduct_cat&post=390"},{"taxonomy":"product_tag","embeddable":true,"href":"http:\/\/fonax.eu\/index.php?rest_route=%2Fwp%2Fv2%2Fproduct_tag&post=390"}],"curies":[{"name":"wp","href":"https:\/\/api.w.org\/{rel}","templated":true}]}}