{"id":355,"date":"2024-12-20T14:00:11","date_gmt":"2024-12-20T13:00:11","guid":{"rendered":"http:\/\/fonax.eu\/?post_type=product&#038;p=355"},"modified":"2024-12-23T16:04:49","modified_gmt":"2024-12-23T15:04:49","slug":"kolposkop-ac-2311-optyczny-z-torem-video-wersja-ydj","status":"publish","type":"product","link":"http:\/\/fonax.eu\/?product=kolposkop-ac-2311-optyczny-z-torem-video-wersja-ydj","title":{"rendered":"Kolposkop AC-2311 Optyczny z torem video wersja YDJ"},"content":{"rendered":"<p align=\"left\">Kolposkop AC-2311 YDJ to klasyczny mikroskop optyczny z wbudowan\u0105 kamer\u0105 video i rozk\u0142adanym ramieniem. Kolposkop ten jest bardzo ergonomiczny w u\u017cytkowaniu, c<span style=\"font-size: xx-large;\"><span style=\"font-size: medium;\">harakteryzuje si\u0119 prostot\u0105 i intuicyjn\u0105 obs\u0142ug\u0105. O\u015bwietlenie LED zapewnia d\u0142ugotrwa\u0142\u0105 \u017cywotno\u015b\u0107 \u017ar\u00f3d\u0142a \u015bwiat\u0142a. System optyczny, wyposa\u017cony w apochromatyczne szk\u0142a, zapewnia wysok\u0105 rozdzielczo\u015b\u0107 oraz kontrast obrazu 3D, du\u017c\u0105 g\u0142\u0119bie obrazu i szerokie pole widzenia.<\/span><\/span><\/p>\n<p>Model AC-2311 YDJ posiada trzy powi\u0119kszenia 3.75x, 7x, 15x, wbudowana kamera 1\/4\u201d CCD.<\/p>\n<p>Parametry:<br \/>\npowi\u0119kszenia: AC-2311 YDJ: 3.75x, 7x, 15x ogniskowa: 300mm<br \/>\npole widzenia: 79mm, 39mm, 19mm;<br \/>\ng\u0142\u0119bia ostro\u015bci:\u00a0 4.5mm, 1.13mm, 0.76mm<br \/>\nnat\u0119\u017cenie \u015bwiat\u0142a: &gt; 40.000 lux<br \/>\nindywidualnie regulowane okulary 16,7 x<br \/>\ndwa okr\u0119gi pomiarowe, wbudowane w prawy okular<br \/>\np\u0142ynna regulacja jasno\u015bci<br \/>\nfiltr \u015bwiat\u0142a w kolorze zielonym<br \/>\n\u0142atwo wymienialna dioda LED<br \/>\nregulacja wysoko\u015bci: 950mm ~ 1250mm<br \/>\npokr\u0119t\u0142o dostrajania ostro\u015bci<br \/>\nregulacja wysoko\u015bci (zgrubna \/ dok\u0142adna)<br \/>\ndostarczony produkt jest gotowy do u\u017cycia po wyj\u0119ciu z opakowania (nie ma potrzeby wzywania serwisanta do monta\u017cu)<br \/>\nzasilanie sieciowe: 230V<\/p>\n<h4 class=\"western\" style=\"text-align: left;\" align=\"center\"><span style=\"font-size: xx-large;\"><strong><span style=\"font-size: medium;\">Rodzina kolposkop\u00f3w AC-2000:<\/span><\/strong><\/span><\/h4>\n<ul type=\"square\">\n<li>AC-2110 \u2013 \u017ar\u00f3d\u0142o \u015bwiat\u0142a LED, jedno powi\u0119kszenie 7.5xAC-2111 \u2013 \u017ar\u00f3d\u0142o \u015bwiat\u0142a LED, jedno powi\u0119kszenie 7.5x, wbudowana kamera 1\/4\u201d CCDAC-2310 \u2013 \u017ar\u00f3d\u0142o \u015bwiat\u0142a LED, trzy powi\u0119kszenia 3.75x, 7x, 15xAC-2311 \u2013 \u017ar\u00f3d\u0142o \u015bwiat\u0142a LED, trzy powi\u0119kszenia 3.75x, 7x, 15x, wbudowana kamera 1\/4\u201d CCD<\/li>\n<li>Kolposkopy AC-2000 wyst\u0119puj\u0105 w wersji prostej, z ramieniem &#8220;\u0142amanym&#8221; DA, oraz z ramieniem rozk\u0142adanym wersja YDJ<\/li>\n<li>Mo\u017cliwo\u015b\u0107 doposa\u017cenia kolposkopu w filtry laserowe, stojak na monitor, monitor, walizk\u0119 transportow\u0105<\/li>\n<\/ul>\n<p>&nbsp;<\/p>\n<p>&nbsp;<\/p>\n","protected":false},"excerpt":{"rendered":"<p>Kolposkop AC-2311 YDJ to klasyczny mikroskop optyczny z wbudowan\u0105 kamer\u0105 video i rozk\u0142adanym ramieniem. Kolposkop ten jest bardzo ergonomiczny w u\u017cytkowaniu, charakteryzuje si\u0119 prostot\u0105 i intuicyjn\u0105 obs\u0142ug\u0105. O\u015bwietlenie LED zapewnia d\u0142ugotrwa\u0142\u0105 \u017cywotno\u015b\u0107 \u017ar\u00f3d\u0142a \u015bwiat\u0142a. System optyczny, wyposa\u017cony w apochromatyczne szk\u0142a, zapewnia wysok\u0105 rozdzielczo\u015b\u0107 oraz kontrast&hellip;<\/p>\n","protected":false},"featured_media":376,"comment_status":"open","ping_status":"closed","template":"","meta":[],"product_cat":[53,54],"product_tag":[64,65,22,56,66],"class_list":{"0":"post-355","1":"product","2":"type-product","3":"status-publish","4":"has-post-thumbnail","6":"product_cat-ginekologia","7":"product_cat-kolposkopy","8":"product_tag-ac-2","9":"product_tag-ac-5","10":"product_tag-alltion","11":"product_tag-kolposkop","12":"product_tag-mikroskop-ginekologiczny","14":"first","15":"instock","16":"taxable","17":"shipping-taxable","18":"purchasable","19":"product-type-simple"},"jetpack_sharing_enabled":true,"_links":{"self":[{"href":"http:\/\/fonax.eu\/index.php?rest_route=\/wp\/v2\/product\/355","targetHints":{"allow":["GET"]}}],"collection":[{"href":"http:\/\/fonax.eu\/index.php?rest_route=\/wp\/v2\/product"}],"about":[{"href":"http:\/\/fonax.eu\/index.php?rest_route=\/wp\/v2\/types\/product"}],"replies":[{"embeddable":true,"href":"http:\/\/fonax.eu\/index.php?rest_route=%2Fwp%2Fv2%2Fcomments&post=355"}],"wp:featuredmedia":[{"embeddable":true,"href":"http:\/\/fonax.eu\/index.php?rest_route=\/wp\/v2\/media\/376"}],"wp:attachment":[{"href":"http:\/\/fonax.eu\/index.php?rest_route=%2Fwp%2Fv2%2Fmedia&parent=355"}],"wp:term":[{"taxonomy":"product_cat","embeddable":true,"href":"http:\/\/fonax.eu\/index.php?rest_route=%2Fwp%2Fv2%2Fproduct_cat&post=355"},{"taxonomy":"product_tag","embeddable":true,"href":"http:\/\/fonax.eu\/index.php?rest_route=%2Fwp%2Fv2%2Fproduct_tag&post=355"}],"curies":[{"name":"wp","href":"https:\/\/api.w.org\/{rel}","templated":true}]}}