{"id":336,"date":"2024-12-20T11:39:38","date_gmt":"2024-12-20T10:39:38","guid":{"rendered":"http:\/\/fonax.eu\/?post_type=product&#038;p=336"},"modified":"2024-12-20T13:16:03","modified_gmt":"2024-12-20T12:16:04","slug":"kabina-audiometryczna-s-40","status":"publish","type":"product","link":"http:\/\/fonax.eu\/?product=kabina-audiometryczna-s-40","title":{"rendered":"Kabina audiometryczna S-40 A 90x90x213"},"content":{"rendered":"<p>Kabiny audiometryczne S-40 to seria kabin diagnostycznych o stopniu t\u0142umienia a\u017c 50 dB. Idealna dla o\u015brodk\u00f3w medycyny pracy, centr\u00f3w konsultacji laryngologicznych i centr\u00f3w aparat\u00f3w s\u0142uchowych.\u00a0Jest kompatybilna ze wszystkimi audiometrami dost\u0119pnymi na rynku, w tym komputerowymi.<br \/>\nKorzystna cena przy dobrych parametrach t\u0142umienia i wysokiej funkcjonalno\u015bci zadowoli nawet wymagaj\u0105cych klient\u00f3w. Powierzchnie zewn\u0119trzne wykonane s\u0105 \u0142atwo zmywalnych materia\u0142\u00f3w, kabina ma elegancki wygl\u0105d. Wewn\u0105trz kabiny zainstalowane jest o\u015bwietlenie<\/p>\n<p>Kabina dost\u0119pna jest rozmiarach:<\/p>\n<table class=\"modelos\" style=\"height: 207px;\" width=\"515\">\n<tbody>\n<tr>\n<td class=\"title\" width=\"63\">S40-A<\/td>\n<td width=\"113\">90 x 90 x 213<\/td>\n<\/tr>\n<tr>\n<td class=\"title\" width=\"63\">S40-B<\/td>\n<td width=\"113\">110 x 110 x 213<\/td>\n<\/tr>\n<tr>\n<td class=\"title\" width=\"63\">S40-C<\/td>\n<td width=\"113\">127 x 127 x 213<\/td>\n<\/tr>\n<tr>\n<td class=\"title\" width=\"63\">S40-D wersja mobilna<\/td>\n<td width=\"113\">86 x 73 x 187<\/td>\n<\/tr>\n<tr>\n<td class=\"title\" width=\"63\">S40-E<\/td>\n<td width=\"113\">133 x 133 x 213<\/td>\n<\/tr>\n<tr>\n<td class=\"title\" width=\"63\">S40-F<\/td>\n<td width=\"113\">Wymiar na \u017cyczenie<\/td>\n<\/tr>\n<\/tbody>\n<\/table>\n<p>&nbsp;<\/p>\n<p>Akcesoria dodatkowe:<br \/>\n&#8211; podjazd dla w\u00f3zk\u00f3w inwalidzkich<br \/>\n&#8211; k\u00f3\u0142ka<br \/>\n&#8211; panele zmywalne wewn\u0119trzne deluxe 100%<\/p>\n\n\t\t<style type=\"text\/css\">\n\t\t\t#gallery-1 {\n\t\t\t\tmargin: auto;\n\t\t\t}\n\t\t\t#gallery-1 .gallery-item {\n\t\t\t\tfloat: left;\n\t\t\t\tmargin-top: 10px;\n\t\t\t\ttext-align: center;\n\t\t\t\twidth: 33%;\n\t\t\t}\n\t\t\t#gallery-1 img {\n\t\t\t\tborder: 2px solid #cfcfcf;\n\t\t\t}\n\t\t\t#gallery-1 .gallery-caption {\n\t\t\t\tmargin-left: 0;\n\t\t\t}\n\t\t\t\/* see gallery_shortcode() in wp-includes\/media.php *\/\n\t\t<\/style>\n\t\t<div id='gallery-1' class='gallery galleryid-336 gallery-columns-3 gallery-size-thumbnail'><dl class='gallery-item'>\n\t\t\t<dt class='gallery-icon landscape'>\n\t\t\t\t<a href='http:\/\/fonax.eu\/?attachment_id=337'><img loading=\"lazy\" decoding=\"async\" width=\"150\" height=\"150\" src=\"http:\/\/fonax.eu\/wp-content\/uploads\/2024\/12\/kola-150x150.jpg\" class=\"attachment-thumbnail size-thumbnail\" alt=\"\" aria-describedby=\"gallery-1-337\" srcset=\"http:\/\/fonax.eu\/wp-content\/uploads\/2024\/12\/kola-150x150.jpg 150w, http:\/\/fonax.eu\/wp-content\/uploads\/2024\/12\/kola-100x100.jpg 100w\" sizes=\"auto, (max-width: 150px) 100vw, 150px\" \/><\/a>\n\t\t\t<\/dt>\n\t\t\t\t<dd class='wp-caption-text gallery-caption' id='gallery-1-337'>\n\t\t\t\tS-40 akcesoria ko\u0142a\n\t\t\t\t<\/dd><\/dl><dl class='gallery-item'>\n\t\t\t<dt class='gallery-icon landscape'>\n\t\t\t\t<a href='http:\/\/fonax.eu\/?attachment_id=338'><img loading=\"lazy\" decoding=\"async\" width=\"150\" height=\"150\" src=\"http:\/\/fonax.eu\/wp-content\/uploads\/2024\/12\/panele-zmywalne-150x150.jpg\" class=\"attachment-thumbnail size-thumbnail\" alt=\"\" aria-describedby=\"gallery-1-338\" srcset=\"http:\/\/fonax.eu\/wp-content\/uploads\/2024\/12\/panele-zmywalne-150x150.jpg 150w, http:\/\/fonax.eu\/wp-content\/uploads\/2024\/12\/panele-zmywalne-100x100.jpg 100w\" sizes=\"auto, (max-width: 150px) 100vw, 150px\" \/><\/a>\n\t\t\t<\/dt>\n\t\t\t\t<dd class='wp-caption-text gallery-caption' id='gallery-1-338'>\n\t\t\t\tS-40 panele zmywalne\n\t\t\t\t<\/dd><\/dl><dl class='gallery-item'>\n\t\t\t<dt class='gallery-icon landscape'>\n\t\t\t\t<a href='http:\/\/fonax.eu\/?attachment_id=339'><img loading=\"lazy\" decoding=\"async\" width=\"150\" height=\"150\" src=\"http:\/\/fonax.eu\/wp-content\/uploads\/2024\/12\/podjazd-dla-wozkow-150x150.jpg\" class=\"attachment-thumbnail size-thumbnail\" alt=\"\" aria-describedby=\"gallery-1-339\" srcset=\"http:\/\/fonax.eu\/wp-content\/uploads\/2024\/12\/podjazd-dla-wozkow-150x150.jpg 150w, http:\/\/fonax.eu\/wp-content\/uploads\/2024\/12\/podjazd-dla-wozkow-100x100.jpg 100w\" sizes=\"auto, (max-width: 150px) 100vw, 150px\" \/><\/a>\n\t\t\t<\/dt>\n\t\t\t\t<dd class='wp-caption-text gallery-caption' id='gallery-1-339'>\n\t\t\t\tS-40 podjazd dla w\u00f3zk\u00f3w\n\t\t\t\t<\/dd><\/dl><br style=\"clear: both\" \/><dl class='gallery-item'>\n\t\t\t<dt class='gallery-icon landscape'>\n\t\t\t\t<a href='http:\/\/fonax.eu\/?attachment_id=340'><img loading=\"lazy\" decoding=\"async\" width=\"150\" height=\"150\" src=\"http:\/\/fonax.eu\/wp-content\/uploads\/2024\/12\/S40-budowa-panelowa-150x150.jpg\" class=\"attachment-thumbnail size-thumbnail\" alt=\"\" aria-describedby=\"gallery-1-340\" srcset=\"http:\/\/fonax.eu\/wp-content\/uploads\/2024\/12\/S40-budowa-panelowa-150x150.jpg 150w, http:\/\/fonax.eu\/wp-content\/uploads\/2024\/12\/S40-budowa-panelowa-300x300.jpg 300w, http:\/\/fonax.eu\/wp-content\/uploads\/2024\/12\/S40-budowa-panelowa-100x100.jpg 100w\" sizes=\"auto, (max-width: 150px) 100vw, 150px\" \/><\/a>\n\t\t\t<\/dt>\n\t\t\t\t<dd class='wp-caption-text gallery-caption' id='gallery-1-340'>\n\t\t\t\tS-40 budowa panelowa\n\t\t\t\t<\/dd><\/dl><dl class='gallery-item'>\n\t\t\t<dt class='gallery-icon landscape'>\n\t\t\t\t<a href='http:\/\/fonax.eu\/?attachment_id=341'><img loading=\"lazy\" decoding=\"async\" width=\"150\" height=\"150\" src=\"http:\/\/fonax.eu\/wp-content\/uploads\/2024\/12\/S40-front-150x150.jpg\" class=\"attachment-thumbnail size-thumbnail\" alt=\"Kabina audiometryczna S-40\" aria-describedby=\"gallery-1-341\" srcset=\"http:\/\/fonax.eu\/wp-content\/uploads\/2024\/12\/S40-front-150x150.jpg 150w, http:\/\/fonax.eu\/wp-content\/uploads\/2024\/12\/S40-front-300x300.jpg 300w, http:\/\/fonax.eu\/wp-content\/uploads\/2024\/12\/S40-front-600x600.jpg 600w, http:\/\/fonax.eu\/wp-content\/uploads\/2024\/12\/S40-front-100x100.jpg 100w, http:\/\/fonax.eu\/wp-content\/uploads\/2024\/12\/S40-front.jpg 700w\" sizes=\"auto, (max-width: 150px) 100vw, 150px\" \/><\/a>\n\t\t\t<\/dt>\n\t\t\t\t<dd class='wp-caption-text gallery-caption' id='gallery-1-341'>\n\t\t\t\tS-40 front\n\t\t\t\t<\/dd><\/dl><dl class='gallery-item'>\n\t\t\t<dt class='gallery-icon landscape'>\n\t\t\t\t<a href='http:\/\/fonax.eu\/?attachment_id=342'><img loading=\"lazy\" decoding=\"async\" width=\"150\" height=\"150\" src=\"http:\/\/fonax.eu\/wp-content\/uploads\/2024\/12\/S40-wentylacja-150x150.jpg\" class=\"attachment-thumbnail size-thumbnail\" alt=\"\" aria-describedby=\"gallery-1-342\" srcset=\"http:\/\/fonax.eu\/wp-content\/uploads\/2024\/12\/S40-wentylacja-150x150.jpg 150w, http:\/\/fonax.eu\/wp-content\/uploads\/2024\/12\/S40-wentylacja-300x300.jpg 300w, http:\/\/fonax.eu\/wp-content\/uploads\/2024\/12\/S40-wentylacja-100x100.jpg 100w\" sizes=\"auto, (max-width: 150px) 100vw, 150px\" \/><\/a>\n\t\t\t<\/dt>\n\t\t\t\t<dd class='wp-caption-text gallery-caption' id='gallery-1-342'>\n\t\t\t\tS-40 wentylacja\n\t\t\t\t<\/dd><\/dl><br style=\"clear: both\" \/><dl class='gallery-item'>\n\t\t\t<dt class='gallery-icon landscape'>\n\t\t\t\t<a href='http:\/\/fonax.eu\/?attachment_id=343'><img loading=\"lazy\" decoding=\"async\" width=\"150\" height=\"150\" src=\"http:\/\/fonax.eu\/wp-content\/uploads\/2024\/12\/S40-150x150.jpg\" class=\"attachment-thumbnail size-thumbnail\" alt=\"\" aria-describedby=\"gallery-1-343\" srcset=\"http:\/\/fonax.eu\/wp-content\/uploads\/2024\/12\/S40-150x150.jpg 150w, http:\/\/fonax.eu\/wp-content\/uploads\/2024\/12\/S40-300x300.jpg 300w, http:\/\/fonax.eu\/wp-content\/uploads\/2024\/12\/S40-100x100.jpg 100w\" sizes=\"auto, (max-width: 150px) 100vw, 150px\" \/><\/a>\n\t\t\t<\/dt>\n\t\t\t\t<dd class='wp-caption-text gallery-caption' id='gallery-1-343'>\n\t\t\t\tS-40\n\t\t\t\t<\/dd><\/dl><dl class='gallery-item'>\n\t\t\t<dt class='gallery-icon landscape'>\n\t\t\t\t<a href='http:\/\/fonax.eu\/?attachment_id=344'><img loading=\"lazy\" decoding=\"async\" width=\"150\" height=\"150\" src=\"http:\/\/fonax.eu\/wp-content\/uploads\/2024\/12\/S40okno-150x150.jpg\" class=\"attachment-thumbnail size-thumbnail\" alt=\"\" aria-describedby=\"gallery-1-344\" srcset=\"http:\/\/fonax.eu\/wp-content\/uploads\/2024\/12\/S40okno-150x150.jpg 150w, http:\/\/fonax.eu\/wp-content\/uploads\/2024\/12\/S40okno-300x300.jpg 300w, http:\/\/fonax.eu\/wp-content\/uploads\/2024\/12\/S40okno-100x100.jpg 100w\" sizes=\"auto, (max-width: 150px) 100vw, 150px\" \/><\/a>\n\t\t\t<\/dt>\n\t\t\t\t<dd class='wp-caption-text gallery-caption' id='gallery-1-344'>\n\t\t\t\tS-40 okno\n\t\t\t\t<\/dd><\/dl>\n\t\t\t<br style='clear: both' \/>\n\t\t<\/div>\n\n<p><iframe loading=\"lazy\" title=\"Audiometric booths\" width=\"1140\" height=\"641\" src=\"https:\/\/www.youtube.com\/embed\/37zV1K8at5g?feature=oembed\" frameborder=\"0\" allow=\"accelerometer; autoplay; clipboard-write; encrypted-media; gyroscope; picture-in-picture; web-share\" referrerpolicy=\"strict-origin-when-cross-origin\" allowfullscreen><\/iframe><\/p>\n","protected":false},"excerpt":{"rendered":"<p>Kabiny audiometryczne S-40 to seria kabin diagnostycznych o stopniu t\u0142umienia a\u017c 50 dB. Idealna dla o\u015brodk\u00f3w medycyny pracy, centr\u00f3w konsultacji laryngologicznych i centr\u00f3w aparat\u00f3w s\u0142uchowych.\u00a0Jest kompatybilna ze wszystkimi audiometrami dost\u0119pnymi na rynku, w tym komputerowymi. Korzystna cena przy dobrych parametrach t\u0142umienia i wysokiej funkcjonalno\u015bci zadowoli&hellip;<\/p>\n","protected":false},"featured_media":343,"comment_status":"open","ping_status":"closed","template":"","meta":[],"product_cat":[60,17],"product_tag":[40,63,62,61],"class_list":{"0":"post-336","1":"product","2":"type-product","3":"status-publish","4":"has-post-thumbnail","6":"product_cat-kabiny-audiometryczne","7":"product_cat-larynglogia","8":"product_tag-audiometr","9":"product_tag-kabina","10":"product_tag-sibel","11":"product_tag-sibelmed","13":"first","14":"instock","15":"taxable","16":"shipping-taxable","17":"purchasable","18":"product-type-simple"},"jetpack_sharing_enabled":true,"_links":{"self":[{"href":"http:\/\/fonax.eu\/index.php?rest_route=\/wp\/v2\/product\/336","targetHints":{"allow":["GET"]}}],"collection":[{"href":"http:\/\/fonax.eu\/index.php?rest_route=\/wp\/v2\/product"}],"about":[{"href":"http:\/\/fonax.eu\/index.php?rest_route=\/wp\/v2\/types\/product"}],"replies":[{"embeddable":true,"href":"http:\/\/fonax.eu\/index.php?rest_route=%2Fwp%2Fv2%2Fcomments&post=336"}],"wp:featuredmedia":[{"embeddable":true,"href":"http:\/\/fonax.eu\/index.php?rest_route=\/wp\/v2\/media\/343"}],"wp:attachment":[{"href":"http:\/\/fonax.eu\/index.php?rest_route=%2Fwp%2Fv2%2Fmedia&parent=336"}],"wp:term":[{"taxonomy":"product_cat","embeddable":true,"href":"http:\/\/fonax.eu\/index.php?rest_route=%2Fwp%2Fv2%2Fproduct_cat&post=336"},{"taxonomy":"product_tag","embeddable":true,"href":"http:\/\/fonax.eu\/index.php?rest_route=%2Fwp%2Fv2%2Fproduct_tag&post=336"}],"curies":[{"name":"wp","href":"https:\/\/api.w.org\/{rel}","templated":true}]}}