{"id":331,"date":"2024-12-20T10:44:14","date_gmt":"2024-12-20T09:44:14","guid":{"rendered":"http:\/\/fonax.eu\/?post_type=product&#038;p=331"},"modified":"2024-12-20T11:38:11","modified_gmt":"2024-12-20T10:38:11","slug":"kabina-audiometryczna-s-basic","status":"publish","type":"product","link":"http:\/\/fonax.eu\/?product=kabina-audiometryczna-s-basic","title":{"rendered":"Kabina audiometryczna S-basic 96&#215;96"},"content":{"rendered":"<p>Kabina audiometryczna S-Basic doskonale spisuje si\u0119 w o\u015brodkach zdrowia. Korzystna cena przy dobrych parametrach t\u0142umienia i wysokiej funkcjonalno\u015bci zadowoli nawet wymagaj\u0105cych klient\u00f3w.<br \/>\nKabina dost\u0119pna jest w 3 wymiarach:<\/p>\n<p>S-BASIC 96 x 96 x 208 cm.<br \/>\nS-BASIC B 110 x 110 x 208 cm.<br \/>\nS-BASIC C 120 x 120 x 208 cm.<\/p>\n<p>W kabinie u\u017cyto nowoczesnych materia\u0142\u00f3w t\u0142umi\u0105cych, pozwalaj\u0105c na redukcj\u0119 wagi przy uzyskaniu bardzo dobrych parametr\u00f3w izolacyjnych.<br \/>\nPowierzchnie zewn\u0119trzne wykonane s\u0105 \u0142atwo zmywalnych materia\u0142\u00f3w, kabina ma elegancki wygl\u0105d. Wewn\u0105trz kabiny zainstalowane jest o\u015bwietlenie<\/p>\n<p>41db SPL dla 10 kHz<br \/>\nSzybki i \u0142atwy monta\u017c<br \/>\nKompatybilna z wi\u0119kszo\u015bci\u0105 audiometr\u00f3w<br \/>\nPanel po\u0142\u0105czeniowy w zestawie<\/p>\n<p><a href=\"http:\/\/fonax.eu\/wp-content\/uploads\/2024\/12\/Kabina-audiometryczna-S-BASIC.pdf\" target=\"_blank\" rel=\"noopener\">Kabina audiometryczna &#8211; S-BASIC<\/a><\/p>\n<p><iframe loading=\"lazy\" title=\"Audiometric booths\" width=\"1140\" height=\"641\" src=\"https:\/\/www.youtube.com\/embed\/37zV1K8at5g?feature=oembed\" frameborder=\"0\" allow=\"accelerometer; autoplay; clipboard-write; encrypted-media; gyroscope; picture-in-picture; web-share\" referrerpolicy=\"strict-origin-when-cross-origin\" allowfullscreen><\/iframe><\/p>\n","protected":false},"excerpt":{"rendered":"<p>Kabina audiometryczna S-Basic doskonale spisuje si\u0119 w o\u015brodkach zdrowia. Korzystna cena przy dobrych parametrach t\u0142umienia i wysokiej funkcjonalno\u015bci zadowoli nawet wymagaj\u0105cych klient\u00f3w. Kabina dost\u0119pna jest w 3 wymiarach: S-BASIC 96 x 96 x 208 cm. S-BASIC B 110 x 110 x 208 cm. S-BASIC C&hellip;<\/p>\n","protected":false},"featured_media":332,"comment_status":"open","ping_status":"closed","template":"","meta":[],"product_cat":[60,17],"product_tag":[40,63,62,61],"class_list":{"0":"post-331","1":"product","2":"type-product","3":"status-publish","4":"has-post-thumbnail","6":"product_cat-kabiny-audiometryczne","7":"product_cat-larynglogia","8":"product_tag-audiometr","9":"product_tag-kabina","10":"product_tag-sibel","11":"product_tag-sibelmed","13":"first","14":"instock","15":"taxable","16":"shipping-taxable","17":"purchasable","18":"product-type-simple"},"jetpack_sharing_enabled":true,"_links":{"self":[{"href":"http:\/\/fonax.eu\/index.php?rest_route=\/wp\/v2\/product\/331","targetHints":{"allow":["GET"]}}],"collection":[{"href":"http:\/\/fonax.eu\/index.php?rest_route=\/wp\/v2\/product"}],"about":[{"href":"http:\/\/fonax.eu\/index.php?rest_route=\/wp\/v2\/types\/product"}],"replies":[{"embeddable":true,"href":"http:\/\/fonax.eu\/index.php?rest_route=%2Fwp%2Fv2%2Fcomments&post=331"}],"wp:featuredmedia":[{"embeddable":true,"href":"http:\/\/fonax.eu\/index.php?rest_route=\/wp\/v2\/media\/332"}],"wp:attachment":[{"href":"http:\/\/fonax.eu\/index.php?rest_route=%2Fwp%2Fv2%2Fmedia&parent=331"}],"wp:term":[{"taxonomy":"product_cat","embeddable":true,"href":"http:\/\/fonax.eu\/index.php?rest_route=%2Fwp%2Fv2%2Fproduct_cat&post=331"},{"taxonomy":"product_tag","embeddable":true,"href":"http:\/\/fonax.eu\/index.php?rest_route=%2Fwp%2Fv2%2Fproduct_tag&post=331"}],"curies":[{"name":"wp","href":"https:\/\/api.w.org\/{rel}","templated":true}]}}