{"id":325,"date":"2024-12-19T10:39:30","date_gmt":"2024-12-19T09:39:30","guid":{"rendered":"http:\/\/fonax.eu\/?post_type=product&#038;p=325"},"modified":"2025-01-30T12:34:23","modified_gmt":"2025-01-30T11:34:23","slug":"lampa-czolowa-hl8000c","status":"publish","type":"product","link":"http:\/\/fonax.eu\/?product=lampa-czolowa-hl8000c","title":{"rendered":"Lampa czo\u0142owa HL8000C"},"content":{"rendered":"<p>Nowoczesna lampa czo\u0142owa HL8000 wyposa\u017cona jest w bardzo jasn\u0105 diod\u0119 LED.<br \/>\nLampa posiada zasilanie bateryjne z bardzo d\u0142ugim czasem pracy a\u017c 3,5h ci\u0105g\u0142ego \u015bwiecenia.<br \/>\nBateria zaczepiana jest na czepcu za pomoc\u0105 zatrzask\u00f3w, dzi\u0119ki czemu nie ma pl\u0105cz\u0105cych si\u0119 kabli.<\/p>\n<p>Lampa posiada regulacj\u0119 wielko\u015bci skupienia promienia \u015bwiat\u0142a oraz k\u0105ta \u015bwiecenia.<br \/>\nRegulowany czepiec umo\u017cliwia wygodn\u0105 i komfortow\u0105 prac\u0119. Elementy wy\u015bcie\u0142aj\u0105ce czepiec s\u0105 demontowalne w celu \u0142atwiejszego utrzymania ich w czysto\u015bci.<br \/>\nKonstrukcja umo\u017cliwia do\u0142\u0105czenia lup okularowych.<br \/>\n\u2022 mo\u017cliwo\u015b\u0107 pracy bezprzewodowej oraz podczas \u0142adowania akumulatora<br \/>\n\u2022 zaawansowana technologia LED: 90000 luks\u00f3w bia\u0142ego \u015bwiat\u0142a w odleg\u0142o\u015bci 18cm<br \/>\n\u2022 \u017cywotno\u015b\u0107 50 000 godzin, CRI&gt;90<br \/>\n\u2022 bateria litowa 7.4V ze wska\u017anikiem poziomu na\u0142adowania<br \/>\n\u2022 indywidualna regulacja wysoko\u015bci, k\u0105ta i skupienia wi\u0105zki \u015bwiat\u0142a<br \/>\n\u2022 promie\u0144 \u015bwiat\u0142a w 100% wolny od cieni<br \/>\n\u2022 mo\u017cliwo\u015b\u0107 wsp\u00f3\u0142pracy z lupami binokularowymi o powi\u0119kszeniach 2.5x-6.5x<br \/>\n\u2022 mo\u017cliwo\u015b\u0107 zamontowania filtra polaryzacyjnego<\/p>\n<p>Parametry techniczne:<br \/>\n\u0179r\u00f3d\u0142o \u015bwiat\u0142a: bardzo jasna dioda LED<br \/>\nMoc diody: 5W<br \/>\nNat\u0119\u017cenie o\u015bwietlenia: 90 000lx<br \/>\nTemperatura barwowa 5500K<br \/>\nDystans roboczy: 420mm<br \/>\nPromie\u0144 \u015bwiat\u0142a: 20 \u2013 80mm w odleg\u0142o\u015bci 18\/20cm<br \/>\nCzas pracy: 3,5 h \u0142adowanie 2h<br \/>\n\u017bywotno\u015b\u0107 \u017car\u00f3wki: 50 000h<br \/>\nWaga: 70g \u2013 bez opaski<br \/>\nWaga z akumulatorem: 460g<br \/>\nNorma bezpiecze\u0144stwa elektrycznego: IEC60601.1 klasa II Urz\u0105dzenia typu BF<\/p>\n<p><img loading=\"lazy\" decoding=\"async\" class=\"alignnone size-medium wp-image-327\" src=\"http:\/\/fonax.eu\/wp-content\/uploads\/2024\/12\/Clipboard_12-19-2024_01-300x151.jpg\" alt=\"\" width=\"300\" height=\"151\" srcset=\"http:\/\/fonax.eu\/wp-content\/uploads\/2024\/12\/Clipboard_12-19-2024_01-300x151.jpg 300w, http:\/\/fonax.eu\/wp-content\/uploads\/2024\/12\/Clipboard_12-19-2024_01.jpg 335w\" sizes=\"auto, (max-width: 300px) 100vw, 300px\" \/><\/p>\n","protected":false},"excerpt":{"rendered":"<p>Lekka i wygodna lampa czo\u0142owa HL8000, model C. Lampa posiada bateri\u0119 montowan\u0105 bezpo\u015brednio na czepcu, dzi\u0119ki czemu nie ma pl\u0105cz\u0105cych si\u0119 kabli.\u00a0 Zalety:<\/p>\n<ul>\n<li>regulacja wielko\u015bci skupienia promienia \u015bwiat\u0142a<\/li>\n<li>regulacja k\u0105ta \u015bwiecenia<\/li>\n<li>czas ci\u0105g\u0142ego \u015bwiecenia a\u017c 3,5h<\/li>\n<li>nat\u0119\u017cenie a\u017c 90000 Lux<\/li>\n<li>bateria\u00a0 montowana na czepcu<\/li>\n<\/ul>\n<p><strong>Zapytaj o wypo\u017cyczenie<\/strong><\/p>\n","protected":false},"featured_media":328,"comment_status":"open","ping_status":"closed","template":"","meta":[],"product_cat":[47,17],"product_tag":[22,21],"class_list":{"0":"post-325","1":"product","2":"type-product","3":"status-publish","4":"has-post-thumbnail","6":"product_cat-lampy-czolowe","7":"product_cat-larynglogia","8":"product_tag-alltion","9":"product_tag-lampa-czolowa","11":"first","12":"instock","13":"sale","14":"taxable","15":"shipping-taxable","16":"purchasable","17":"product-type-simple"},"jetpack_sharing_enabled":true,"_links":{"self":[{"href":"http:\/\/fonax.eu\/index.php?rest_route=\/wp\/v2\/product\/325","targetHints":{"allow":["GET"]}}],"collection":[{"href":"http:\/\/fonax.eu\/index.php?rest_route=\/wp\/v2\/product"}],"about":[{"href":"http:\/\/fonax.eu\/index.php?rest_route=\/wp\/v2\/types\/product"}],"replies":[{"embeddable":true,"href":"http:\/\/fonax.eu\/index.php?rest_route=%2Fwp%2Fv2%2Fcomments&post=325"}],"wp:featuredmedia":[{"embeddable":true,"href":"http:\/\/fonax.eu\/index.php?rest_route=\/wp\/v2\/media\/328"}],"wp:attachment":[{"href":"http:\/\/fonax.eu\/index.php?rest_route=%2Fwp%2Fv2%2Fmedia&parent=325"}],"wp:term":[{"taxonomy":"product_cat","embeddable":true,"href":"http:\/\/fonax.eu\/index.php?rest_route=%2Fwp%2Fv2%2Fproduct_cat&post=325"},{"taxonomy":"product_tag","embeddable":true,"href":"http:\/\/fonax.eu\/index.php?rest_route=%2Fwp%2Fv2%2Fproduct_tag&post=325"}],"curies":[{"name":"wp","href":"https:\/\/api.w.org\/{rel}","templated":true}]}}