{"id":313,"date":"2024-12-17T14:08:34","date_gmt":"2024-12-17T13:08:34","guid":{"rendered":"http:\/\/fonax.eu\/?post_type=product&#038;p=313"},"modified":"2025-02-04T13:44:06","modified_gmt":"2025-02-04T12:44:06","slug":"videolaryngoskop-elastyczny-z-monitorem-s-fvl","status":"publish","type":"product","link":"http:\/\/fonax.eu\/?product=videolaryngoskop-elastyczny-z-monitorem-s-fvl","title":{"rendered":"Videolaryngoskop elastyczny z monitorem S-FVL"},"content":{"rendered":"<p>Elastyczny videolaryngoskop z 3,5&#8243; monitorem dotykowym i kart\u0105 pami\u0119ci 32G.\u00a0 \u0141adowanie przez port USB-C. Mo\u017cliwo\u015b\u0107 stosowania videolaryngoskopu z monitorami 7&#8243;, 8&#8243; lub 10&#8243;.<br \/>\nW opcji stojak na ko\u0142ach z uchwytem na monitor i koszykiem<\/p>\n<p>Szerokie zastosowanie:<br \/>\n<kbd>-<\/kbd>Trudna intubacja dr\u00f3g oddechowych, wstrzykni\u0119cie leku<br \/>\n\u2013 Inspekcja dr\u00f3g oddechowych i podw\u00f3jnej komory<br \/>\n\u2013 Leczenie odmy op\u0142ucnowej, implantacja stentu<br \/>\n\u2013 Usuwanie cia\u0142 obcych z tchawicy, biopsja<br \/>\n\u2013 EBUS \u2013 Przezoskrzelowa ig\u0142owa aspiracja<\/p>\n<p>Videolaryngoskop dost\u0119pny jest w kilku odmianach z kana\u0142em roboczym lub bez.<\/p>\n<table border=\"0\" cellspacing=\"0\">\n<colgroup width=\"81\"><\/colgroup>\n<colgroup width=\"79\"><\/colgroup>\n<colgroup width=\"82\"><\/colgroup>\n<colgroup width=\"89\"><\/colgroup>\n<colgroup width=\"113\"><\/colgroup>\n<colgroup width=\"69\"><\/colgroup>\n<colgroup width=\"71\"><\/colgroup>\n<colgroup width=\"107\"><\/colgroup>\n<tbody>\n<tr>\n<td align=\"center\" height=\"32\" data-sheets-value=\"{ &quot;1&quot;: 2, &quot;2&quot;: &quot;Numer katalogowy&quot;}\"><span style=\"font-size: xx-small;\">N<strong>umer katalogowy<\/strong><\/span><\/td>\n<td align=\"center\" data-sheets-value=\"{ &quot;1&quot;: 2, &quot;2&quot;: &quot;\u015arednica zewn\u0119trzna&quot;}\"><strong><span style=\"font-size: xx-small;\">\u015arednica zewn\u0119trzna<\/span><\/strong><\/td>\n<td align=\"center\" data-sheets-value=\"{ &quot;1&quot;: 2, &quot;2&quot;: &quot;Kana\u0142 roboczy&quot;}\"><strong><span style=\"font-size: xx-small;\">Kana\u0142 roboczy<\/span><\/strong><\/td>\n<td align=\"center\" data-sheets-value=\"{ &quot;1&quot;: 2, &quot;2&quot;: &quot;D\u0142ugo\u015b\u0107 [mm]&quot;}\"><strong><span style=\"font-size: xx-small;\">D\u0142ugo\u015b\u0107 [mm]<\/span><\/strong><\/td>\n<td align=\"center\" data-sheets-value=\"{ &quot;1&quot;: 2, &quot;2&quot;: &quot;Rozdzielczo\u015b\u0107 kamery&quot;}\"><strong><span style=\"font-size: xx-small;\">Rozdzielczo\u015b\u0107 kamery<\/span><\/strong><\/td>\n<td align=\"center\" data-sheets-value=\"{ &quot;1&quot;: 2, &quot;2&quot;: &quot;K\u0105t widzenia&quot;}\"><strong><span style=\"font-size: xx-small;\">K\u0105t widzenia<\/span><\/strong><\/td>\n<td align=\"center\" data-sheets-value=\"{ &quot;1&quot;: 2, &quot;2&quot;: &quot;Focus&quot;}\"><strong><span style=\"font-size: xx-small;\">Focus<\/span><\/strong><\/td>\n<td align=\"center\" data-sheets-value=\"{ &quot;1&quot;: 2, &quot;2&quot;: &quot; Ssanie\\\/Biopsja&quot;}\"><strong><span style=\"font-size: xx-small;\"> Ssanie\/Biopsja<\/span><\/strong><\/td>\n<\/tr>\n<tr>\n<td align=\"center\" height=\"21\" data-sheets-value=\"{ &quot;1&quot;: 2, &quot;2&quot;: &quot;S-2200&quot;}\"><strong><span style=\"font-size: xx-small;\">S-2200<\/span><\/strong><\/td>\n<td align=\"center\" data-sheets-value=\"{ &quot;1&quot;: 3, &quot;3&quot;: 2}\" data-sheets-numberformat=\"{ &quot;1&quot;: 2, &quot;2&quot;: &quot;0,00&quot;, &quot;3&quot;: 1}\"><strong><span style=\"font-size: xx-small;\">2,20<\/span><\/strong><\/td>\n<td align=\"center\" data-sheets-value=\"{ &quot;1&quot;: 2, &quot;2&quot;: &quot;-&quot;}\"><strong><span style=\"font-size: xx-small;\">&#8211;<\/span><\/strong><\/td>\n<td align=\"center\" data-sheets-value=\"{ &quot;1&quot;: 2, &quot;2&quot;: &quot;300-650&quot;}\"><strong><span style=\"font-size: xx-small;\">300-650<\/span><\/strong><\/td>\n<td align=\"center\" data-sheets-value=\"{ &quot;1&quot;: 2, &quot;2&quot;: &quot;400x400&quot;}\"><strong><span style=\"font-size: xx-small;\">400&#215;400<\/span><\/strong><\/td>\n<td align=\"center\" data-sheets-value=\"{ &quot;1&quot;: 2, &quot;2&quot;: &quot;110\u00ba&quot;}\"><strong><span style=\"font-size: xx-small;\">110\u00ba<\/span><\/strong><\/td>\n<td align=\"center\" data-sheets-value=\"{ &quot;1&quot;: 2, &quot;2&quot;: &quot;3-50&quot;}\"><strong><span style=\"font-size: xx-small;\">3-50<\/span><\/strong><\/td>\n<td align=\"center\" data-sheets-value=\"{ &quot;1&quot;: 2, &quot;2&quot;: &quot;-&quot;}\"><strong><span style=\"font-size: xx-small;\">&#8211;<\/span><\/strong><\/td>\n<\/tr>\n<tr>\n<td align=\"center\" height=\"21\" data-sheets-value=\"{ &quot;1&quot;: 2, &quot;2&quot;: &quot;S-2800&quot;}\"><strong><span style=\"font-size: xx-small;\">S-2800<\/span><\/strong><\/td>\n<td align=\"center\" data-sheets-value=\"{ &quot;1&quot;: 3, &quot;3&quot;: 2}\" data-sheets-numberformat=\"{ &quot;1&quot;: 2, &quot;2&quot;: &quot;0,00&quot;, &quot;3&quot;: 1}\"><strong><span style=\"font-size: xx-small;\">2,80<\/span><\/strong><\/td>\n<td align=\"center\" data-sheets-value=\"{ &quot;1&quot;: 2, &quot;2&quot;: &quot;-&quot;}\"><strong><span style=\"font-size: xx-small;\">&#8211;<\/span><\/strong><\/td>\n<td align=\"center\" data-sheets-value=\"{ &quot;1&quot;: 2, &quot;2&quot;: &quot;300-650&quot;}\"><strong><span style=\"font-size: xx-small;\">300-650<\/span><\/strong><\/td>\n<td align=\"center\" data-sheets-value=\"{ &quot;1&quot;: 2, &quot;2&quot;: &quot;400x400&quot;}\"><strong><span style=\"font-size: xx-small;\">400&#215;400<\/span><\/strong><\/td>\n<td align=\"center\" data-sheets-value=\"{ &quot;1&quot;: 2, &quot;2&quot;: &quot;110\u00ba&quot;}\"><strong><span style=\"font-size: xx-small;\">110\u00ba<\/span><\/strong><\/td>\n<td align=\"center\" data-sheets-value=\"{ &quot;1&quot;: 2, &quot;2&quot;: &quot;3-50&quot;}\"><strong><span style=\"font-size: xx-small;\">3-50<\/span><\/strong><\/td>\n<td align=\"center\" data-sheets-value=\"{ &quot;1&quot;: 2, &quot;2&quot;: &quot;-&quot;}\"><strong><span style=\"font-size: xx-small;\">&#8211;<\/span><\/strong><\/td>\n<\/tr>\n<tr>\n<td align=\"center\" height=\"21\" data-sheets-value=\"{ &quot;1&quot;: 2, &quot;2&quot;: &quot;S-3512&quot;}\"><strong><span style=\"font-size: xx-small;\">S-3512<\/span><\/strong><\/td>\n<td align=\"center\" data-sheets-value=\"{ &quot;1&quot;: 3, &quot;3&quot;: 3}\" data-sheets-numberformat=\"{ &quot;1&quot;: 2, &quot;2&quot;: &quot;0,00&quot;, &quot;3&quot;: 1}\"><strong><span style=\"font-size: xx-small;\">3,50<\/span><\/strong><\/td>\n<td align=\"center\" data-sheets-value=\"{ &quot;1&quot;: 3, &quot;3&quot;: 1}\" data-sheets-numberformat=\"{ &quot;1&quot;: 2, &quot;2&quot;: &quot;0,00&quot;, &quot;3&quot;: 1}\"><strong><span style=\"font-size: xx-small;\">1,20<\/span><\/strong><\/td>\n<td align=\"center\" data-sheets-value=\"{ &quot;1&quot;: 2, &quot;2&quot;: &quot;300-650&quot;}\"><strong><span style=\"font-size: xx-small;\">300-650<\/span><\/strong><\/td>\n<td align=\"center\" data-sheets-value=\"{ &quot;1&quot;: 2, &quot;2&quot;: &quot;400x400&quot;}\"><strong><span style=\"font-size: xx-small;\">400&#215;400<\/span><\/strong><\/td>\n<td align=\"center\" data-sheets-value=\"{ &quot;1&quot;: 2, &quot;2&quot;: &quot;110\u00ba&quot;}\"><strong><span style=\"font-size: xx-small;\">110\u00ba<\/span><\/strong><\/td>\n<td align=\"center\" data-sheets-value=\"{ &quot;1&quot;: 2, &quot;2&quot;: &quot;3-50&quot;}\"><strong><span style=\"font-size: xx-small;\">3-50<\/span><\/strong><\/td>\n<td align=\"center\" data-sheets-value=\"{ &quot;1&quot;: 2, &quot;2&quot;: &quot;TAK&quot;}\"><strong><span style=\"font-size: xx-small;\">TAK<\/span><\/strong><\/td>\n<\/tr>\n<tr>\n<td align=\"center\" height=\"21\" data-sheets-value=\"{ &quot;1&quot;: 2, &quot;2&quot;: &quot;S-3816&quot;}\"><strong><span style=\"font-size: xx-small;\">S-3816<\/span><\/strong><\/td>\n<td align=\"center\" data-sheets-value=\"{ &quot;1&quot;: 3, &quot;3&quot;: 3}\" data-sheets-numberformat=\"{ &quot;1&quot;: 2, &quot;2&quot;: &quot;0,00&quot;, &quot;3&quot;: 1}\"><strong><span style=\"font-size: xx-small;\">3,80<\/span><\/strong><\/td>\n<td align=\"center\" data-sheets-value=\"{ &quot;1&quot;: 3, &quot;3&quot;: 1}\" data-sheets-numberformat=\"{ &quot;1&quot;: 2, &quot;2&quot;: &quot;0,00&quot;, &quot;3&quot;: 1}\"><strong><span style=\"font-size: xx-small;\">1,60<\/span><\/strong><\/td>\n<td align=\"center\" data-sheets-value=\"{ &quot;1&quot;: 2, &quot;2&quot;: &quot;300-650&quot;}\"><strong><span style=\"font-size: xx-small;\">300-650<\/span><\/strong><\/td>\n<td align=\"center\" data-sheets-value=\"{ &quot;1&quot;: 2, &quot;2&quot;: &quot;400x400&quot;}\"><strong><span style=\"font-size: xx-small;\">400&#215;400<\/span><\/strong><\/td>\n<td align=\"center\" data-sheets-value=\"{ &quot;1&quot;: 2, &quot;2&quot;: &quot;110\u00ba&quot;}\"><strong><span style=\"font-size: xx-small;\">110\u00ba<\/span><\/strong><\/td>\n<td align=\"center\" data-sheets-value=\"{ &quot;1&quot;: 2, &quot;2&quot;: &quot;3-50&quot;}\"><strong><span style=\"font-size: xx-small;\">3-50<\/span><\/strong><\/td>\n<td align=\"center\" data-sheets-value=\"{ &quot;1&quot;: 2, &quot;2&quot;: &quot;TAK&quot;}\"><strong><span style=\"font-size: xx-small;\">TAK<\/span><\/strong><\/td>\n<\/tr>\n<tr>\n<td align=\"center\" height=\"21\" data-sheets-value=\"{ &quot;1&quot;: 2, &quot;2&quot;: &quot;S-4320&quot;}\"><strong><span style=\"font-size: xx-small;\">S-4320<\/span><\/strong><\/td>\n<td align=\"center\" data-sheets-value=\"{ &quot;1&quot;: 3, &quot;3&quot;: 4}\" data-sheets-numberformat=\"{ &quot;1&quot;: 2, &quot;2&quot;: &quot;0,00&quot;, &quot;3&quot;: 1}\"><strong><span style=\"font-size: xx-small;\">4,30<\/span><\/strong><\/td>\n<td align=\"center\" data-sheets-value=\"{ &quot;1&quot;: 3, &quot;3&quot;: 2}\" data-sheets-numberformat=\"{ &quot;1&quot;: 2, &quot;2&quot;: &quot;0,00&quot;, &quot;3&quot;: 1}\"><strong><span style=\"font-size: xx-small;\">2,00<\/span><\/strong><\/td>\n<td align=\"center\" data-sheets-value=\"{ &quot;1&quot;: 2, &quot;2&quot;: &quot;300-650&quot;}\"><strong><span style=\"font-size: xx-small;\">300-650<\/span><\/strong><\/td>\n<td align=\"center\" data-sheets-value=\"{ &quot;1&quot;: 2, &quot;2&quot;: &quot;400x400&quot;}\"><strong><span style=\"font-size: xx-small;\">400&#215;400<\/span><\/strong><\/td>\n<td align=\"center\" data-sheets-value=\"{ &quot;1&quot;: 2, &quot;2&quot;: &quot;110\u00ba&quot;}\"><strong><span style=\"font-size: xx-small;\">110\u00ba<\/span><\/strong><\/td>\n<td align=\"center\" data-sheets-value=\"{ &quot;1&quot;: 2, &quot;2&quot;: &quot;3-50&quot;}\"><strong><span style=\"font-size: xx-small;\">3-50<\/span><\/strong><\/td>\n<td align=\"center\" data-sheets-value=\"{ &quot;1&quot;: 2, &quot;2&quot;: &quot;TAK&quot;}\"><strong><span style=\"font-size: xx-small;\">TAK<\/span><\/strong><\/td>\n<\/tr>\n<tr>\n<td align=\"center\" height=\"21\" data-sheets-value=\"{ &quot;1&quot;: 2, &quot;2&quot;: &quot;S-5226&quot;}\"><strong><span style=\"font-size: xx-small;\">S-5226<\/span><\/strong><\/td>\n<td align=\"center\" data-sheets-value=\"{ &quot;1&quot;: 3, &quot;3&quot;: 5}\" data-sheets-numberformat=\"{ &quot;1&quot;: 2, &quot;2&quot;: &quot;0,00&quot;, &quot;3&quot;: 1}\"><strong><span style=\"font-size: xx-small;\">5,20<\/span><\/strong><\/td>\n<td align=\"center\" data-sheets-value=\"{ &quot;1&quot;: 3, &quot;3&quot;: 2}\" data-sheets-numberformat=\"{ &quot;1&quot;: 2, &quot;2&quot;: &quot;0,00&quot;, &quot;3&quot;: 1}\"><strong><span style=\"font-size: xx-small;\">2,60<\/span><\/strong><\/td>\n<td align=\"center\" data-sheets-value=\"{ &quot;1&quot;: 3, &quot;3&quot;: 650}\" data-sheets-numberformat=\"{ &quot;1&quot;: 2, &quot;2&quot;: &quot;0,00&quot;, &quot;3&quot;: 1}\"><strong><span style=\"font-size: xx-small;\">650,00<\/span><\/strong><\/td>\n<td align=\"center\" data-sheets-value=\"{ &quot;1&quot;: 2, &quot;2&quot;: &quot;400x400&quot;}\"><strong><span style=\"font-size: xx-small;\">400&#215;400<\/span><\/strong><\/td>\n<td align=\"center\" data-sheets-value=\"{ &quot;1&quot;: 2, &quot;2&quot;: &quot;110\u00ba&quot;}\"><strong><span style=\"font-size: xx-small;\">110\u00ba<\/span><\/strong><\/td>\n<td align=\"center\" data-sheets-value=\"{ &quot;1&quot;: 2, &quot;2&quot;: &quot;3-50&quot;}\"><strong><span style=\"font-size: xx-small;\">3-50<\/span><\/strong><\/td>\n<td align=\"center\" data-sheets-value=\"{ &quot;1&quot;: 2, &quot;2&quot;: &quot;TAK&quot;}\"><strong><span style=\"font-size: xx-small;\">TAK<\/span><\/strong><\/td>\n<\/tr>\n<tr>\n<td align=\"center\" height=\"21\" data-sheets-value=\"{ &quot;1&quot;: 2, &quot;2&quot;: &quot;S-5830&quot;}\"><strong><span style=\"font-size: xx-small;\">S-5830<\/span><\/strong><\/td>\n<td align=\"center\" data-sheets-value=\"{ &quot;1&quot;: 3, &quot;3&quot;: 5}\" data-sheets-numberformat=\"{ &quot;1&quot;: 2, &quot;2&quot;: &quot;0,00&quot;, &quot;3&quot;: 1}\"><strong><span style=\"font-size: xx-small;\">5,80<\/span><\/strong><\/td>\n<td align=\"center\" data-sheets-value=\"{ &quot;1&quot;: 3, &quot;3&quot;: 3}\" data-sheets-numberformat=\"{ &quot;1&quot;: 2, &quot;2&quot;: &quot;0,00&quot;, &quot;3&quot;: 1}\"><strong><span style=\"font-size: xx-small;\">3,00<\/span><\/strong><\/td>\n<td align=\"center\" data-sheets-value=\"{ &quot;1&quot;: 3, &quot;3&quot;: 650}\" data-sheets-numberformat=\"{ &quot;1&quot;: 2, &quot;2&quot;: &quot;0,00&quot;, &quot;3&quot;: 1}\"><strong><span style=\"font-size: xx-small;\">650,00<\/span><\/strong><\/td>\n<td align=\"center\" data-sheets-value=\"{ &quot;1&quot;: 2, &quot;2&quot;: &quot;400x400&quot;}\"><strong><span style=\"font-size: xx-small;\">400&#215;400<\/span><\/strong><\/td>\n<td align=\"center\" data-sheets-value=\"{ &quot;1&quot;: 2, &quot;2&quot;: &quot;110\u00ba&quot;}\"><strong><span style=\"font-size: xx-small;\">110\u00ba<\/span><\/strong><\/td>\n<td align=\"center\" data-sheets-value=\"{ &quot;1&quot;: 2, &quot;2&quot;: &quot;3-50&quot;}\"><strong><span style=\"font-size: xx-small;\">3-50<\/span><\/strong><\/td>\n<td align=\"center\" data-sheets-value=\"{ &quot;1&quot;: 2, &quot;2&quot;: &quot;TAK&quot;}\"><strong><span style=\"font-size: xx-small;\">TAK<\/span><\/strong><\/td>\n<\/tr>\n<tr>\n<td align=\"center\" height=\"21\" data-sheets-value=\"{ &quot;1&quot;: 2, &quot;2&quot;: &quot;S-3800M&quot;}\"><strong><span style=\"font-size: xx-small;\">S-3800M<\/span><\/strong><\/td>\n<td align=\"center\" data-sheets-value=\"{ &quot;1&quot;: 3, &quot;3&quot;: 3}\" data-sheets-numberformat=\"{ &quot;1&quot;: 2, &quot;2&quot;: &quot;0,00&quot;, &quot;3&quot;: 1}\"><strong><span style=\"font-size: xx-small;\">3,80<\/span><\/strong><\/td>\n<td align=\"center\" data-sheets-value=\"{ &quot;1&quot;: 2, &quot;2&quot;: &quot;-&quot;}\"><strong><span style=\"font-size: xx-small;\">&#8211;<\/span><\/strong><\/td>\n<td align=\"center\" data-sheets-value=\"{ &quot;1&quot;: 2, &quot;2&quot;: &quot;300-650&quot;}\"><strong><span style=\"font-size: xx-small;\">300-650<\/span><\/strong><\/td>\n<td align=\"center\" data-sheets-value=\"{ &quot;1&quot;: 2, &quot;2&quot;: &quot;1280x720&quot;}\"><strong><span style=\"font-size: xx-small;\">1280&#215;720<\/span><\/strong><\/td>\n<td align=\"center\" data-sheets-value=\"{ &quot;1&quot;: 2, &quot;2&quot;: &quot;120\u00ba&quot;}\"><strong><span style=\"font-size: xx-small;\">120\u00ba<\/span><\/strong><\/td>\n<td align=\"center\" data-sheets-value=\"{ &quot;1&quot;: 2, &quot;2&quot;: &quot;5-100&quot;}\"><strong><span style=\"font-size: xx-small;\">5-100<\/span><\/strong><\/td>\n<td align=\"center\" data-sheets-value=\"{ &quot;1&quot;: 2, &quot;2&quot;: &quot;-&quot;}\"><strong><span style=\"font-size: xx-small;\">&#8211;<\/span><\/strong><\/td>\n<\/tr>\n<tr>\n<td align=\"center\" height=\"21\" data-sheets-value=\"{ &quot;1&quot;: 2, &quot;2&quot;: &quot;S-4312M&quot;}\"><strong><span style=\"font-size: xx-small;\">S-4312M<\/span><\/strong><\/td>\n<td align=\"center\" data-sheets-value=\"{ &quot;1&quot;: 3, &quot;3&quot;: 4}\" data-sheets-numberformat=\"{ &quot;1&quot;: 2, &quot;2&quot;: &quot;0,00&quot;, &quot;3&quot;: 1}\"><strong><span style=\"font-size: xx-small;\">4,30<\/span><\/strong><\/td>\n<td align=\"center\" data-sheets-value=\"{ &quot;1&quot;: 3, &quot;3&quot;: 1}\" data-sheets-numberformat=\"{ &quot;1&quot;: 2, &quot;2&quot;: &quot;0,00&quot;, &quot;3&quot;: 1}\"><strong><span style=\"font-size: xx-small;\">1,20<\/span><\/strong><\/td>\n<td align=\"center\" data-sheets-value=\"{ &quot;1&quot;: 2, &quot;2&quot;: &quot;300-650&quot;}\"><strong><span style=\"font-size: xx-small;\">300-650<\/span><\/strong><\/td>\n<td align=\"center\" data-sheets-value=\"{ &quot;1&quot;: 2, &quot;2&quot;: &quot;1280x720&quot;}\"><strong><span style=\"font-size: xx-small;\">1280&#215;720<\/span><\/strong><\/td>\n<td align=\"center\" data-sheets-value=\"{ &quot;1&quot;: 2, &quot;2&quot;: &quot;120\u00ba&quot;}\"><strong><span style=\"font-size: xx-small;\">120\u00ba<\/span><\/strong><\/td>\n<td align=\"center\" data-sheets-value=\"{ &quot;1&quot;: 2, &quot;2&quot;: &quot;5-100&quot;}\"><strong><span style=\"font-size: xx-small;\">5-100<\/span><\/strong><\/td>\n<td align=\"center\" data-sheets-value=\"{ &quot;1&quot;: 2, &quot;2&quot;: &quot;TAK&quot;}\"><strong><span style=\"font-size: xx-small;\">TAK<\/span><\/strong><\/td>\n<\/tr>\n<tr>\n<td align=\"center\" height=\"21\" data-sheets-value=\"{ &quot;1&quot;: 2, &quot;2&quot;: &quot;S-5220M&quot;}\"><strong><span style=\"font-size: xx-small;\">S-5220M<\/span><\/strong><\/td>\n<td align=\"center\" data-sheets-value=\"{ &quot;1&quot;: 3, &quot;3&quot;: 5}\" data-sheets-numberformat=\"{ &quot;1&quot;: 2, &quot;2&quot;: &quot;0,00&quot;, &quot;3&quot;: 1}\"><strong><span style=\"font-size: xx-small;\">5,20<\/span><\/strong><\/td>\n<td align=\"center\" data-sheets-value=\"{ &quot;1&quot;: 3, &quot;3&quot;: 2}\" data-sheets-numberformat=\"{ &quot;1&quot;: 2, &quot;2&quot;: &quot;0,00&quot;, &quot;3&quot;: 1}\"><strong><span style=\"font-size: xx-small;\">2,00<\/span><\/strong><\/td>\n<td align=\"center\" data-sheets-value=\"{ &quot;1&quot;: 3, &quot;3&quot;: 650}\" data-sheets-numberformat=\"{ &quot;1&quot;: 2, &quot;2&quot;: &quot;0,00&quot;, &quot;3&quot;: 1}\"><strong><span style=\"font-size: xx-small;\">650,00<\/span><\/strong><\/td>\n<td align=\"center\" data-sheets-value=\"{ &quot;1&quot;: 2, &quot;2&quot;: &quot;1280x720&quot;}\"><strong><span style=\"font-size: xx-small;\">1280&#215;720<\/span><\/strong><\/td>\n<td align=\"center\" data-sheets-value=\"{ &quot;1&quot;: 2, &quot;2&quot;: &quot;120\u00ba&quot;}\"><strong><span style=\"font-size: xx-small;\">120\u00ba<\/span><\/strong><\/td>\n<td align=\"center\" data-sheets-value=\"{ &quot;1&quot;: 2, &quot;2&quot;: &quot;5-100&quot;}\"><strong><span style=\"font-size: xx-small;\">5-100<\/span><\/strong><\/td>\n<td align=\"center\" data-sheets-value=\"{ &quot;1&quot;: 2, &quot;2&quot;: &quot;TAK&quot;}\"><strong><span style=\"font-size: xx-small;\">TAK<\/span><\/strong><\/td>\n<\/tr>\n<tr>\n<td align=\"center\" height=\"21\" data-sheets-value=\"{ &quot;1&quot;: 2, &quot;2&quot;: &quot;S-5826M&quot;}\"><strong><span style=\"font-size: xx-small;\">S-5826M<\/span><\/strong><\/td>\n<td align=\"center\" data-sheets-value=\"{ &quot;1&quot;: 3, &quot;3&quot;: 5}\" data-sheets-numberformat=\"{ &quot;1&quot;: 2, &quot;2&quot;: &quot;0,00&quot;, &quot;3&quot;: 1}\"><strong><span style=\"font-size: xx-small;\">5,80<\/span><\/strong><\/td>\n<td align=\"center\" data-sheets-value=\"{ &quot;1&quot;: 3, &quot;3&quot;: 2}\" data-sheets-numberformat=\"{ &quot;1&quot;: 2, &quot;2&quot;: &quot;0,00&quot;, &quot;3&quot;: 1}\"><strong><span style=\"font-size: xx-small;\">2,60<\/span><\/strong><\/td>\n<td align=\"center\" data-sheets-value=\"{ &quot;1&quot;: 3, &quot;3&quot;: 650}\" data-sheets-numberformat=\"{ &quot;1&quot;: 2, &quot;2&quot;: &quot;0,00&quot;, &quot;3&quot;: 1}\"><strong><span style=\"font-size: xx-small;\">650,00<\/span><\/strong><\/td>\n<td align=\"center\" data-sheets-value=\"{ &quot;1&quot;: 2, &quot;2&quot;: &quot;1280x720&quot;}\"><strong><span style=\"font-size: xx-small;\">1280&#215;720<\/span><\/strong><\/td>\n<td align=\"center\" data-sheets-value=\"{ &quot;1&quot;: 2, &quot;2&quot;: &quot;120\u00ba&quot;}\"><strong><span style=\"font-size: xx-small;\">120\u00ba<\/span><\/strong><\/td>\n<td align=\"center\" data-sheets-value=\"{ &quot;1&quot;: 2, &quot;2&quot;: &quot;5-100&quot;}\"><strong><span style=\"font-size: xx-small;\">5-100<\/span><\/strong><\/td>\n<td align=\"center\" data-sheets-value=\"{ &quot;1&quot;: 2, &quot;2&quot;: &quot;TAK&quot;}\"><strong><span style=\"font-size: xx-small;\">TAK<\/span><\/strong><\/td>\n<\/tr>\n<\/tbody>\n<\/table>\n<p>W zestawie:<\/p>\n<p>Zainstalowane oprogramowanie do obs\u0142ugi endoskop\u00f3w S-FVL<br \/>\nEndoskop elastyczny (opcjonalnie 2,8\/3,8\/5,2\/5,8 mm)<br \/>\nTester szczelno\u015bci z adapterem<br \/>\nOpcjonalnie jednorazowy zaw\u00f3r biopsyjny<br \/>\nOpcjonalnie jednorazowy zaw\u00f3r ss\u0105cy<br \/>\nOpcjonalnie szczotka do czyszczenia (jeden zestaw) (kana\u0142 ss\u0105cy i kana\u0142 roboczy)<br \/>\nZasilacz, 5 V\/1 A (opcjonalnie standard USA\/UE\/Wielka Brytania)<br \/>\nIndywidualnie dostosowana metalowa obudowa dla S-FVL<\/p>\n<p><a href=\"http:\/\/fonax.eu\/wp-content\/uploads\/2025\/01\/Videolaryngoskopy-S-FVL-9.pdf\" target=\"_blank\" rel=\"noopener\">Pobierz katalog S-FVL katalog pl<\/a><\/p>\n<p>&nbsp;<\/p>\n<p><img loading=\"lazy\" decoding=\"async\" class=\"alignnone wp-image-320 size-medium\" src=\"http:\/\/fonax.eu\/wp-content\/uploads\/2024\/12\/3b98a9dfa209245cf57d0ec82e3914c-169x300.png\" alt=\"\" width=\"169\" height=\"300\" srcset=\"http:\/\/fonax.eu\/wp-content\/uploads\/2024\/12\/3b98a9dfa209245cf57d0ec82e3914c-169x300.png 169w, http:\/\/fonax.eu\/wp-content\/uploads\/2024\/12\/3b98a9dfa209245cf57d0ec82e3914c-576x1024.png 576w, http:\/\/fonax.eu\/wp-content\/uploads\/2024\/12\/3b98a9dfa209245cf57d0ec82e3914c-768x1365.png 768w, http:\/\/fonax.eu\/wp-content\/uploads\/2024\/12\/3b98a9dfa209245cf57d0ec82e3914c-864x1536.png 864w, http:\/\/fonax.eu\/wp-content\/uploads\/2024\/12\/3b98a9dfa209245cf57d0ec82e3914c-1152x2048.png 1152w, http:\/\/fonax.eu\/wp-content\/uploads\/2024\/12\/3b98a9dfa209245cf57d0ec82e3914c-600x1067.png 600w\" sizes=\"auto, (max-width: 169px) 100vw, 169px\" \/> <img loading=\"lazy\" decoding=\"async\" class=\"alignnone size-medium wp-image-317\" src=\"http:\/\/fonax.eu\/wp-content\/uploads\/2024\/12\/S-FVL-wozek-257x300.jpg\" alt=\"\" width=\"257\" height=\"300\" srcset=\"http:\/\/fonax.eu\/wp-content\/uploads\/2024\/12\/S-FVL-wozek-257x300.jpg 257w, http:\/\/fonax.eu\/wp-content\/uploads\/2024\/12\/S-FVL-wozek.jpg 373w\" sizes=\"auto, (max-width: 257px) 100vw, 257px\" \/> <img loading=\"lazy\" decoding=\"async\" class=\"alignnone wp-image-322 size-medium\" src=\"http:\/\/fonax.eu\/wp-content\/uploads\/2024\/12\/20240727SFVL-300x300.jpg\" alt=\"\" width=\"300\" height=\"300\" srcset=\"http:\/\/fonax.eu\/wp-content\/uploads\/2024\/12\/20240727SFVL-300x300.jpg 300w, http:\/\/fonax.eu\/wp-content\/uploads\/2024\/12\/20240727SFVL-150x150.jpg 150w, http:\/\/fonax.eu\/wp-content\/uploads\/2024\/12\/20240727SFVL-768x768.jpg 768w, http:\/\/fonax.eu\/wp-content\/uploads\/2024\/12\/20240727SFVL-600x600.jpg 600w, http:\/\/fonax.eu\/wp-content\/uploads\/2024\/12\/20240727SFVL-100x100.jpg 100w, http:\/\/fonax.eu\/wp-content\/uploads\/2024\/12\/20240727SFVL.jpg 825w\" sizes=\"auto, (max-width: 300px) 100vw, 300px\" \/><\/p>\n","protected":false},"excerpt":{"rendered":"<p>Videolaryngoskop elastyczny z kana\u0142em roboczym.<br \/>\n&#8211; monitor 3,5&#8243; (w opcji 8&#8243; i 10&#8243;)<br \/>\n&#8211; w\u00f3zek endoskopowy (opcja)<\/p>\n<p>Rodzina videolaryngoskop\u00f3w S-VL pozwala na zastosowanie jednego monitora i do\u0142\u0105czenie do niego videolaryngoskop\u00f3w:<br \/>\n&#8211; sztywnych jedno i wielorazowych<br \/>\n&#8211; elastycznych jedno i wielorazowych<br \/>\n&#8211; videoprowadnica Videostylet<br \/>\nCa\u0142o\u015b\u0107 mo\u017cna doposa\u017cy\u0107 o w\u00f3zek endoskopowy z uchwytem na 4 videolaryngoskopy i koszem na akcesoria<\/p>\n<p>&nbsp;<\/p>\n","protected":false},"featured_media":323,"comment_status":"open","ping_status":"closed","template":"","meta":[],"product_cat":[17,59],"product_tag":[],"class_list":{"0":"post-313","1":"product","2":"type-product","3":"status-publish","4":"has-post-thumbnail","6":"product_cat-larynglogia","7":"product_cat-laryngoskopy","9":"first","10":"instock","11":"taxable","12":"shipping-taxable","13":"purchasable","14":"product-type-simple"},"jetpack_sharing_enabled":true,"_links":{"self":[{"href":"http:\/\/fonax.eu\/index.php?rest_route=\/wp\/v2\/product\/313","targetHints":{"allow":["GET"]}}],"collection":[{"href":"http:\/\/fonax.eu\/index.php?rest_route=\/wp\/v2\/product"}],"about":[{"href":"http:\/\/fonax.eu\/index.php?rest_route=\/wp\/v2\/types\/product"}],"replies":[{"embeddable":true,"href":"http:\/\/fonax.eu\/index.php?rest_route=%2Fwp%2Fv2%2Fcomments&post=313"}],"wp:featuredmedia":[{"embeddable":true,"href":"http:\/\/fonax.eu\/index.php?rest_route=\/wp\/v2\/media\/323"}],"wp:attachment":[{"href":"http:\/\/fonax.eu\/index.php?rest_route=%2Fwp%2Fv2%2Fmedia&parent=313"}],"wp:term":[{"taxonomy":"product_cat","embeddable":true,"href":"http:\/\/fonax.eu\/index.php?rest_route=%2Fwp%2Fv2%2Fproduct_cat&post=313"},{"taxonomy":"product_tag","embeddable":true,"href":"http:\/\/fonax.eu\/index.php?rest_route=%2Fwp%2Fv2%2Fproduct_tag&post=313"}],"curies":[{"name":"wp","href":"https:\/\/api.w.org\/{rel}","templated":true}]}}