{"id":303,"date":"2024-12-04T15:57:21","date_gmt":"2024-12-04T14:57:21","guid":{"rendered":"http:\/\/fonax.eu\/?post_type=product&#038;p=303"},"modified":"2025-03-12T18:45:47","modified_gmt":"2025-03-12T17:45:47","slug":"kolposkop-ac-2311-da","status":"publish","type":"product","link":"http:\/\/fonax.eu\/?product=kolposkop-ac-2311-da","title":{"rendered":"Kolposkop AC-2311 Optyczny z torem video"},"content":{"rendered":"<p align=\"left\">Kolposkop AC-2311 to mikroskop klasyczny mikroskop optyczny z wbudowan\u0105 kamer\u0105 video. <span style=\"font-size: xx-large;\"><span style=\"font-size: medium;\">Charakteryzuj\u0105 si\u0119 prostot\u0105 i ergonomi\u0105 obs\u0142ugi.<br \/>\nO\u015bwietlenie LED zapewnia d\u0142ugotrwa\u0142\u0105 \u017cywotno\u015b\u0107 \u017ar\u00f3d\u0142a \u015bwiat\u0142a. System optyczny, wyposa\u017cony w apochromatyczne szk\u0142a, zapewnia wysok\u0105 rozdzielczo\u015b\u0107 oraz kontrast obrazu 3D, du\u017c\u0105 g\u0142\u0119bie obrazu i szerokie pole widzenia.<\/span><\/span><\/p>\n<p>Model AC-2311 DA posiada trzy powi\u0119kszenia 3.75x, 7x, 15x, wbudowana kamera 1\/4\u201d CCD.<\/p>\n<p>Parametry:<br \/>\npowi\u0119kszenia: AC-2110 \/ 2111: 7,5x oraz AC-2310\/2311: 3.75x, 7x, 15x<br \/>\nogniskowa: 300mm<br \/>\npole widzenia: AC-2110 \/ 2111: 39mm; AC-2310\/2311: 79mm, 39mm, 19mm;<br \/>\ng\u0142\u0119bia ostro\u015bci: AC- 2110 \/ 2111: 1.13mm; AC-2310\/2311: 4.5mm, 1.13mm, 0.76mm<br \/>\nnat\u0119\u017cenie \u015bwiat\u0142a: &gt; 40.000 lux<br \/>\nindywidualnie regulowane okulary 16,7 x<br \/>\ndwa okr\u0119gi pomiarowe, wbudowane w prawy okular<br \/>\np\u0142ynna regulacja jasno\u015bci<br \/>\nfiltr \u015bwiat\u0142a w kolorze zielonym<br \/>\n\u0142atwo wymienialna dioda LED<br \/>\nregulacja wysoko\u015bci: 950mm ~ 1250mm<br \/>\npokr\u0119t\u0142o dostrajania ostro\u015bci<br \/>\nregulacja wysoko\u015bci (zgrubna \/ dok\u0142adna)<br \/>\ndostarczony produkt jest gotowy do u\u017cycia po wyj\u0119ciu z opakowania (nie ma potrzeby wzywania serwisanta do monta\u017cu)<br \/>\nzasilanie sieciowe: 230V<\/p>\n<p>&nbsp;<\/p>\n<h4 class=\"western\" style=\"text-align: left;\" align=\"center\"><span style=\"font-size: xx-large;\"><strong><span style=\"font-size: medium;\">Rodzina kolposkop\u00f3w AC-2000:<\/span><\/strong><\/span><\/h4>\n<ul type=\"square\">\n<li>AC-2110 \u2013 \u017ar\u00f3d\u0142o \u015bwiat\u0142a LED, jedno powi\u0119kszenie 7.5xAC-2111 \u2013 \u017ar\u00f3d\u0142o \u015bwiat\u0142a LED, jedno powi\u0119kszenie 7.5x, wbudowana kamera 1\/4\u201d CCDAC-2310 \u2013 \u017ar\u00f3d\u0142o \u015bwiat\u0142a LED, trzy powi\u0119kszenia 3.75x, 7x, 15xAC-2311 \u2013 \u017ar\u00f3d\u0142o \u015bwiat\u0142a LED, trzy powi\u0119kszenia 3.75x, 7x, 15x, wbudowana kamera 1\/4\u201d CCD<\/li>\n<li>Kolposkopy AC-2000 wyst\u0119puj\u0105 w wersji prostej, z ramieniem &#8220;\u0142amanym&#8221; DA, oraz z ramieniem rozk\u0142adanym wersja YDJ<\/li>\n<li>Mo\u017cliwo\u015b\u0107 doposa\u017cenia kolposkopu w filtry laserowe, stojak na monitor, monitor, walizk\u0119 transportow\u0105<\/li>\n<\/ul>\n<p>&nbsp;<\/p>\n<p><img loading=\"lazy\" decoding=\"async\" class=\"alignnone size-medium wp-image-306\" src=\"http:\/\/fonax.eu\/wp-content\/uploads\/2024\/12\/AC-2000-3-300x300.jpg\" alt=\"\" width=\"300\" height=\"300\" srcset=\"http:\/\/fonax.eu\/wp-content\/uploads\/2024\/12\/AC-2000-3-300x300.jpg 300w, http:\/\/fonax.eu\/wp-content\/uploads\/2024\/12\/AC-2000-3-1024x1024.jpg 1024w, http:\/\/fonax.eu\/wp-content\/uploads\/2024\/12\/AC-2000-3-150x150.jpg 150w, http:\/\/fonax.eu\/wp-content\/uploads\/2024\/12\/AC-2000-3-768x768.jpg 768w, http:\/\/fonax.eu\/wp-content\/uploads\/2024\/12\/AC-2000-3-600x600.jpg 600w, http:\/\/fonax.eu\/wp-content\/uploads\/2024\/12\/AC-2000-3-100x100.jpg 100w, http:\/\/fonax.eu\/wp-content\/uploads\/2024\/12\/AC-2000-3.jpg 1500w\" sizes=\"auto, (max-width: 300px) 100vw, 300px\" \/><img loading=\"lazy\" decoding=\"async\" class=\"alignnone size-medium wp-image-308\" src=\"http:\/\/fonax.eu\/wp-content\/uploads\/2024\/12\/AC-2311-200x300.jpg\" alt=\"\" width=\"200\" height=\"300\" srcset=\"http:\/\/fonax.eu\/wp-content\/uploads\/2024\/12\/AC-2311-200x300.jpg 200w, http:\/\/fonax.eu\/wp-content\/uploads\/2024\/12\/AC-2311-683x1024.jpg 683w, http:\/\/fonax.eu\/wp-content\/uploads\/2024\/12\/AC-2311-768x1152.jpg 768w, http:\/\/fonax.eu\/wp-content\/uploads\/2024\/12\/AC-2311-1024x1536.jpg 1024w, http:\/\/fonax.eu\/wp-content\/uploads\/2024\/12\/AC-2311-1365x2048.jpg 1365w, http:\/\/fonax.eu\/wp-content\/uploads\/2024\/12\/AC-2311-600x900.jpg 600w, http:\/\/fonax.eu\/wp-content\/uploads\/2024\/12\/AC-2311-scaled.jpg 1707w\" sizes=\"auto, (max-width: 200px) 100vw, 200px\" \/><\/p>\n","protected":false},"excerpt":{"rendered":"<p>Kolposkop AC-2311 to mikroskop klasyczny mikroskop optyczny z wbudowan\u0105 kamer\u0105 video. Charakteryzuj\u0105 si\u0119 prostot\u0105 i ergonomi\u0105 obs\u0142ugi. O\u015bwietlenie LED zapewnia d\u0142ugotrwa\u0142\u0105 \u017cywotno\u015b\u0107 \u017ar\u00f3d\u0142a \u015bwiat\u0142a. System optyczny, wyposa\u017cony w apochromatyczne szk\u0142a, zapewnia wysok\u0105 rozdzielczo\u015b\u0107 oraz kontrast obrazu 3D, du\u017c\u0105 g\u0142\u0119bie obrazu i szerokie pole widzenia. Model&hellip;<\/p>\n","protected":false},"featured_media":308,"comment_status":"open","ping_status":"closed","template":"","meta":[],"product_cat":[53,54],"product_tag":[],"class_list":{"0":"post-303","1":"product","2":"type-product","3":"status-publish","4":"has-post-thumbnail","6":"product_cat-ginekologia","7":"product_cat-kolposkopy","9":"first","10":"instock","11":"sale","12":"taxable","13":"shipping-taxable","14":"purchasable","15":"product-type-simple"},"jetpack_sharing_enabled":true,"_links":{"self":[{"href":"http:\/\/fonax.eu\/index.php?rest_route=\/wp\/v2\/product\/303","targetHints":{"allow":["GET"]}}],"collection":[{"href":"http:\/\/fonax.eu\/index.php?rest_route=\/wp\/v2\/product"}],"about":[{"href":"http:\/\/fonax.eu\/index.php?rest_route=\/wp\/v2\/types\/product"}],"replies":[{"embeddable":true,"href":"http:\/\/fonax.eu\/index.php?rest_route=%2Fwp%2Fv2%2Fcomments&post=303"}],"wp:featuredmedia":[{"embeddable":true,"href":"http:\/\/fonax.eu\/index.php?rest_route=\/wp\/v2\/media\/308"}],"wp:attachment":[{"href":"http:\/\/fonax.eu\/index.php?rest_route=%2Fwp%2Fv2%2Fmedia&parent=303"}],"wp:term":[{"taxonomy":"product_cat","embeddable":true,"href":"http:\/\/fonax.eu\/index.php?rest_route=%2Fwp%2Fv2%2Fproduct_cat&post=303"},{"taxonomy":"product_tag","embeddable":true,"href":"http:\/\/fonax.eu\/index.php?rest_route=%2Fwp%2Fv2%2Fproduct_tag&post=303"}],"curies":[{"name":"wp","href":"https:\/\/api.w.org\/{rel}","templated":true}]}}