{"id":296,"date":"2024-10-29T15:52:55","date_gmt":"2024-10-29T14:52:55","guid":{"rendered":"http:\/\/fonax.eu\/?post_type=product&#038;p=296"},"modified":"2025-01-08T15:19:27","modified_gmt":"2025-01-08T14:19:27","slug":"kolposkop-ac-5000-xv4-kamera-4k","status":"publish","type":"product","link":"http:\/\/fonax.eu\/?product=kolposkop-ac-5000-xv4-kamera-4k","title":{"rendered":"Kolposkop AC-5000 XV4 kamera 4K"},"content":{"rendered":"<p>Kolposkop AC-5000 z wbudowan\u0105 kamer\u0105 4K<\/p>\n<p>Powi\u0119kszenie 5 &#8211; stopniowe<br \/>\nG\u0142owica nachylona pod k\u0105tem 45\u00b0 z pokr\u0119t\u0142em regulacji odleg\u0142o\u015bci mi\u0119dzy \u017arenicami, okular 12,5X\/18 mm<br \/>\nObiektyw zmienny 250-430mm<br \/>\nWbudowana kamera 4K<br \/>\nMobilny stojak pod\u0142ogowy, rami\u0119 wahad\u0142owe i podstawa jezdna<\/p>\n<p><strong>Pobierz katalog <a href=\"http:\/\/fonax.eu\/wp-content\/uploads\/2024\/10\/Kolposkop-AC-5000pl.pdf\" target=\"_blank\" rel=\"noopener\">Kolposkop AC-5000pl<\/a><\/strong><\/p>\n<p>&nbsp;<\/p>\n","protected":false},"excerpt":{"rendered":"<p>Kolposkop AC-5000 z wbudowan\u0105 kamer\u0105 4K Powi\u0119kszenie 5 &#8211; stopniowe G\u0142owica nachylona pod k\u0105tem 45\u00b0 z pokr\u0119t\u0142em regulacji odleg\u0142o\u015bci mi\u0119dzy \u017arenicami, okular 12,5X\/18 mm Obiektyw zmienny 250-430mm Wbudowana kamera 4K Mobilny stojak pod\u0142ogowy, rami\u0119 wahad\u0142owe i podstawa jezdna Pobierz katalog Kolposkop AC-5000pl &nbsp;<\/p>\n","protected":false},"featured_media":299,"comment_status":"open","ping_status":"closed","template":"","meta":[],"product_cat":[53,54],"product_tag":[22,57,56,58],"class_list":{"0":"post-296","1":"product","2":"type-product","3":"status-publish","4":"has-post-thumbnail","6":"product_cat-ginekologia","7":"product_cat-kolposkopy","8":"product_tag-alltion","9":"product_tag-ginekologia","10":"product_tag-kolposkop","11":"product_tag-mikroskop","13":"first","14":"instock","15":"sale","16":"taxable","17":"shipping-taxable","18":"purchasable","19":"product-type-simple"},"jetpack_sharing_enabled":true,"_links":{"self":[{"href":"http:\/\/fonax.eu\/index.php?rest_route=\/wp\/v2\/product\/296","targetHints":{"allow":["GET"]}}],"collection":[{"href":"http:\/\/fonax.eu\/index.php?rest_route=\/wp\/v2\/product"}],"about":[{"href":"http:\/\/fonax.eu\/index.php?rest_route=\/wp\/v2\/types\/product"}],"replies":[{"embeddable":true,"href":"http:\/\/fonax.eu\/index.php?rest_route=%2Fwp%2Fv2%2Fcomments&post=296"}],"wp:featuredmedia":[{"embeddable":true,"href":"http:\/\/fonax.eu\/index.php?rest_route=\/wp\/v2\/media\/299"}],"wp:attachment":[{"href":"http:\/\/fonax.eu\/index.php?rest_route=%2Fwp%2Fv2%2Fmedia&parent=296"}],"wp:term":[{"taxonomy":"product_cat","embeddable":true,"href":"http:\/\/fonax.eu\/index.php?rest_route=%2Fwp%2Fv2%2Fproduct_cat&post=296"},{"taxonomy":"product_tag","embeddable":true,"href":"http:\/\/fonax.eu\/index.php?rest_route=%2Fwp%2Fv2%2Fproduct_tag&post=296"}],"curies":[{"name":"wp","href":"https:\/\/api.w.org\/{rel}","templated":true}]}}