{"id":2902,"date":"2025-10-20T15:57:53","date_gmt":"2025-10-20T13:57:53","guid":{"rendered":"http:\/\/fonax.eu\/?post_type=product&#038;p=2902"},"modified":"2025-10-29T10:24:31","modified_gmt":"2025-10-29T09:24:31","slug":"video-nasofiberoskop","status":"publish","type":"product","link":"http:\/\/fonax.eu\/?product=video-nasofiberoskop","title":{"rendered":"Video nasofiberoskop"},"content":{"rendered":"<p>Nasofiberoskop o \u015brednicy od 2,0 mm<\/p>\n<p>Odkryj\u00a0<strong>nowy wymiar precyzji<\/strong>\u00a0diagnostycznej w laryngologii. Nasz innowacyjny endoskop\u00a0<strong>dociera tam, gdzie inne si\u0119gaj\u0105 z trudem<\/strong>, jednocze\u015bnie\u00a0<strong>dostarczaj\u0105c krystalicznie czysty obraz w rozdzielczo\u015bci Full HD.<\/strong><\/p>\n<p><strong>Co wi\u0119cej,<\/strong>\u00a0urz\u0105dzenie wyposa\u017cono w\u00a0<strong>zaawansowane oprogramowanie<\/strong>, kt\u00f3re\u00a0<strong>nie tylko<\/strong>\u00a0integruje si\u0119 z baz\u0105 danych pacjent\u00f3w,\u00a0<strong>ale r\u00f3wnie\u017c<\/strong>\u00a0oferuje\u00a0<strong>wyj\u0105tkowo intuicyjny interfejs u\u017cytkownika.<\/strong>\u00a0Dla komfortu pracy w r\u00f3\u017cnych warunkach o\u015bwietleniowych,\u00a0<strong>dodatkowo<\/strong>\u00a0dost\u0119pny jest\u00a0<strong>wygodny tryb ciemny.<\/strong><\/p>\n<p><strong>Najwi\u0119ksz\u0105 zalet\u0105<\/strong>\u00a0jest personalizacja.\u00a0<strong>Na ergonomicznej r\u0119koje\u015bci<\/strong>\u00a0umieszczono\u00a0<strong>dwa przyciski,<\/strong>\u00a0kt\u00f3re\u00a0<strong>mo\u017cesz dowolnie zaprogramowa\u0107,<\/strong>\u00a0wybieraj\u0105c funkcje z rozbudowanej listy.\u00a0<strong>W efekcie<\/strong>\u00a0masz natychmiastowy dost\u0119p do kluczowych operacji, takich jak:<\/p>\n<ul class=\"wp-block-list\">\n<li>Robienie zdj\u0119\u0107,<\/li>\n<li>Nagrywanie wideo,<\/li>\n<li>Zamra\u017canie obrazu,<\/li>\n<li>Regulacja ekspozycji,<\/li>\n<li>Dostosowanie jasno\u015bci obrazu.<\/li>\n<\/ul>\n<p><strong>Podsumowuj\u0105c,<\/strong>\u00a0to endoskop, kt\u00f3ry \u0142\u0105czy\u00a0<strong>nieosi\u0105galn\u0105 dot\u0105d precyzj\u0119<\/strong>\u00a0z\u00a0<strong>pe\u0142n\u0105 personalizacj\u0105 i komfortem u\u017cytkowania.<\/strong><\/p>\n<p>&nbsp;<\/p>\n<p><strong>Parametry:<\/strong><\/p>\n<ul class=\"wp-block-list\">\n<li>\u015arednica: 2,0 \/ 2,6 \/ 3,1 \/ 3,4 \/ 3,8 \/ 5,2 mm<\/li>\n<li>Kana\u0142 roboczy 1,2 \/ 1,6 \/ 2,2 mm<\/li>\n<li>Ugi\u0119cie g\u00f3ra \/ d\u00f3\u0142: 180\u00ba \/ 180\u00ba<\/li>\n<li>Rozdzielczo\u015b\u0107 SD \/ HD<\/li>\n<li>D\u0142ugo\u015b\u0107 robocza: 300 \/ 365 mm<\/li>\n<li>Oprogramowanie z baz\u0105 danych pacjent\u00f3w w j. polskim<\/li>\n<li>Wersja: USB lub Wielopin<\/li>\n<\/ul>\n\n\t\t<style type=\"text\/css\">\n\t\t\t#gallery-1 {\n\t\t\t\tmargin: auto;\n\t\t\t}\n\t\t\t#gallery-1 .gallery-item {\n\t\t\t\tfloat: left;\n\t\t\t\tmargin-top: 10px;\n\t\t\t\ttext-align: center;\n\t\t\t\twidth: 33%;\n\t\t\t}\n\t\t\t#gallery-1 img {\n\t\t\t\tborder: 2px solid #cfcfcf;\n\t\t\t}\n\t\t\t#gallery-1 .gallery-caption {\n\t\t\t\tmargin-left: 0;\n\t\t\t}\n\t\t\t\/* see gallery_shortcode() in wp-includes\/media.php *\/\n\t\t<\/style>\n\t\t<div id='gallery-1' class='gallery galleryid-2902 gallery-columns-3 gallery-size-thumbnail'><dl class='gallery-item'>\n\t\t\t<dt class='gallery-icon portrait'>\n\t\t\t\t<a href='http:\/\/fonax.eu\/?attachment_id=2907'><img loading=\"lazy\" decoding=\"async\" width=\"150\" height=\"150\" src=\"http:\/\/fonax.eu\/wp-content\/uploads\/2025\/10\/Trolley-150x150.png\" class=\"attachment-thumbnail size-thumbnail\" alt=\"\" srcset=\"http:\/\/fonax.eu\/wp-content\/uploads\/2025\/10\/Trolley-150x150.png 150w, http:\/\/fonax.eu\/wp-content\/uploads\/2025\/10\/Trolley-300x300.png 300w, http:\/\/fonax.eu\/wp-content\/uploads\/2025\/10\/Trolley-100x100.png 100w\" sizes=\"auto, (max-width: 150px) 100vw, 150px\" \/><\/a>\n\t\t\t<\/dt><\/dl><dl class='gallery-item'>\n\t\t\t<dt class='gallery-icon portrait'>\n\t\t\t\t<a href='http:\/\/fonax.eu\/?attachment_id=2906'><img loading=\"lazy\" decoding=\"async\" width=\"127\" height=\"150\" src=\"http:\/\/fonax.eu\/wp-content\/uploads\/2025\/10\/Nose-scaled.png\" class=\"attachment-thumbnail size-thumbnail\" alt=\"\" srcset=\"http:\/\/fonax.eu\/wp-content\/uploads\/2025\/10\/Nose-scaled.png 2170w, http:\/\/fonax.eu\/wp-content\/uploads\/2025\/10\/Nose-254x300.png 254w, http:\/\/fonax.eu\/wp-content\/uploads\/2025\/10\/Nose-868x1024.png 868w\" sizes=\"auto, (max-width: 127px) 100vw, 127px\" \/><\/a>\n\t\t\t<\/dt><\/dl><dl class='gallery-item'>\n\t\t\t<dt class='gallery-icon portrait'>\n\t\t\t\t<a href='http:\/\/fonax.eu\/?attachment_id=2905'><img loading=\"lazy\" decoding=\"async\" width=\"150\" height=\"150\" src=\"http:\/\/fonax.eu\/wp-content\/uploads\/2025\/10\/M3E-150x150.png\" class=\"attachment-thumbnail size-thumbnail\" alt=\"\" srcset=\"http:\/\/fonax.eu\/wp-content\/uploads\/2025\/10\/M3E-150x150.png 150w, http:\/\/fonax.eu\/wp-content\/uploads\/2025\/10\/M3E-300x300.png 300w, http:\/\/fonax.eu\/wp-content\/uploads\/2025\/10\/M3E-100x100.png 100w\" sizes=\"auto, (max-width: 150px) 100vw, 150px\" \/><\/a>\n\t\t\t<\/dt><\/dl><br style=\"clear: both\" \/><dl class='gallery-item'>\n\t\t\t<dt class='gallery-icon landscape'>\n\t\t\t\t<a href='http:\/\/fonax.eu\/?attachment_id=2904'><img loading=\"lazy\" decoding=\"async\" width=\"150\" height=\"150\" src=\"http:\/\/fonax.eu\/wp-content\/uploads\/2025\/10\/M3E-wtih-system-150x150.png\" class=\"attachment-thumbnail size-thumbnail\" alt=\"Videonasofiberoskop\" srcset=\"http:\/\/fonax.eu\/wp-content\/uploads\/2025\/10\/M3E-wtih-system-150x150.png 150w, http:\/\/fonax.eu\/wp-content\/uploads\/2025\/10\/M3E-wtih-system-300x300.png 300w, http:\/\/fonax.eu\/wp-content\/uploads\/2025\/10\/M3E-wtih-system-100x100.png 100w\" sizes=\"auto, (max-width: 150px) 100vw, 150px\" \/><\/a>\n\t\t\t<\/dt><\/dl><dl class='gallery-item'>\n\t\t\t<dt class='gallery-icon landscape'>\n\t\t\t\t<a href='http:\/\/fonax.eu\/?attachment_id=2903'><img loading=\"lazy\" decoding=\"async\" width=\"150\" height=\"150\" src=\"http:\/\/fonax.eu\/wp-content\/uploads\/2025\/10\/M3E-with-WIN11-150x150.png\" class=\"attachment-thumbnail size-thumbnail\" alt=\"Video nasofiberoskop\" aria-describedby=\"gallery-1-2903\" srcset=\"http:\/\/fonax.eu\/wp-content\/uploads\/2025\/10\/M3E-with-WIN11-150x150.png 150w, http:\/\/fonax.eu\/wp-content\/uploads\/2025\/10\/M3E-with-WIN11-300x300.png 300w, http:\/\/fonax.eu\/wp-content\/uploads\/2025\/10\/M3E-with-WIN11-100x100.png 100w\" sizes=\"auto, (max-width: 150px) 100vw, 150px\" \/><\/a>\n\t\t\t<\/dt>\n\t\t\t\t<dd class='wp-caption-text gallery-caption' id='gallery-1-2903'>\n\t\t\t\tVideo nasofiberoskop M3E\n\t\t\t\t<\/dd><\/dl>\n\t\t\t<br style='clear: both' \/>\n\t\t<\/div>\n\n","protected":false},"excerpt":{"rendered":"<p>Nowoczesny, ultracienki nasofiberoskop o \u015brednicy od 2.0 mm. Dost\u0119pny r\u00f3wnie\u017c z kana\u0142em roboczym. Oprogramowanie w j\u0119zyku polskim.<\/p>\n","protected":false},"featured_media":2904,"comment_status":"closed","ping_status":"closed","template":"","meta":[],"product_cat":[71],"product_tag":[72,73,74,69],"class_list":{"0":"post-2902","1":"product","2":"type-product","3":"status-publish","4":"has-post-thumbnail","6":"product_cat-endoskopy-elastyczne","7":"product_tag-endoskop","8":"product_tag-nasofiberoskop","9":"product_tag-videofiberoskop","10":"product_tag-videolaryngoskop","12":"first","13":"instock","14":"taxable","15":"shipping-taxable","16":"purchasable","17":"product-type-simple"},"jetpack_sharing_enabled":true,"_links":{"self":[{"href":"http:\/\/fonax.eu\/index.php?rest_route=\/wp\/v2\/product\/2902","targetHints":{"allow":["GET"]}}],"collection":[{"href":"http:\/\/fonax.eu\/index.php?rest_route=\/wp\/v2\/product"}],"about":[{"href":"http:\/\/fonax.eu\/index.php?rest_route=\/wp\/v2\/types\/product"}],"replies":[{"embeddable":true,"href":"http:\/\/fonax.eu\/index.php?rest_route=%2Fwp%2Fv2%2Fcomments&post=2902"}],"wp:featuredmedia":[{"embeddable":true,"href":"http:\/\/fonax.eu\/index.php?rest_route=\/wp\/v2\/media\/2904"}],"wp:attachment":[{"href":"http:\/\/fonax.eu\/index.php?rest_route=%2Fwp%2Fv2%2Fmedia&parent=2902"}],"wp:term":[{"taxonomy":"product_cat","embeddable":true,"href":"http:\/\/fonax.eu\/index.php?rest_route=%2Fwp%2Fv2%2Fproduct_cat&post=2902"},{"taxonomy":"product_tag","embeddable":true,"href":"http:\/\/fonax.eu\/index.php?rest_route=%2Fwp%2Fv2%2Fproduct_tag&post=2902"}],"curies":[{"name":"wp","href":"https:\/\/api.w.org\/{rel}","templated":true}]}}