{"id":266,"date":"2024-10-22T14:44:58","date_gmt":"2024-10-22T12:44:58","guid":{"rendered":"http:\/\/fonax.eu\/?post_type=product&#038;p=266"},"modified":"2025-07-06T05:00:17","modified_gmt":"2025-07-06T03:00:17","slug":"lampa-czolowa-08-795-s-w","status":"publish","type":"product","link":"http:\/\/fonax.eu\/?product=lampa-czolowa-08-795-s-w","title":{"rendered":"Lampa czo\u0142owa 08-795 S\/W"},"content":{"rendered":"<p>Bezprzewodowa, nowoczesna, regulowana lampa czo\u0142owa LED z mocnym systemem optycznym, szerokim zakresem ostro\u015bci i ostrym, ograniczonym punktem \u015bwietlnym.<br \/>\nNajwy\u017csza mobilno\u015b\u0107 dzi\u0119ki ca\u0142kowicie bezprzewodowemu zasilaniu.<br \/>\nLekka i wygodna opaska na g\u0142ow\u0119. Mocna i trwa\u0142a obudowa baterii litowo-jonowej przymocowana do opaski na g\u0142ow\u0119, dostawa obejmuje \u0142adowark\u0119.<br \/>\nDost\u0119pna r\u00f3wnie\u017c w ciep\u0142ym, bia\u0142ym \u015bwietle (prosz\u0119 okre\u015bli\u0107 przy sk\u0142adaniu zam\u00f3wienia)<br \/>\nKolor opaski na g\u0142ow\u0119 do wyboru: czarny (08-795-S), bia\u0142y (08-795-W)<\/p>\n<p><strong>Pobierz katalog <a href=\"http:\/\/fonax.eu\/wp-content\/uploads\/2024\/10\/Lampa-czolowa-08-795.pdf\">Lampa czo\u0142owa 08-795<\/a><\/strong><\/p>\n","protected":false},"excerpt":{"rendered":"<p>Bezprzewodowa, nowoczesna, regulowana lampa czo\u0142owa LED z mocnym systemem optycznym, szerokim zakresem ostro\u015bci i ostrym, ograniczonym punktem \u015bwietlnym. Najwy\u017csza mobilno\u015b\u0107 dzi\u0119ki ca\u0142kowicie bezprzewodowemu zasilaniu. Lekka i wygodna opaska na g\u0142ow\u0119. Mocna i trwa\u0142a obudowa baterii litowo-jonowej przymocowana do opaski na g\u0142ow\u0119, dostawa obejmuje \u0142adowark\u0119. Dost\u0119pna&hellip;<\/p>\n","protected":false},"featured_media":324,"comment_status":"open","ping_status":"closed","template":"","meta":[],"product_cat":[47,17],"product_tag":[],"class_list":{"0":"post-266","1":"product","2":"type-product","3":"status-publish","4":"has-post-thumbnail","6":"product_cat-lampy-czolowe","7":"product_cat-larynglogia","9":"first","10":"instock","11":"taxable","12":"shipping-taxable","13":"purchasable","14":"product-type-simple"},"jetpack_sharing_enabled":true,"_links":{"self":[{"href":"http:\/\/fonax.eu\/index.php?rest_route=\/wp\/v2\/product\/266","targetHints":{"allow":["GET"]}}],"collection":[{"href":"http:\/\/fonax.eu\/index.php?rest_route=\/wp\/v2\/product"}],"about":[{"href":"http:\/\/fonax.eu\/index.php?rest_route=\/wp\/v2\/types\/product"}],"replies":[{"embeddable":true,"href":"http:\/\/fonax.eu\/index.php?rest_route=%2Fwp%2Fv2%2Fcomments&post=266"}],"wp:featuredmedia":[{"embeddable":true,"href":"http:\/\/fonax.eu\/index.php?rest_route=\/wp\/v2\/media\/324"}],"wp:attachment":[{"href":"http:\/\/fonax.eu\/index.php?rest_route=%2Fwp%2Fv2%2Fmedia&parent=266"}],"wp:term":[{"taxonomy":"product_cat","embeddable":true,"href":"http:\/\/fonax.eu\/index.php?rest_route=%2Fwp%2Fv2%2Fproduct_cat&post=266"},{"taxonomy":"product_tag","embeddable":true,"href":"http:\/\/fonax.eu\/index.php?rest_route=%2Fwp%2Fv2%2Fproduct_tag&post=266"}],"curies":[{"name":"wp","href":"https:\/\/api.w.org\/{rel}","templated":true}]}}