{"id":260,"date":"2024-10-22T13:03:31","date_gmt":"2024-10-22T11:03:31","guid":{"rendered":"http:\/\/fonax.eu\/?post_type=product&#038;p=260"},"modified":"2024-10-22T14:25:54","modified_gmt":"2024-10-22T12:25:54","slug":"otowave-102-4-uzywany","status":"publish","type":"product","link":"http:\/\/fonax.eu\/?product=otowave-102-4-uzywany","title":{"rendered":"Otowave 102-4 u\u017cywany"},"content":{"rendered":"<p>Przeno\u015bny, 4 kana\u0142owy tympanometr przesiewowy Otowave 102-4<\/p>\n<p>Szybkie i dok\u0142adne pomiary ucha \u015brodkowego<br \/>\nIntuicyjna i ergonomiczna konstrukcja<br \/>\nDu\u017cy wy\u015bwietlacz graficzny LCD<br \/>\nProgramowalne testy odruchu ipsilateralnego<br \/>\nOpcjonalna przeno\u015bna drukarka i interfejs PC<br \/>\nOpcje wielu j\u0119zyk\u00f3w<br \/>\nPami\u0119\u0107 wewn\u0119trzna<br \/>\n\u0141\u0105czno\u015b\u0107 PC z aplikacjami Noah z opcjonalnym portem iRDA<br \/>\nKompaktowy, lekki i przeno\u015bny<\/p>\n<p><strong>Pobierz katalog <a href=\"http:\/\/fonax.eu\/wp-content\/uploads\/2024\/10\/otowave-102-en-ass19-v1.pdf\" target=\"_blank\" rel=\"noopener\">otowave-102<\/a><\/strong><\/p>\n<p><strong>Pomiary tympanometryczne<\/strong><br \/>\nPoziom tonu sondy: 226 Hz \u00b12%, 85 dB SPL \u00b12 dB<br \/>\nZakres ci\u015bnienia: +200daPa do -400daPa \u00b110daPa lub \u00b110% (w zale\u017cno\u015bci od tego, kt\u00f3ra warto\u015b\u0107 jest wi\u0119ksza)<br \/>\nKierunek przesuwu: dodatni do ujemnego<br \/>\nZakres obj\u0119to\u015bciowy: 0,2 ml do 5 ml \u00b10,1 ml lub \u00b15% (w zale\u017cno\u015bci od tego, kt\u00f3ra warto\u015b\u0107 jest wi\u0119ksza)<br \/>\nPrzeprowadzona analiza: szczytowy poziom podatno\u015bci, szczytowy poziom ci\u015bnienia podatno\u015bci, gradient i r\u00f3wnowa\u017cna obj\u0119to\u015b\u0107 kana\u0142u s\u0142uchowego<\/p>\n<p><strong>Pomiary odruchu<\/strong><br \/>\nOtowave 102-4: 500 Hz, 1 kHz, 2 kHz, 4 kHz \u00b12% wybierane przez u\u017cytkownika<br \/>\nZakres dB odruchu: 85 do 100 dBHL \u00b13 dB (kroki co 5 lub 10 dB)<br \/>\nPomiar progowy lub pojedynczy poziom<br \/>\nZakres pomiaru odruchu: 0,01 ml do 0,5 ml \u00b10,01 ml<br \/>\nPrzeprowadzona analiza: Maksymalna amplituda odruchu i zaliczony\/niezaliczony na ka\u017cdym poziomie testu<\/p>\n<p><strong>Zarz\u0105dzanie danymi:<\/strong><br \/>\nWewn\u0119trzna baza danych: 32 rekordy pacjent\u00f3w<br \/>\nOpcjonalna drukarka: Drukarka termiczna<br \/>\nTransfer danych: Przez podczerwie\u0144 do Amplisuite, Noah,<br \/>\nOtoAccess\u00ae i innych system\u00f3w EMR<br \/>\nJ\u0119zyki: angielski, niemiecki, w\u0142oski, hiszpa\u0144ski, francuski, portugalski<\/p>\n","protected":false},"excerpt":{"rendered":"<p>Przeno\u015bny, 4 kana\u0142owy tympanometr przesiewowy Otowave 102-4 Szybkie i dok\u0142adne pomiary ucha \u015brodkowego Intuicyjna i ergonomiczna konstrukcja Du\u017cy wy\u015bwietlacz graficzny LCD Programowalne testy odruchu ipsilateralnego Opcjonalna przeno\u015bna drukarka i interfejs PC Opcje wielu j\u0119zyk\u00f3w Pami\u0119\u0107 wewn\u0119trzna \u0141\u0105czno\u015b\u0107 PC z aplikacjami Noah z opcjonalnym portem iRDA&hellip;<\/p>\n","protected":false},"featured_media":262,"comment_status":"open","ping_status":"closed","template":"","meta":[],"product_cat":[17,44,31],"product_tag":[],"class_list":{"0":"post-260","1":"product","2":"type-product","3":"status-publish","4":"has-post-thumbnail","6":"product_cat-larynglogia","7":"product_cat-sprzet-uzywany","8":"product_cat-tympanometry","10":"first","11":"instock","12":"sale","13":"taxable","14":"shipping-taxable","15":"purchasable","16":"product-type-simple"},"jetpack_sharing_enabled":true,"_links":{"self":[{"href":"http:\/\/fonax.eu\/index.php?rest_route=\/wp\/v2\/product\/260","targetHints":{"allow":["GET"]}}],"collection":[{"href":"http:\/\/fonax.eu\/index.php?rest_route=\/wp\/v2\/product"}],"about":[{"href":"http:\/\/fonax.eu\/index.php?rest_route=\/wp\/v2\/types\/product"}],"replies":[{"embeddable":true,"href":"http:\/\/fonax.eu\/index.php?rest_route=%2Fwp%2Fv2%2Fcomments&post=260"}],"wp:featuredmedia":[{"embeddable":true,"href":"http:\/\/fonax.eu\/index.php?rest_route=\/wp\/v2\/media\/262"}],"wp:attachment":[{"href":"http:\/\/fonax.eu\/index.php?rest_route=%2Fwp%2Fv2%2Fmedia&parent=260"}],"wp:term":[{"taxonomy":"product_cat","embeddable":true,"href":"http:\/\/fonax.eu\/index.php?rest_route=%2Fwp%2Fv2%2Fproduct_cat&post=260"},{"taxonomy":"product_tag","embeddable":true,"href":"http:\/\/fonax.eu\/index.php?rest_route=%2Fwp%2Fv2%2Fproduct_tag&post=260"}],"curies":[{"name":"wp","href":"https:\/\/api.w.org\/{rel}","templated":true}]}}