{"id":145,"date":"2024-09-18T16:07:22","date_gmt":"2024-09-18T14:07:22","guid":{"rendered":"http:\/\/fonax.eu\/?post_type=product&#038;p=145"},"modified":"2024-10-22T16:18:26","modified_gmt":"2024-10-22T14:18:26","slug":"tympanometr-kliniczny-otowave-302","status":"publish","type":"product","link":"http:\/\/fonax.eu\/?product=tympanometr-kliniczny-otowave-302","title":{"rendered":"Tympanometr Kliniczny Otowave 302"},"content":{"rendered":"<p>Audiometr kliniczny Otowave 302<\/p>\n<p>Parametry:<br \/>\n\u2022 Szybkie, dok\u0142adne pomiary impedancji<br \/>\n\u2022 Intuicyjne u\u017cytkowanie<br \/>\n\u2022 Tympanometria 226 Hz lub 1000 Hz (302+)<br \/>\n\u2022 Zoptymalizowane, wybierane przez u\u017cytkownika pr\u0119dko\u015bci pomiaru<br \/>\n\u2022 Testy odruchu ipsilateralnego i kontralateralnego<br \/>\n\u2022 Sze\u015b\u0107 protoko\u0142\u00f3w testowych konfigurowanych przez u\u017cytkownika (302+)<br \/>\n\u2022 \u0141atwy do odczytania wy\u015bwietlacz graficzny<br \/>\n\u2022 Pami\u0119\u0107 wewn\u0119trzna, \u0142\u0105czno\u015b\u0107 z komputerem i opcjonalna przeno\u015bna drukarka<\/p>\n","protected":false},"excerpt":{"rendered":"<p>Audiometr kliniczny Otowave 302 Parametry: \u2022 Szybkie, dok\u0142adne pomiary impedancji \u2022 Intuicyjne u\u017cytkowanie \u2022 Tympanometria 226 Hz lub 1000 Hz (302+) \u2022 Zoptymalizowane, wybierane przez u\u017cytkownika pr\u0119dko\u015bci pomiaru \u2022 Testy odruchu ipsilateralnego i kontralateralnego \u2022 Sze\u015b\u0107 protoko\u0142\u00f3w testowych konfigurowanych przez u\u017cytkownika (302+) \u2022 \u0141atwy do&hellip;<\/p>\n","protected":false},"featured_media":146,"comment_status":"open","ping_status":"closed","template":"","meta":[],"product_cat":[17,31],"product_tag":[36,37,19],"class_list":{"0":"post-145","1":"product","2":"type-product","3":"status-publish","4":"has-post-thumbnail","6":"product_cat-larynglogia","7":"product_cat-tympanometry","8":"product_tag-amplivox","9":"product_tag-otowave","10":"product_tag-tympanometr","12":"first","13":"onbackorder","14":"taxable","15":"shipping-taxable","16":"purchasable","17":"product-type-simple"},"jetpack_sharing_enabled":true,"_links":{"self":[{"href":"http:\/\/fonax.eu\/index.php?rest_route=\/wp\/v2\/product\/145","targetHints":{"allow":["GET"]}}],"collection":[{"href":"http:\/\/fonax.eu\/index.php?rest_route=\/wp\/v2\/product"}],"about":[{"href":"http:\/\/fonax.eu\/index.php?rest_route=\/wp\/v2\/types\/product"}],"replies":[{"embeddable":true,"href":"http:\/\/fonax.eu\/index.php?rest_route=%2Fwp%2Fv2%2Fcomments&post=145"}],"wp:featuredmedia":[{"embeddable":true,"href":"http:\/\/fonax.eu\/index.php?rest_route=\/wp\/v2\/media\/146"}],"wp:attachment":[{"href":"http:\/\/fonax.eu\/index.php?rest_route=%2Fwp%2Fv2%2Fmedia&parent=145"}],"wp:term":[{"taxonomy":"product_cat","embeddable":true,"href":"http:\/\/fonax.eu\/index.php?rest_route=%2Fwp%2Fv2%2Fproduct_cat&post=145"},{"taxonomy":"product_tag","embeddable":true,"href":"http:\/\/fonax.eu\/index.php?rest_route=%2Fwp%2Fv2%2Fproduct_tag&post=145"}],"curies":[{"name":"wp","href":"https:\/\/api.w.org\/{rel}","templated":true}]}}