{"id":137,"date":"2024-09-17T16:03:57","date_gmt":"2024-09-17T14:03:57","guid":{"rendered":"http:\/\/fonax.eu\/?post_type=product&#038;p=137"},"modified":"2024-10-22T16:19:31","modified_gmt":"2024-10-22T14:19:31","slug":"tympanometr-etymp-usb","status":"publish","type":"product","link":"http:\/\/fonax.eu\/?product=tympanometr-etymp-usb","title":{"rendered":"Tympanometr eTymp USB"},"content":{"rendered":"<p>eTYMP USB to komputerowy analizator ucha \u015brodkowego do praktycznych zastosowa\u0144 diagnostycznych i klinicznych. Tympanometr oferuje mo\u017cliwo\u015b\u0107 tworzenia zdefiniowanych przez u\u017cytkownika protoko\u0142\u00f3w<br \/>\ntestowych poprzez \u0142\u0105czenie r\u00f3\u017cnych test\u00f3w z baterii test\u00f3w w jeden przep\u0142yw testowy. Na przyk\u0142ad mo\u017cesz utworzy\u0107 prost\u0105 procedur\u0119 przesiewow\u0105 i bardziej szczeg\u00f3\u0142ow\u0105 ocen\u0119. Urz\u0105dzenie charakteryzuje si\u0119 kompaktow\u0105, funkcjonaln\u0105 i atrakcyjn\u0105 konstrukcj\u0105.<\/p>\n<p>Parametry techniczne:<br \/>\n\u00bb Tympanometria z cz\u0119stotliwo\u015bci\u0105 226 Hz (standard), 678 Hz i 1000 Hz<br \/>\n\u00bb Badanie progu odruchu akustycznego &#8211; ipsilateralne, kontralateralne i w polu swobodnym<br \/>\n\u00bb Badanie zaniku odruchu &#8211; ipsilateralne i kontralateralne<br \/>\n\u00bb Badanie funkcji tr\u0105bki s\u0142uchowej (ETF) z nienaruszon\u0105 i perforowan\u0105 b\u0142on\u0105 b\u0119benkow\u0105<br \/>\n\u00bb Ma\u0142a i lekka sonda, \u0142atwa do czyszczenia<br \/>\n\u00bb R\u00f3\u017cne funkcje wyzwalania przez odseparowane wej\u015bcie i wyj\u015bcie.<br \/>\n\u00bb USB 2.0<\/p>\n<p><strong>Pobierz katalog <a href=\"http:\/\/fonax.eu\/wp-content\/uploads\/2024\/09\/eTYMP-Clinical-tympanometer.pdf\" target=\"_blank\" rel=\"noopener\">eTYMP Clinical tympanometer<\/a><\/strong><\/p>\n<p>&nbsp;<\/p>\n<p>&nbsp;<\/p>\n","protected":false},"excerpt":{"rendered":"<p>eTYMP USB to komputerowy analizator ucha \u015brodkowego do praktycznych zastosowa\u0144 diagnostycznych i klinicznych. Tympanometr oferuje mo\u017cliwo\u015b\u0107 tworzenia zdefiniowanych przez u\u017cytkownika protoko\u0142\u00f3w testowych poprzez \u0142\u0105czenie r\u00f3\u017cnych test\u00f3w z baterii test\u00f3w w jeden przep\u0142yw testowy. Na przyk\u0142ad mo\u017cesz utworzy\u0107 prost\u0105 procedur\u0119 przesiewow\u0105 i bardziej szczeg\u00f3\u0142ow\u0105 ocen\u0119. Urz\u0105dzenie&hellip;<\/p>\n","protected":false},"featured_media":139,"comment_status":"open","ping_status":"closed","template":"","meta":[],"product_cat":[17,31],"product_tag":[28,19],"class_list":{"0":"post-137","1":"product","2":"type-product","3":"status-publish","4":"has-post-thumbnail","6":"product_cat-larynglogia","7":"product_cat-tympanometry","8":"product_tag-biomed","9":"product_tag-tympanometr","11":"first","12":"onbackorder","13":"taxable","14":"shipping-taxable","15":"purchasable","16":"product-type-simple"},"jetpack_sharing_enabled":true,"_links":{"self":[{"href":"http:\/\/fonax.eu\/index.php?rest_route=\/wp\/v2\/product\/137","targetHints":{"allow":["GET"]}}],"collection":[{"href":"http:\/\/fonax.eu\/index.php?rest_route=\/wp\/v2\/product"}],"about":[{"href":"http:\/\/fonax.eu\/index.php?rest_route=\/wp\/v2\/types\/product"}],"replies":[{"embeddable":true,"href":"http:\/\/fonax.eu\/index.php?rest_route=%2Fwp%2Fv2%2Fcomments&post=137"}],"wp:featuredmedia":[{"embeddable":true,"href":"http:\/\/fonax.eu\/index.php?rest_route=\/wp\/v2\/media\/139"}],"wp:attachment":[{"href":"http:\/\/fonax.eu\/index.php?rest_route=%2Fwp%2Fv2%2Fmedia&parent=137"}],"wp:term":[{"taxonomy":"product_cat","embeddable":true,"href":"http:\/\/fonax.eu\/index.php?rest_route=%2Fwp%2Fv2%2Fproduct_cat&post=137"},{"taxonomy":"product_tag","embeddable":true,"href":"http:\/\/fonax.eu\/index.php?rest_route=%2Fwp%2Fv2%2Fproduct_tag&post=137"}],"curies":[{"name":"wp","href":"https:\/\/api.w.org\/{rel}","templated":true}]}}