{"id":133,"date":"2024-09-17T14:54:58","date_gmt":"2024-09-17T12:54:58","guid":{"rendered":"http:\/\/fonax.eu\/?post_type=product&#038;p=133"},"modified":"2024-10-22T16:19:54","modified_gmt":"2024-10-22T14:19:54","slug":"test-impulsow-glowy-ehit-usb","status":"publish","type":"product","link":"http:\/\/fonax.eu\/?product=test-impulsow-glowy-ehit-usb","title":{"rendered":"Test impuls\u00f3w g\u0142owy (pchni\u0119cia g\u0142ow\u0105) eHIT USB"},"content":{"rendered":"<p>eHIT to kompletny system do badania kana\u0142\u00f3w p\u00f3\u0142kolistych.. eHIT USB (Video Head Impuls Test) zosta\u0142 stworzony dla codziennej praktyki lekarskiej jak r\u00f3wnie\u017c do zastosowania klinicznego. Zachwyca ogromem r\u00f3\u017cnorodnych, \u0142atwych w obs\u0142udze funkcji.\u00a0 Wiele bada\u0144 pokazuje, \u017ce Head Impulse Test powinien by\u0107 stosowany do diagnozy przedsionkowej. Znacz\u0105co minimalizuje stres pacjenta podczas badania. Posiada w masce dwa zintegrowane 3-osiowe \u017cyroskopy dla optymalnego wykrywania ruchu g\u0142owy i kolejne dwa 3-osiowe czujniki przyspieszenia do obliczania po\u0142o\u017cenia w przestrzeni.<\/p>\n<p>Wszystkie badania przeprowadzone s\u0105 przy u\u017cyciu jednej maski (test kaloryczny, optokinetyczny, na krze\u015ble obrotowym, HIT)!<\/p>\n<p>Specyfikacja:<br \/>\n\u2022 HOR, VOR, LARP, RALP<br \/>\n\u2022 maska z \u017cyroskopem 3D<br \/>\n\u2022 USB 2.0<br \/>\n\u2022 na pro\u015bb\u0119 eHIT i eVNG w jednym systemie<br \/>\n\u2022 Canalogramm Walther&#8217;a<br \/>\n\u2022 praca w sieci<br \/>\n\u2022 rozdzielczo\u015b\u0107 przestrzenna&lt; 0,2\u00b0,<br \/>\n\u2022 obszar obrazu 520 x 360<br \/>\n\u2022 sensor szybkiego obrazu 1280 x 1024<br \/>\n\u2022 innowacyjna prezentacja wynik\u00f3w<br \/>\n\u2022 przycisk no\u017cny<br \/>\n\u2022 kompatybilny z Windows XP (32\/64Bit),<br \/>\nWindows Vista (32\/64 Bit),Windows 7.0 (32\/64Bit)<\/p>\n<p>Przetwarzanie wideo:<br \/>\n\u2022 poprawa stosunku sygna\u0142u do szumu<br \/>\n\u2022 optymalne przetwarzanie obrazu<br \/>\n\u2022 ostro\u015b\u0107 r\u0119cznie regulowana<br \/>\n\u2022 100Hz nagrywania true wideo<br \/>\n\u2022 powolny ruch wy\u015bwietlania impuls\u00f3w<\/p>\n<p>Pomiary ruch\u00f3w g\u0142owy:<br \/>\n\u2022 800 Hz<br \/>\n\u2022 maska nie ze\u015blizguje si\u0119 z twarzy<br \/>\n\u2022 wygoda noszenia<\/p>\n<p>&nbsp;<\/p>\n<p><strong>Pobierz katalog <a href=\"http:\/\/fonax.eu\/wp-content\/uploads\/2024\/09\/System-eHIT.pdf\" target=\"_blank\" rel=\"noopener\">System eHIT<\/a><\/strong><\/p>\n<p>&nbsp;<\/p>\n<p><iframe loading=\"lazy\" title=\"eHIT - Examination of the horizontal semicircular canals\" width=\"1140\" height=\"641\" src=\"https:\/\/www.youtube.com\/embed\/KG-68nySyxA?feature=oembed\" frameborder=\"0\" allow=\"accelerometer; autoplay; clipboard-write; encrypted-media; gyroscope; picture-in-picture; web-share\" referrerpolicy=\"strict-origin-when-cross-origin\" allowfullscreen><\/iframe><\/p>\n","protected":false},"excerpt":{"rendered":"<p>eHIT to kompletny system do badania kana\u0142\u00f3w p\u00f3\u0142kolistych.\u00a0 Wszystkie badania przeprowadzone s\u0105 przy u\u017cyciu jednej maski (test kaloryczny, optokinetyczny, na krze\u015ble obrotowym, HIT)!<\/p>\n","protected":false},"featured_media":136,"comment_status":"open","ping_status":"closed","template":"","meta":[],"product_cat":[17,30],"product_tag":[28,35,29],"class_list":{"0":"post-133","1":"product","2":"type-product","3":"status-publish","4":"has-post-thumbnail","6":"product_cat-larynglogia","7":"product_cat-uklad-rownowagi","8":"product_tag-biomed","9":"product_tag-hit","10":"product_tag-vng","12":"first","13":"onbackorder","14":"taxable","15":"shipping-taxable","16":"purchasable","17":"product-type-simple"},"jetpack_sharing_enabled":true,"_links":{"self":[{"href":"http:\/\/fonax.eu\/index.php?rest_route=\/wp\/v2\/product\/133","targetHints":{"allow":["GET"]}}],"collection":[{"href":"http:\/\/fonax.eu\/index.php?rest_route=\/wp\/v2\/product"}],"about":[{"href":"http:\/\/fonax.eu\/index.php?rest_route=\/wp\/v2\/types\/product"}],"replies":[{"embeddable":true,"href":"http:\/\/fonax.eu\/index.php?rest_route=%2Fwp%2Fv2%2Fcomments&post=133"}],"wp:featuredmedia":[{"embeddable":true,"href":"http:\/\/fonax.eu\/index.php?rest_route=\/wp\/v2\/media\/136"}],"wp:attachment":[{"href":"http:\/\/fonax.eu\/index.php?rest_route=%2Fwp%2Fv2%2Fmedia&parent=133"}],"wp:term":[{"taxonomy":"product_cat","embeddable":true,"href":"http:\/\/fonax.eu\/index.php?rest_route=%2Fwp%2Fv2%2Fproduct_cat&post=133"},{"taxonomy":"product_tag","embeddable":true,"href":"http:\/\/fonax.eu\/index.php?rest_route=%2Fwp%2Fv2%2Fproduct_tag&post=133"}],"curies":[{"name":"wp","href":"https:\/\/api.w.org\/{rel}","templated":true}]}}