{"id":124,"date":"2024-09-17T12:11:18","date_gmt":"2024-09-17T10:11:18","guid":{"rendered":"http:\/\/fonax.eu\/?post_type=product&#038;p=124"},"modified":"2024-09-17T12:17:33","modified_gmt":"2024-09-17T10:17:33","slug":"videonystagmograf-evng-usb","status":"publish","type":"product","link":"http:\/\/fonax.eu\/?product=videonystagmograf-evng-usb","title":{"rendered":"Videonystagmograf eVNG USB"},"content":{"rendered":"<p>Przyjazny dla u\u017cytkownika system do video nystagmografii eVNG USB<\/p>\n<p>Maska Videonystagmografu eVNG USB wyposa\u017cona jest w dwie niezale\u017cne kamery do \u015bledzenia ruchu obu oczu jednocze\u015bnie. Oprogramowanie umo\u017cliwia rejestracj\u0119 obuoczn\u0105, oka lewego lub prawego. Zapis ruchu dokonywany jest niezale\u017cnie i osobno dla oka lewego i prawego bez wyg\u0142adzania. Budowa maski pozwala na przeprowadzanie test\u00f3w kalorycznych w zaciemnieniu lub po zdj\u0119ciu magnetycznej klapki, np. test\u00f3w optokinetycznych. Konstrukcja maski umo\u017cliwia swobodne patrzenie pacjenta na wprost, w g\u00f3r\u0119 \/ d\u00f3\u0142, w prawo \/ lewo dla obu oczu jednocze\u015bnie. Wbudowane diody, sterowane oprogramowaniem, umo\u017cliwiaj\u0105 fiksacj\u0119 wzroku.<\/p>\n<p>&nbsp;<\/p>\n<p>Parametry techniczne<br \/>\n\u2022 Rozdzielczo\u015b\u0107 obrazu z kamery: 1280 (H) x 1024 (V)<br \/>\n\u2022 Obrazowanie: 100Hz (100 obraz\u00f3w \/s) w trybie obuocznym<br \/>\n\u2022 Rozdzielczo\u015b\u0107 kamer: 10<br \/>\n\u2022 Polska wersja j\u0119zykowa oprogramowania<br \/>\n\u2022 Podgl\u0105d obrazu w czasie rzeczywistym<br \/>\n\u2022 Kalkulacja wszystkich istotnych parametr\u00f3w<br \/>\n\u2022 Regulacja ostro\u015bci obrazu, niezale\u017cna dla ka\u017cdej z kamer<br \/>\n\u2022 Prze\u017aroczyste lustra z regulacj\u0105 k\u0105ta ustawienia<br \/>\n\u2022 Oprogramowanie kompatybilne z systemem Windows 10<br \/>\n\u2022 Zasilanie: 5V &#8211; port USB<br \/>\n\u2022 O\u015bwietlenie zgodne z EN 60825-1<br \/>\n\u2022 Waga maski 350g<br \/>\n\u2022 Klasa urz\u0105dzenia: II Typ B zgodnie z EN 60601-1<br \/>\n\u2022 Rodzaj ochrony: IPX<\/p>\n<p><strong>Pobierz katalog\u00a0<a href=\"http:\/\/fonax.eu\/wp-content\/uploads\/2024\/09\/eVNG-USB.pdf\" target=\"_blank\" rel=\"noopener\">eVNG USB<\/a><\/strong><\/p>\n","protected":false},"excerpt":{"rendered":"<p>Przyjazny dla u\u017cytkownika system do video nystagmografii eVNG USB <a href=\"http:\/\/fonax.eu\/wp-content\/uploads\/2024\/09\/eVNG-USB.pdf\">eVNG USB<\/a><\/p>\n","protected":false},"featured_media":126,"comment_status":"open","ping_status":"closed","template":"","meta":[],"product_cat":[17,30],"product_tag":[28,29],"class_list":{"0":"post-124","1":"product","2":"type-product","3":"status-publish","4":"has-post-thumbnail","6":"product_cat-larynglogia","7":"product_cat-uklad-rownowagi","8":"product_tag-biomed","9":"product_tag-vng","11":"first","12":"instock","13":"taxable","14":"shipping-taxable","15":"purchasable","16":"product-type-simple"},"jetpack_sharing_enabled":true,"_links":{"self":[{"href":"http:\/\/fonax.eu\/index.php?rest_route=\/wp\/v2\/product\/124","targetHints":{"allow":["GET"]}}],"collection":[{"href":"http:\/\/fonax.eu\/index.php?rest_route=\/wp\/v2\/product"}],"about":[{"href":"http:\/\/fonax.eu\/index.php?rest_route=\/wp\/v2\/types\/product"}],"replies":[{"embeddable":true,"href":"http:\/\/fonax.eu\/index.php?rest_route=%2Fwp%2Fv2%2Fcomments&post=124"}],"wp:featuredmedia":[{"embeddable":true,"href":"http:\/\/fonax.eu\/index.php?rest_route=\/wp\/v2\/media\/126"}],"wp:attachment":[{"href":"http:\/\/fonax.eu\/index.php?rest_route=%2Fwp%2Fv2%2Fmedia&parent=124"}],"wp:term":[{"taxonomy":"product_cat","embeddable":true,"href":"http:\/\/fonax.eu\/index.php?rest_route=%2Fwp%2Fv2%2Fproduct_cat&post=124"},{"taxonomy":"product_tag","embeddable":true,"href":"http:\/\/fonax.eu\/index.php?rest_route=%2Fwp%2Fv2%2Fproduct_tag&post=124"}],"curies":[{"name":"wp","href":"https:\/\/api.w.org\/{rel}","templated":true}]}}