{"id":113,"date":"2024-09-05T13:54:15","date_gmt":"2024-09-05T11:54:15","guid":{"rendered":"http:\/\/fonax.eu\/?post_type=product&#038;p=113"},"modified":"2024-10-22T16:16:07","modified_gmt":"2024-10-22T14:16:07","slug":"otoesmisje-akustyczne-te-oae","status":"publish","type":"product","link":"http:\/\/fonax.eu\/?product=otoesmisje-akustyczne-te-oae","title":{"rendered":"Otoesmisje akustyczne TE-OAE"},"content":{"rendered":"<p>Urz\u0105dzenie do rejestracji otoemisji akustycznych T-OAE 4000 blue line<\/p>\n<p>W systemie TE-OAE dane pomiarowe klasyfikowane s\u0105 wed\u0142ug w\u0142asno\u015bci statyki i dynamiki sygna\u0142owej. Wynik przekazywany jest do systemu ekspertowego przez interface w postaci<br \/>\nwektor\u00f3w parametr\u00f3w. W systemie ekspertowym wektory parametr\u00f3w por\u00f3wnywane s\u0105 z zapisanymi wcze\u015bniej przyk\u0142adami. Lekarze specjali\u015bci wykonali i ocenili ponad 10.000 pomiar\u00f3w otoemisji<br \/>\nakustycznych. W ci\u0105gu kilku sekund aktualne dane pomiarowe za ka\u017cdym razem s\u0105 automatycznie por\u00f3wnywane i oceniane z wcze\u015bniej zapami\u0119tanymi danymi. Wskazywane s\u0105 tak\u017ce komponenty SOAE,<br \/>\nT-OAE oraz artefakty. Modu\u0142 analizy sk\u0142ada si\u0119 ze sztucznej sieci neuronowej uzupe\u0142nianej przez logik\u0119 rozmyt\u0105. System zapewnia obiektywne wyniki sprawdzania s\u0142uchu, kt\u00f3re por\u00f3wnywalne s\u0105 z diagnoz\u0105 lekarzy specjalist\u00f3w. Tak jak przy klasycznym pomiarze OAE wszystkie wa\u017cne krzywe i dane prezentowane s\u0105 na ekranie i wydruku<\/p>\n<p>Dane techniczne:<br \/>\nWymagania systemowe: min Pentium 800MHz, Win 98\/Me\/2000\/XP<br \/>\nNormy: EN 60601-1\/1-1\/1-2 \/ MPG \/ NUB<br \/>\nBodziec: poczw\u00f3rny trzask (3poz. \/ 1neg.) pr\u0119dko\u015b\u0107 20ms<br \/>\nIntensywno\u015b\u0107: ok. 80dB z automatyczn\u0105 kontrol\u0105 wzmocnienia<br \/>\nSonda: miniaturowa z wentylacj\u0105, kontrolowana przez FFT<br \/>\nKonwerter: 12Bit \/ 100kHz<br \/>\nWzmacniacz: 80dB z automatyczn\u0105 kontrol\u0105 wzmocnienia<br \/>\nPomiar: r\u0119czna regulacja 16,32,64,128,256,512 trzask\u00f3w<br \/>\nArtefakty: automatyczne rozpoznawanie i eliminowanie artefakt\u00f3w<br \/>\nPrezentacja wynik\u00f3w: okno z dwoma wsp\u00f3\u0142zale\u017cnymi pomiary w dziedzinie czasu, okno emisji spontanicznej w dziedzinie czasu, maximum emisji, spektrum stymulacji<br \/>\nw czasie rzeczywistym, spektrum emisji \/ spektrum szum\u00f3w, stosunek cz\u0119stotliwo\u015bci do czasu, wsp\u00f3\u0142czynnik<br \/>\nSNR, stabilno\u015b\u0107, powielanie, liczba artefakt\u00f3w i poprawnych odpowiedzi, automatyczna analiza wynik\u00f3w przez system (na pewno pozytywny, pozytywny, prawdopodobnie pozytywny, negatywny, na pewno<br \/>\nnegatywny)<\/p>\n<p>Wymiary\/waga: szer. 290 x g\u0142\u0119. 250 x wys. 75mm \/ 1,8kg<br \/>\nPrzew\u00f3d: 2m elastyczny z klipsem podtrzymuj\u0105cym<br \/>\nPob\u00f3r mocy: 15W<br \/>\nAkcesoria: miniaturowa sonda, komplet 30 nak\u0142adek<br \/>\nw 5 rozmiarach, zasilacz, przew\u00f3d USB 2.0,<br \/>\nCD z oprogramowaniem, instrukcja obs\u0142ugi.<\/p>\n","protected":false},"excerpt":{"rendered":"<p>Urz\u0105dzenie do rejestracji otoemisji akustycznych T-OAE 4000 blue line<\/p>\n","protected":false},"featured_media":114,"comment_status":"open","ping_status":"closed","template":"","meta":[],"product_cat":[17],"product_tag":[18,27],"class_list":{"0":"post-113","1":"product","2":"type-product","3":"status-publish","4":"has-post-thumbnail","6":"product_cat-larynglogia","7":"product_tag-homoth","8":"product_tag-otoemisje","10":"first","11":"onbackorder","12":"taxable","13":"shipping-taxable","14":"purchasable","15":"product-type-simple"},"jetpack_sharing_enabled":true,"_links":{"self":[{"href":"http:\/\/fonax.eu\/index.php?rest_route=\/wp\/v2\/product\/113","targetHints":{"allow":["GET"]}}],"collection":[{"href":"http:\/\/fonax.eu\/index.php?rest_route=\/wp\/v2\/product"}],"about":[{"href":"http:\/\/fonax.eu\/index.php?rest_route=\/wp\/v2\/types\/product"}],"replies":[{"embeddable":true,"href":"http:\/\/fonax.eu\/index.php?rest_route=%2Fwp%2Fv2%2Fcomments&post=113"}],"wp:featuredmedia":[{"embeddable":true,"href":"http:\/\/fonax.eu\/index.php?rest_route=\/wp\/v2\/media\/114"}],"wp:attachment":[{"href":"http:\/\/fonax.eu\/index.php?rest_route=%2Fwp%2Fv2%2Fmedia&parent=113"}],"wp:term":[{"taxonomy":"product_cat","embeddable":true,"href":"http:\/\/fonax.eu\/index.php?rest_route=%2Fwp%2Fv2%2Fproduct_cat&post=113"},{"taxonomy":"product_tag","embeddable":true,"href":"http:\/\/fonax.eu\/index.php?rest_route=%2Fwp%2Fv2%2Fproduct_tag&post=113"}],"curies":[{"name":"wp","href":"https:\/\/api.w.org\/{rel}","templated":true}]}}