{"id":107,"date":"2024-09-05T13:26:17","date_gmt":"2024-09-05T11:26:17","guid":{"rendered":"http:\/\/fonax.eu\/?post_type=product&#038;p=107"},"modified":"2024-10-29T16:09:12","modified_gmt":"2024-10-29T15:09:12","slug":"combi-4000m-blue-line-tympanometr-z-rynomanometrem","status":"publish","type":"product","link":"http:\/\/fonax.eu\/?product=combi-4000m-blue-line-tympanometr-z-rynomanometrem","title":{"rendered":"COMBI 4000M Blue line Tympanometr z Rynomanometrem"},"content":{"rendered":"<p style=\"text-align: left;\">COMBI 4000M jest to rynomanometr (RHINO 4000M) i tympanometr (TYMP 4000M) w jednym urz\u0105dzeniu. Po\u0142\u0105czenie takie gwarantuje oszcz\u0119dno\u015b\u0107 miejsca oraz koszt\u00f3w. Urz\u0105dzenie pracuje jako modu\u0142 do komputera, wydruk i obs\u0142uga z klawiatury koputera<\/p>\n<p style=\"text-align: left;\">Rynomanometr s\u0142u\u017cy do badania przep\u0142ywu powietrza w g\u00f3rnych odcinakach przewod\u00f3w nosowych.<br \/>\nUmo\u017cliwia przeprowadzenie pomiaru na dwa sposoby: poprzez oliwki nosowe lub opcjonaln\u0105 mask\u0119 na nos i usta.<br \/>\nTympanometr umo\u017cliwia przeprowadzenie pe\u0142nego, automatycznego testu impedancyjnego w przeci\u0105gu kilku sekund.<br \/>\nUrz\u0105dzenie mo\u017ce by\u0107 wykorzystywane w praktyce lekarskiej oraz klinicznej. Obs\u0142uga jest prosta i intuicyjna.<br \/>\nWszystkie funkcje oraz wyniki pomiar\u00f3w prezentowane s\u0105 na wy\u015bwietlaczu LCD, dzi\u0119ki czemu mog\u0105 by\u0107 one<br \/>\nzweryfikowane pod wzgl\u0119dem poprawno\u015bci przed ich zapisaniem. Wyniki bada\u0144 mo\u017cna wydrukowa\u0107 na wbudowanej drukarce termicznej.<\/p>\n<p><strong>Dane techniczne:<\/strong><br \/>\n<strong>Tympanometr<\/strong><br \/>\nStandardy: EN 60601-1\/1-1\/1-2 i MPG<br \/>\nTon pomiarowy: 226Hz, 85 dB SPL<br \/>\nZakres ci\u015bnienia: +200 do -400 daPa<br \/>\nZmiana ci\u015bnienia: 300 daPa \/ sek.<br \/>\nCzas pomiaru: 2 sek. (podatno\u015b\u0107)<br \/>\nTony odruch\u00f3w: 500, 1000, 2000 i 4000 Hz przy 85, 95 i 105 dB HL<br \/>\nSekwencja tonu: automatyczna<br \/>\nRozpoznanie odruch\u00f3w: automatyczne<br \/>\nPr\u00f3g odruch\u00f3w: regulowany przez software<br \/>\nBadanie odruch\u00f3w: ipsilateralne i kontra lateralne (opcja)<br \/>\nTest zanikania odruch\u00f3w: ustawiany r\u0119cznie<br \/>\nKalibracja ci\u015bnienia: automatyczna przy starcie<br \/>\nWska\u017anik stanu: 3-kolorowa dioda w sondzie<br \/>\nZmiana stron: automatyczna lub r\u0119czna<br \/>\nPompa powietrzna: bardzo cicha pompa t\u0142okowa<\/p>\n<p><strong>Rynomanometr<\/strong><br \/>\nZastosowania: okre\u015blanie wp\u0142ywu pr\u00f3b alergicznych,<br \/>\ndiagnoza nosa po z\u0142amaniach, kontrola funkcjonalno\u015bci<br \/>\nnosa po operacji i po podaniu lek\u00f3w<br \/>\nMetoda pomiaru: przep\u0142ywu przedniego odcinka przewod\u00f3w nosowych<br \/>\nStandardy: EN 60601-1\/1-1\/1-2\/MPG<br \/>\nPrzep\u0142yw powietrza: 0\u2013900ml\/s przy wdechu i wydechu<br \/>\nR\u00f3\u017cnice ci\u015bnie\u0144: 0 &#8211; 50 daPa<br \/>\nKontrola: 2 linie pomiarowe na wy\u015bwietlaczu<br \/>\nU\u015brednienie: 5 krzywych przep\u0142ywu<br \/>\nKalibracja ci\u015bnienia: automatyczna, po uruchomieniu urz\u0105dzenia<br \/>\nPrzedstawienie wynik\u00f3w: na wykresie oraz numerycznie<br \/>\nPrezentowane warto\u015bci: 1. ci\u015bnienie w daPa<br \/>\n2. przep\u0142yw w ml\/s<br \/>\n3. ca\u0142kowity przep\u0142yw<br \/>\n4. procentowy<br \/>\n5. wsp\u00f3\u0142czynnik opor\u00f3w<br \/>\npkt. 2-5 s\u0105 reprezentowane dla 75, 150 i 300 daPa<\/p>\n","protected":false},"excerpt":{"rendered":"<p>COMBI 4000M jest to rynomanometr (RHINO 4000M) i tympanometr (TYMP 4000M) w jednym urz\u0105dzeniu. Po\u0142\u0105czenie takie gwarantuje oszcz\u0119dno\u015b\u0107 miejsca oraz koszt\u00f3w. Urz\u0105dzenie pracuje jako modu\u0142 do komputera, wydruk i obs\u0142uga z klawiatury koputera<\/p>\n","protected":false},"featured_media":105,"comment_status":"open","ping_status":"closed","template":"","meta":[],"product_cat":[17,31],"product_tag":[24,18,23,19],"class_list":{"0":"post-107","1":"product","2":"type-product","3":"status-publish","4":"has-post-thumbnail","6":"product_cat-larynglogia","7":"product_cat-tympanometry","8":"product_tag-combi","9":"product_tag-homoth","10":"product_tag-rynomanomter","11":"product_tag-tympanometr","13":"first","14":"instock","15":"taxable","16":"shipping-taxable","17":"purchasable","18":"product-type-simple"},"jetpack_sharing_enabled":true,"_links":{"self":[{"href":"http:\/\/fonax.eu\/index.php?rest_route=\/wp\/v2\/product\/107","targetHints":{"allow":["GET"]}}],"collection":[{"href":"http:\/\/fonax.eu\/index.php?rest_route=\/wp\/v2\/product"}],"about":[{"href":"http:\/\/fonax.eu\/index.php?rest_route=\/wp\/v2\/types\/product"}],"replies":[{"embeddable":true,"href":"http:\/\/fonax.eu\/index.php?rest_route=%2Fwp%2Fv2%2Fcomments&post=107"}],"wp:featuredmedia":[{"embeddable":true,"href":"http:\/\/fonax.eu\/index.php?rest_route=\/wp\/v2\/media\/105"}],"wp:attachment":[{"href":"http:\/\/fonax.eu\/index.php?rest_route=%2Fwp%2Fv2%2Fmedia&parent=107"}],"wp:term":[{"taxonomy":"product_cat","embeddable":true,"href":"http:\/\/fonax.eu\/index.php?rest_route=%2Fwp%2Fv2%2Fproduct_cat&post=107"},{"taxonomy":"product_tag","embeddable":true,"href":"http:\/\/fonax.eu\/index.php?rest_route=%2Fwp%2Fv2%2Fproduct_tag&post=107"}],"curies":[{"name":"wp","href":"https:\/\/api.w.org\/{rel}","templated":true}]}}