{"id":101,"date":"2024-09-05T12:37:33","date_gmt":"2024-09-05T10:37:33","guid":{"rendered":"http:\/\/fonax.eu\/?post_type=product&#038;p=101"},"modified":"2024-10-29T16:11:10","modified_gmt":"2024-10-29T15:11:10","slug":"ultrasonograf-zatok-us4000","status":"publish","type":"product","link":"http:\/\/fonax.eu\/?product=ultrasonograf-zatok-us4000","title":{"rendered":"Ultrasonograf zatok US4000"},"content":{"rendered":"<p>Ultrasonograf US 4000M to urz\u0105dzenie do badania zatok przynosowych i czo\u0142owych za pomoc\u0105 ultrad\u017awi\u0119k\u00f3w.<br \/>\nAutomatyczny dob\u00f3r parametr\u00f3w pomiaru (skali i wzmocnienia) przy prza\u0142\u0105czaniu z zatoki szcz\u0119kowej na czo\u0142ow\u0105.<br \/>\nBezstopniowa cyfrowa regulacja wzmocnienia liniowego.<br \/>\nProste i szybkie badanie, nieszkodliwe dla dzieci i kobiet w ci\u0105\u017cy.<\/p>\n<p>&nbsp;<\/p>\n<p>Dane techniczne<br \/>\nSystem: modu\u0142 PC<br \/>\nWymagania dotycz\u0105ce komputera PC: Pentium PC od 500 MHz, port USB 2.0, Windows XP, 7, 8, 10 (32\/64 bit)<br \/>\nProces: tryb A<br \/>\nSonda: skupiona, \u015brednica 10mm<br \/>\nCz\u0119stotliwo\u015b\u0107 ultrad\u017awi\u0119kowa: 3,5 MHz<br \/>\nCz\u0119stotliwo\u015b\u0107 t\u0119tna: 120 Hz<br \/>\nMoc transmisji: 1,2 mW\/cm\u00b2<br \/>\nWzmocnienie sygna\u0142u: 80 dB<br \/>\nKompensacja bas\u00f3w: 20 dB<br \/>\nZakres pomiarowy: zatoka czo\u0142owa &#8211; 3,5 cm<br \/>\nZatoka szcz\u0119kowa &#8211; 7,5 cm<br \/>\nPrze\u0142\u0105czanie: automatyczne lub r\u0119czne za pomoc\u0105 prze\u0142\u0105cznika no\u017cnego<br \/>\nKrzywe kompensacyjne: \u2022 dla t\u0119tnicy szcz\u0119kowej<br \/>\n\u2022 dla frontalis<br \/>\n\u2022 na cysty<br \/>\n\u2022 dla ma\u0142ych sygna\u0142\u00f3w<br \/>\nLinia komentarza: na jaskini\u0119<br \/>\nDane pacjenta: Baza danych w formacie Paradox<br \/>\nZasilanie: 13,2 V, zew. Zasilanie 100-240V, 50\/60Hz, 30W<br \/>\nWymiary: 330 x 80 x 265 mm (szer. x wys. x g\u0142.)<br \/>\nAkcesoria: Sonda ultrad\u017awi\u0119kowa, butelka Sonogel, w\u0142\u0105cznik no\u017cny, uchwyt sondy, USB<br \/>\nKabel, p\u0142yta instalacyjna, zasilacz, instrukcja obs\u0142ugi<\/p>\n","protected":false},"excerpt":{"rendered":"<p>Ultrasonograf US 4000M to urz\u0105dzenie do badania zatok przynosowych i czo\u0142owych za pomoc\u0105 ultrad\u017awi\u0119k\u00f3w. Automatyczny dob\u00f3r parametr\u00f3w pomiaru (skali i wzmocnienia) przy prza\u0142\u0105czaniu z zatoki szcz\u0119kowej na czo\u0142ow\u0105. Bezstopniowa cyfrowa regulacja wzmocnienia liniowego. Proste i szybkie badanie, nieszkodliwe dla dzieci i kobiet w ci\u0105\u017cy. &nbsp;&hellip;<\/p>\n","protected":false},"featured_media":102,"comment_status":"open","ping_status":"closed","template":"","meta":[],"product_cat":[17],"product_tag":[33,32],"class_list":{"0":"post-101","1":"product","2":"type-product","3":"status-publish","4":"has-post-thumbnail","6":"product_cat-larynglogia","7":"product_tag-ultrasonograf-zatok","8":"product_tag-us","10":"first","11":"onbackorder","12":"taxable","13":"shipping-taxable","14":"purchasable","15":"product-type-simple"},"jetpack_sharing_enabled":true,"_links":{"self":[{"href":"http:\/\/fonax.eu\/index.php?rest_route=\/wp\/v2\/product\/101","targetHints":{"allow":["GET"]}}],"collection":[{"href":"http:\/\/fonax.eu\/index.php?rest_route=\/wp\/v2\/product"}],"about":[{"href":"http:\/\/fonax.eu\/index.php?rest_route=\/wp\/v2\/types\/product"}],"replies":[{"embeddable":true,"href":"http:\/\/fonax.eu\/index.php?rest_route=%2Fwp%2Fv2%2Fcomments&post=101"}],"wp:featuredmedia":[{"embeddable":true,"href":"http:\/\/fonax.eu\/index.php?rest_route=\/wp\/v2\/media\/102"}],"wp:attachment":[{"href":"http:\/\/fonax.eu\/index.php?rest_route=%2Fwp%2Fv2%2Fmedia&parent=101"}],"wp:term":[{"taxonomy":"product_cat","embeddable":true,"href":"http:\/\/fonax.eu\/index.php?rest_route=%2Fwp%2Fv2%2Fproduct_cat&post=101"},{"taxonomy":"product_tag","embeddable":true,"href":"http:\/\/fonax.eu\/index.php?rest_route=%2Fwp%2Fv2%2Fproduct_tag&post=101"}],"curies":[{"name":"wp","href":"https:\/\/api.w.org\/{rel}","templated":true}]}}