{"id":75,"date":"2024-08-28T08:26:42","date_gmt":"2024-08-28T06:26:42","guid":{"rendered":"http:\/\/fonax.eu\/?page_id=75"},"modified":"2024-10-21T16:05:20","modified_gmt":"2024-10-21T14:05:20","slug":"o-nas","status":"publish","type":"page","link":"http:\/\/fonax.eu\/?page_id=75","title":{"rendered":"O nas"},"content":{"rendered":"<div class=\"wp-block-group alignfull\" style=\"padding-top:var(--wp--preset--spacing--50);padding-right:var(--wp--preset--spacing--50);padding-bottom:var(--wp--preset--spacing--50);padding-left:var(--wp--preset--spacing--50)\"><div class=\"wp-block-group__inner-container is-layout-constrained wp-container-core-group-is-layout-f4d13f5d wp-block-group-is-layout-constrained\"><div class=\"wp-block-group\"><div class=\"wp-block-group__inner-container is-layout-constrained wp-container-core-group-is-layout-04692c70 wp-block-group-is-layout-constrained\"><p><em>Videomed Zak\u0142ad Elektroniczny Justyn Skrz\u0119tnicki to firma za\u0142o\u017cona w 1989 roku<\/em>. <em>Specjalizujemy si\u0119 w nowoczesnych rozwi\u0105zaniach dla medycyny, w tym produkcji audiometr\u00f3w i oprogramowania.<\/em><br><em>Jeste\u015bmy dystrybutorem sprz\u0119tu medycznego m.in dla laryngologii i ginekologii.<\/em> <br><em>Zajmujemy si\u0119 serwisem i napraw\u0105 sprz\u0119tu laryngologicznego, w tym kalibracj\u0105 audiometr\u00f3w.<\/em><br><em>Je\u015bli masz szczeg\u00f3\u0142owe pytania dotycz\u0105ce produkt\u00f3w lub us\u0142ug oferowanych przez Videomed, daj zna\u0107!<\/em><\/p><\/div><\/div><\/div><\/div><p><\/p><div class=\"wp-block-group\"><div class=\"wp-block-group__inner-container is-layout-constrained wp-container-core-group-is-layout-04692c70 wp-block-group-is-layout-constrained\"><p><em><strong>Kontakt:<\/strong><\/em><\/p>\n\n<p><strong>Videomed Zak\u0142ad Elektroniczny Justyn Skrz\u0119tnicki<\/strong><\/p>\n\n<p><strong>ul. Klonowa 18 58-310 Szczawno-Zdr\u00f3j<\/strong><\/p>\n\n<p><strong>tel. 748432829 \/ 508349875 \/ 508287259<\/strong><\/p>\n\n<p><strong>email: info@videomed.eu<\/strong><\/p><\/div><\/div><div class=\"wp-block-group alignfull\" style=\"padding-top:var(--wp--preset--spacing--50);padding-right:var(--wp--preset--spacing--50);padding-bottom:var(--wp--preset--spacing--50);padding-left:var(--wp--preset--spacing--50)\"><div class=\"wp-block-group__inner-container is-layout-constrained wp-container-core-group-is-layout-f4d13f5d wp-block-group-is-layout-constrained\"><figure class=\"wp-block-image size-full\"><img loading=\"lazy\" decoding=\"async\" width=\"997\" height=\"1011\" src=\"http:\/\/fonax.eu\/wp-content\/uploads\/2024\/10\/Videomed-na-www.jpg\" alt=\"\" class=\"wp-image-180\" srcset=\"http:\/\/fonax.eu\/wp-content\/uploads\/2024\/10\/Videomed-na-www.jpg 997w, http:\/\/fonax.eu\/wp-content\/uploads\/2024\/10\/Videomed-na-www-100x100.jpg 100w, http:\/\/fonax.eu\/wp-content\/uploads\/2024\/10\/Videomed-na-www-600x608.jpg 600w, http:\/\/fonax.eu\/wp-content\/uploads\/2024\/10\/Videomed-na-www-296x300.jpg 296w, http:\/\/fonax.eu\/wp-content\/uploads\/2024\/10\/Videomed-na-www-768x779.jpg 768w\" sizes=\"auto, (max-width: 997px) 100vw, 997px\" \/><\/figure><\/div><\/div><p><\/p>","protected":false},"excerpt":{"rendered":"<p>Videomed Zak\u0142ad Elektroniczny Justyn Skrz\u0119tnicki to firma za\u0142o\u017cona w 1989 roku. Specjalizujemy si\u0119 w nowoczesnych rozwi\u0105zaniach dla medycyny, w tym produkcji audiometr\u00f3w i oprogramowania.Jeste\u015bmy dystrybutorem sprz\u0119tu medycznego m.in dla laryngologii i ginekologii. Zajmujemy si\u0119 serwisem i napraw\u0105 sprz\u0119tu laryngologicznego, w tym kalibracj\u0105 audiometr\u00f3w.Je\u015bli masz szczeg\u00f3\u0142owe&hellip;<\/p>\n","protected":false},"author":1,"featured_media":0,"parent":0,"menu_order":0,"comment_status":"closed","ping_status":"closed","template":"","meta":{"footnotes":""},"class_list":["post-75","page","type-page","status-publish","hentry"],"jetpack_sharing_enabled":true,"_links":{"self":[{"href":"http:\/\/fonax.eu\/index.php?rest_route=\/wp\/v2\/pages\/75","targetHints":{"allow":["GET"]}}],"collection":[{"href":"http:\/\/fonax.eu\/index.php?rest_route=\/wp\/v2\/pages"}],"about":[{"href":"http:\/\/fonax.eu\/index.php?rest_route=\/wp\/v2\/types\/page"}],"author":[{"embeddable":true,"href":"http:\/\/fonax.eu\/index.php?rest_route=\/wp\/v2\/users\/1"}],"replies":[{"embeddable":true,"href":"http:\/\/fonax.eu\/index.php?rest_route=%2Fwp%2Fv2%2Fcomments&post=75"}],"version-history":[{"count":13,"href":"http:\/\/fonax.eu\/index.php?rest_route=\/wp\/v2\/pages\/75\/revisions"}],"predecessor-version":[{"id":248,"href":"http:\/\/fonax.eu\/index.php?rest_route=\/wp\/v2\/pages\/75\/revisions\/248"}],"wp:attachment":[{"href":"http:\/\/fonax.eu\/index.php?rest_route=%2Fwp%2Fv2%2Fmedia&parent=75"}],"curies":[{"name":"wp","href":"https:\/\/api.w.org\/{rel}","templated":true}]}}